{"id":2087,"date":"2024-07-03T17:38:55","date_gmt":"2024-07-03T15:42:20","guid":{"rendered":"https:\/\/experiments.school\/?post_type=product&#038;p=2087"},"modified":"2024-07-03T17:45:32","modified_gmt":"2024-07-03T15:45:32","slug":"042-electroscope","status":"publish","type":"product","link":"https:\/\/experiments.school\/fr\/produkt\/042-electroscope\/","title":{"rendered":"042 &#8211; \u00c9lectroscope"},"content":{"rendered":"","protected":false},"excerpt":{"rendered":"<h2><strong>Instrument pour indiquer les charges \u00e9lectriques\u00a0\u00a0<\/strong><\/h2>\n<h2><strong>Indicateur de charge\u00a0\u00a0<\/strong><\/h2>\n<h2><strong>Indicateur de l\u2019intensit\u00e9 du champ \u00e9lectrique\u00a0\u00a0<\/strong><\/h2>\n<p>&nbsp;<\/p>\n<h2><span data-contrast=\"auto\">Introduction \u00e0: <\/span><span data-ccp-props=\"{&quot;201341983&quot;:0,&quot;335559739&quot;:160,&quot;335559740&quot;:259}\">\u00a0<\/span><\/h2>\n<ul>\n<li><span data-contrast=\"auto\">Charge \u00e9lectrostatique\u00a0<\/span><span data-ccp-props=\"{&quot;201341983&quot;:0,&quot;335559739&quot;:160,&quot;335559740&quot;:259}\">\u00a0<\/span><\/li>\n<li><span data-contrast=\"auto\">R\u00e9pulsion \u00e9lectrostatique des charges du m\u00eame nom\u00a0<\/span><span data-ccp-props=\"{&quot;201341983&quot;:0,&quot;335559739&quot;:160,&quot;335559740&quot;:259}\">\u00a0<\/span><\/li>\n<li><span data-contrast=\"auto\">Induction\u00a0<\/span><span data-ccp-props=\"{&quot;201341983&quot;:0,&quot;335559739&quot;:160,&quot;335559740&quot;:259}\">\u00a0<\/span><\/li>\n<li><span data-contrast=\"auto\">Transport de charges \u00e9lectriques\u00a0<\/span><span data-ccp-props=\"{&quot;201341983&quot;:0,&quot;335559739&quot;:160,&quot;335559740&quot;:259}\">\u00a0<\/span><\/li>\n<\/ul>\n[video width=\"1920\" height=\"1080\" mp4=\"https:\/\/experiments.school\/wp-content\/uploads\/2024\/06\/042-video-end.mp4\"][\/video]\n<p>&nbsp;<\/p>\n<h2><span data-contrast=\"auto\">Mat\u00e9riel:\u00a0<\/span><span data-ccp-props=\"{&quot;201341983&quot;:0,&quot;335559739&quot;:160,&quot;335559740&quot;:259}\">\u00a0<\/span><\/h2>\n<ul>\n<li><span data-contrast=\"auto\">Pot de conserve (propre, transparent)\u00a0<\/span><\/li>\n<li>Couvercle en plastique<\/li>\n<li>Fil de fer (environ 15 cm de long) \/ trombone<\/li>\n<li>Papier d\u2019aluminium (quelques centim\u00e8tres carr\u00e9s)<\/li>\n<li>Tube en PVC \/ R\u00e8gle en plastique \/ Ballon<\/li>\n<li>Laine de mouton \/ laine \/ un morceau de tissu<\/li>\n<li>Colle \/ Colle chaude\u00a0<span data-ccp-props=\"{&quot;201341983&quot;:0,&quot;335559739&quot;:160,&quot;335559740&quot;:259}\">\u00a0<\/span><\/li>\n<li><span data-contrast=\"auto\">Poin\u00e7on \/ Ciseaux\u00a0<\/span><span data-ccp-props=\"{&quot;201341983&quot;:0,&quot;335559739&quot;:160,&quot;335559740&quot;:259}\">\u00a0<\/span><\/li>\n<li><span data-contrast=\"auto\">Pinces\u00a0<\/span><span data-ccp-props=\"{&quot;201341983&quot;:0,&quot;335559739&quot;:160,&quot;335559740&quot;:259}\">\u00a0<\/span><\/li>\n<li><span data-contrast=\"auto\">Ciseaux\u00a0<\/span><span data-ccp-props=\"{&quot;201341983&quot;:0,&quot;335559739&quot;:160,&quot;335559740&quot;:259}\">\u00a0<\/span><\/li>\n<\/ul>\n<h2><span data-contrast=\"auto\">Montage:\u00a0<\/span><span data-ccp-props=\"{&quot;201341983&quot;:0,&quot;335559739&quot;:160,&quot;335559740&quot;:259}\">\u00a0<\/span><\/h2>\n<ul>\n<li><span data-contrast=\"auto\">Percez un trou au milieu du couvercle avec le poin\u00e7on\u00a0<\/span><span data-ccp-props=\"{&quot;201341983&quot;:0,&quot;335559739&quot;:160,&quot;335559740&quot;:259}\">\u00a0<\/span><\/li>\n<li><span data-contrast=\"auto\">Poussez le fil \u00e0 travers le trou\u00a0<\/span><span data-ccp-props=\"{&quot;201341983&quot;:0,&quot;335559739&quot;:160,&quot;335559740&quot;:259}\">\u00a0<\/span><\/li>\n<li><span data-contrast=\"auto\">Pliez le fil \u00e0 l\u2019aide de la pince: un anneau en haut et un crochet en bas<\/span><span data-ccp-props=\"{&quot;201341983&quot;:0,&quot;335559739&quot;:160,&quot;335559740&quot;:259}\">\u00a0<\/span><\/li>\n<li><span data-contrast=\"auto\">Fixez-le au couvercle avec de la colle\u00a0<\/span><span data-ccp-props=\"{&quot;201341983&quot;:0,&quot;335559739&quot;:160,&quot;335559740&quot;:259}\">\u00a0<\/span><\/li>\n<li><span data-contrast=\"auto\">Coupez deux bandes de plusieurs centim\u00e8tres de long et d\u2019environ un centim\u00e8tre de large dans le papier d\u2019aluminium\u00a0<\/span><span data-ccp-props=\"{&quot;201341983&quot;:0,&quot;335559739&quot;:160,&quot;335559740&quot;:259}\">\u00a0<\/span><\/li>\n<li><span data-contrast=\"auto\">Percez des trous aux extr\u00e9mit\u00e9s des bandes d\u2019aluminium\u00a0<\/span><span data-ccp-props=\"{&quot;201341983&quot;:0,&quot;335559739&quot;:160,&quot;335559740&quot;:259}\">\u00a0<\/span><\/li>\n<li><span data-contrast=\"auto\">Accrochez les bandes de papier d\u2019aluminium aux crochets. Assurez-vous qu\u2019ils se touchent l\u00e9g\u00e8rement<\/span><\/li>\n<li><span data-contrast=\"auto\">Fermez le bocal avec le couvercle\u00a0<\/span><span data-ccp-props=\"{&quot;201341983&quot;:0,&quot;335559739&quot;:160,&quot;335559740&quot;:259}\">\u00a0<\/span><\/li>\n<\/ul>\n<h2><strong>Exp\u00e9rimentations possibles avec l\u2019\u00e9lectricit\u00e9 de frottement: \u00a0<\/strong><\/h2>\n<h2><span style=\"text-decoration: underline;\">Exp\u00e9rimentation 1:<\/span> <span data-ccp-props=\"{&quot;201341983&quot;:0,&quot;335559739&quot;:160,&quot;335559740&quot;:259}\">\u00a0<\/span><\/h2>\n<ul>\n<li><span data-contrast=\"auto\">Frottez vigoureusement le tuyau en PVC (tige de frottement) avec la laine de mouton<\/span><\/li>\n<li><span data-contrast=\"auto\">Brossez le long de l\u2019anneau m\u00e9tallique en haut de l\u2019\u00e9lectroscope avec la tige de frottement <\/span><span data-ccp-props=\"{&quot;201341983&quot;:0,&quot;335559739&quot;:160,&quot;335559740&quot;:259}\">\u00a0<\/span><\/li>\n<\/ul>\n<h2><span data-contrast=\"auto\">Observation:<\/span><span data-ccp-props=\"{&quot;201341983&quot;:0,&quot;335559739&quot;:160,&quot;335559740&quot;:259}\">\u00a0<\/span><\/h2>\n<ul>\n<li><span data-contrast=\"auto\">Les deux bandes d\u2019aluminium s\u2019\u00e9cartent lat\u00e9ralement l\u2019une de l\u2019autre (d\u00e9viation)<\/span><span data-ccp-props=\"{&quot;201341983&quot;:0,&quot;335559739&quot;:160,&quot;335559740&quot;:259}\">\u00a0<\/span><\/li>\n<li><span data-contrast=\"auto\">Si la tige de frottement est retir\u00e9e, l\u2019\u00e9ruption cutan\u00e9e reste<\/span><\/li>\n<li><span data-contrast=\"auto\">Ce n\u2019est que lorsque vous touchez l\u2019anneau m\u00e9tallique avec vos doigts que l\u2019\u00e9ruption cutan\u00e9e diminue<\/span><span data-ccp-props=\"{&quot;201341983&quot;:0,&quot;335559739&quot;:160,&quot;335559740&quot;:259}\">\u00a0<\/span><\/li>\n<\/ul>\n<h2><span data-contrast=\"auto\">Explication:\u00a0<\/span><span data-ccp-props=\"{&quot;201341983&quot;:0,&quot;335559739&quot;:160,&quot;335559740&quot;:259}\">\u00a0<\/span><\/h2>\n<ul>\n<li><span data-contrast=\"auto\">La tige en PVC est charg\u00e9e positivement en frottant avec la laine de mouton, la laine de mouton n\u00e9gativement<\/span><\/li>\n<li><span data-contrast=\"auto\">La charge \u00e9lectrique sur la tige de friction saute partiellement \u00e0 l\u2019anneau de fil et est r\u00e9partie sur les parties conductrices de l\u2019\u00e9lectroscope<\/span><\/li>\n<li><span data-contrast=\"auto\">Les deux bandes d\u2019aluminium sont charg\u00e9es du m\u00eame nom et se repoussent<\/span><\/li>\n<li><span data-contrast=\"auto\">Si vous touchez le doigt avec l\u2019anneau m\u00e9tallique, la charge s\u2019\u00e9coule \u00e0 nouveau et la d\u00e9viation s\u2019att\u00e9nue<\/span><\/li>\n<\/ul>\n<h2><span style=\"text-decoration: underline;\">Exp\u00e9rimentation 2:<\/span> <span data-ccp-props=\"{&quot;201341983&quot;:0,&quot;335559739&quot;:160,&quot;335559740&quot;:259}\">\u00a0<\/span><\/h2>\n<ul>\n<li><span data-contrast=\"auto\">Frottez vigoureusement le tuyau en PVC (tige de frottement) avec la laine de mouton<\/span><\/li>\n<li><span data-contrast=\"auto\">Rapprochez la tige de frottement de l\u2019anneau m\u00e9tallique en haut de l\u2019\u00e9lectroscope\u00a0<\/span><span data-ccp-props=\"{&quot;201341983&quot;:0,&quot;335559739&quot;:160,&quot;335559740&quot;:259}\">\u00a0<\/span><\/li>\n<\/ul>\n<h2><span data-ccp-props=\"{&quot;201341983&quot;:0,&quot;335559739&quot;:160,&quot;335559740&quot;:259}\">\u00a0<\/span><span data-contrast=\"auto\">Observation:\u00a0<\/span><span data-ccp-props=\"{&quot;201341983&quot;:0,&quot;335559739&quot;:160,&quot;335559740&quot;:259}\">\u00a0<\/span><\/h2>\n<ul>\n<li><span data-contrast=\"auto\">Les deux bandes d\u2019aluminium s\u2019\u00e9cartent lat\u00e9ralement l\u2019une de l\u2019autre (d\u00e9viation)<\/span><\/li>\n<li>Si vous retirez la tige de frottement, la d\u00e9viation diminue\u00a0<span data-ccp-props=\"{&quot;201341983&quot;:0,&quot;335559739&quot;:160,&quot;335559740&quot;:259}\">\u00a0<\/span><\/li>\n<\/ul>\n<h2><span data-ccp-props=\"{&quot;201341983&quot;:0,&quot;335559739&quot;:160,&quot;335559740&quot;:259}\">\u00a0<\/span><span data-contrast=\"auto\">Explication:\u00a0<\/span><span data-ccp-props=\"{&quot;201341983&quot;:0,&quot;335559739&quot;:160,&quot;335559740&quot;:259}\">\u00a0<\/span><\/h2>\n<ul>\n<li><span data-contrast=\"auto\">La charge \u00e9lectrique sur la tige de friction influence une charge du m\u00eame nom aux extr\u00e9mit\u00e9s des deux bandes d\u2019aluminium, de sorte qu\u2019elles se repoussent\u00a0<\/span><span data-ccp-props=\"{&quot;201341983&quot;:0,&quot;335559739&quot;:160,&quot;335559740&quot;:259}\">\u00a0<\/span><\/li>\n<\/ul>\n<h2><span data-contrast=\"auto\">Indication:<\/span><span data-ccp-props=\"{&quot;201341983&quot;:0,&quot;335559739&quot;:160,&quot;335559740&quot;:259}\">\u00a0<\/span><\/h2>\n<ul>\n<li><span data-contrast=\"auto\">En pratique, il reste souvent une petite d\u00e9viation car les charges sautent dans l\u2019air jusqu\u2019\u00e0 l\u2019anneau de fil<\/span><span data-ccp-props=\"{&quot;201341983&quot;:0,&quot;335559739&quot;:160,&quot;335559740&quot;:259}\">\u00a0<\/span><\/li>\n<\/ul>\n<h2><span data-contrast=\"auto\">Conseils:\u00a0<\/span><span data-ccp-props=\"{&quot;201341983&quot;:0,&quot;335559739&quot;:160,&quot;335559740&quot;:259}\">\u00a0<\/span><\/h2>\n<ul>\n<li><span data-contrast=\"auto\">Les exp\u00e9rimentations avec l\u2019\u00e9lectricit\u00e9 de friction \u00e9chouent souvent dans l\u2019air humide ou les mains mouill\u00e9es, car l\u2019eau agit comme un lubrifiant et entrave la friction<\/span><\/li>\n<li><span data-contrast=\"auto\">Le ballon peut \u00e9galement \u00eatre charg\u00e9 \u00e9lectriquement en le frottant sur les cheveux<\/span><\/li>\n<li><span data-contrast=\"auto\">Vous pouvez \u00e9galement charger vos semelles de chaussures en les frottant sur un tapis en plastique<\/span><\/li>\n<\/ul>\n<p><span data-ccp-props=\"{&quot;201341983&quot;:0,&quot;335559739&quot;:160,&quot;335559740&quot;:259}\">\u00a0<\/span><\/p>\n<p><span data-ccp-props=\"{&quot;201341983&quot;:0,&quot;335559739&quot;:160,&quot;335559740&quot;:259}\">\u00a0<\/span><\/p>\n<p><span data-ccp-props=\"{&quot;201341983&quot;:0,&quot;335559739&quot;:160,&quot;335559740&quot;:259}\">\u00a0<\/span><\/p>\n","protected":false},"featured_media":2089,"template":"","meta":[],"product_brand":[],"product_cat":[973,883],"product_tag":[],"class_list":{"0":"post-2087","1":"product","2":"type-product","3":"status-publish","4":"has-post-thumbnail","6":"product_cat-1-electrostatique-charge","7":"product_cat-b-electricite-fr","8":"","9":"woocommerce-text-align-left","10":"woocommerce-image-align-center","12":"first","13":"instock","14":"shipping-taxable","15":"product-type-simple"},"_links":{"self":[{"href":"https:\/\/experiments.school\/fr\/wp-json\/wp\/v2\/product\/2087","targetHints":{"allow":["GET"]}}],"collection":[{"href":"https:\/\/experiments.school\/fr\/wp-json\/wp\/v2\/product"}],"about":[{"href":"https:\/\/experiments.school\/fr\/wp-json\/wp\/v2\/types\/product"}],"wp:featuredmedia":[{"embeddable":true,"href":"https:\/\/experiments.school\/fr\/wp-json\/wp\/v2\/media\/2089"}],"wp:attachment":[{"href":"https:\/\/experiments.school\/fr\/wp-json\/wp\/v2\/media?parent=2087"}],"wp:term":[{"taxonomy":"product_brand","embeddable":true,"href":"https:\/\/experiments.school\/fr\/wp-json\/wp\/v2\/product_brand?post=2087"},{"taxonomy":"product_cat","embeddable":true,"href":"https:\/\/experiments.school\/fr\/wp-json\/wp\/v2\/product_cat?post=2087"},{"taxonomy":"product_tag","embeddable":true,"href":"https:\/\/experiments.school\/fr\/wp-json\/wp\/v2\/product_tag?post=2087"}],"curies":[{"name":"wp","href":"https:\/\/api.w.org\/{rel}","templated":true}]}}