{"id":1917,"date":"2024-06-20T11:53:14","date_gmt":"2024-06-20T09:56:29","guid":{"rendered":"https:\/\/experiments.school\/?post_type=product&#038;p=1917"},"modified":"2024-06-20T11:56:29","modified_gmt":"2024-06-20T09:56:29","slug":"097-tornade-de-bouteilles","status":"publish","type":"product","link":"https:\/\/experiments.school\/fr\/produkt\/097-tornade-de-bouteilles\/","title":{"rendered":"097 &#8211; Tornade de bouteilles"},"content":{"rendered":"","protected":false},"excerpt":{"rendered":"<h2><strong>Vortex d\u2019eau\u00a0\u00a0<\/strong><\/h2>\n<h2><strong>Baignoire pivotante\u00a0\u00a0<\/strong><\/h2>\n<p><span data-ccp-props=\"{&quot;201341983&quot;:0,&quot;335559739&quot;:160,&quot;335559740&quot;:259}\">\u00a0<\/span><\/p>\n<h2><span data-contrast=\"auto\">Introduction \u00e0 :\u00a0<\/span><span data-ccp-props=\"{&quot;201341983&quot;:0,&quot;335559739&quot;:160,&quot;335559740&quot;:259}\">\u00a0<\/span><\/h2>\n<ul>\n<li><span data-contrast=\"auto\">Vortex<\/span><\/li>\n<li><span data-contrast=\"auto\">Hyperbolo\u00efde de rotation<\/span><\/li>\n<li><span data-contrast=\"auto\">Force centrifuge\/force centrip\u00e8te<\/span><\/li>\n<li><span data-contrast=\"auto\">Conservation du moment angulaire<\/span><\/li>\n<li><span data-contrast=\"auto\">Entonnoir vortex <\/span><span data-ccp-props=\"{&quot;201341983&quot;:0,&quot;335559739&quot;:160,&quot;335559740&quot;:259}\">\u00a0<\/span><\/li>\n<\/ul>\n[video width=\"1920\" height=\"1080\" mp4=\"https:\/\/experiments.school\/wp-content\/uploads\/2024\/06\/097-video2-end.mp4\"][\/video]\n<p>https:\/\/experiments.school\/wp-content\/uploads\/2024\/06\/097-video1-end-2.mp4<\/p>\n<p>&nbsp;<\/p>\n<h2><span data-contrast=\"auto\">Mat\u00e9riel:\u00a0<\/span><span data-ccp-props=\"{&quot;201341983&quot;:0,&quot;335559739&quot;:160,&quot;335559740&quot;:259}\">\u00a0<\/span><\/h2>\n<ul>\n<li><span data-contrast=\"auto\">2 bouteilles en plastique (= bouteilles en PET, recommandation : volume 1,5 litre, absolument transparent !)\u00a0\u00a0<\/span><span data-ccp-props=\"{&quot;201341983&quot;:0,&quot;335559739&quot;:160,&quot;335559740&quot;:259}\">\u00a0<\/span><\/li>\n<li><span data-contrast=\"auto\">Connecteur en plastique dur, disponible dans le commerce\u00a0<\/span><\/li>\n<\/ul>\n<p><b><span data-contrast=\"auto\">Ou\u00a0<\/span><\/b><\/p>\n<ul>\n<li>2 couvercles<\/li>\n<li>Colle chaude au pistolet\u00a0<span data-ccp-props=\"{&quot;201341983&quot;:0,&quot;335559739&quot;:160,&quot;335559740&quot;:259}\">\u00a0<\/span><\/li>\n<li><span data-contrast=\"auto\">Papier de verre\u00a0<\/span><span data-ccp-props=\"{&quot;201341983&quot;:0,&quot;335559739&quot;:160,&quot;335559740&quot;:259}\">\u00a0<\/span><\/li>\n<li><span data-contrast=\"auto\">Ciseaux<\/span><span data-ccp-props=\"{&quot;201341983&quot;:0,&quot;335559739&quot;:160,&quot;335559740&quot;:259}\">\u00a0<\/span><\/li>\n<\/ul>\n<h2><span data-contrast=\"auto\">Instructions:<\/span><span data-ccp-props=\"{&quot;201341983&quot;:0,&quot;335559739&quot;:160,&quot;335559740&quot;:259}\">\u00a0<\/span><\/h2>\n<ul>\n<li><span data-contrast=\"auto\">Prenez le connecteur fini\u00a0<\/span><span data-ccp-props=\"{&quot;201341983&quot;:0,&quot;335559739&quot;:160,&quot;335559740&quot;:259}\">\u00a0<\/span><\/li>\n<\/ul>\n<p><span data-contrast=\"auto\"><strong>Ou<\/strong> faites-en un vous-m\u00eame : <\/span><span data-ccp-props=\"{&quot;201341983&quot;:0,&quot;335559739&quot;:160,&quot;335559740&quot;:259}\">\u00a0<\/span><\/p>\n<ul>\n<li><span data-contrast=\"auto\">Rendre rugueuse la surface des deux couvercles avec du papier de verre et les coller ensemble\u00a0<\/span><span data-ccp-props=\"{&quot;201341983&quot;:0,&quot;335559739&quot;:160,&quot;335559740&quot;:259}\">\u00a0<\/span><\/li>\n<li><span data-contrast=\"auto\">Utilisez les ciseaux pour percer un trou au centre des couvercles. Le diam\u00e8tre doit \u00eatre d\u2019environ 5 mm.\u00a0<\/span><span data-ccp-props=\"{&quot;201341983&quot;:0,&quot;335559739&quot;:160,&quot;335559740&quot;:259}\">\u00a0<\/span><\/li>\n<li><span data-contrast=\"auto\">Remplissez l\u2019une des deux bouteilles d\u2019eau en laissant environ cinq centim\u00e8tres d\u2019air en haut.\u00a0<\/span><span data-ccp-props=\"{&quot;201341983&quot;:0,&quot;335559739&quot;:160,&quot;335559740&quot;:259}\">\u00a0<\/span><\/li>\n<li><span data-contrast=\"auto\">Vissez la deuxi\u00e8me bouteille vide sur le dessus du connecteur.\u00a0<\/span><span data-ccp-props=\"{&quot;201341983&quot;:0,&quot;335559739&quot;:160,&quot;335559740&quot;:259}\">\u00a0<\/span><\/li>\n<li><span data-contrast=\"auto\">Retournez les deux bouteilles pour que la bouteille pleine monte.\u00a0<\/span><span data-ccp-props=\"{&quot;201341983&quot;:0,&quot;335559739&quot;:160,&quot;335559740&quot;:259}\">\u00a0<\/span><\/li>\n<li><span data-contrast=\"auto\">Faites tourner l\u2019eau dans la bouteille sup\u00e9rieure en tourbillonnant. Cela demande un peu de pratique. Faites tourner la bouteille comme un grand verre d\u2019eau, toujours en cercle, comme si vous remuiez dans une grande casserole.\u00a0<\/span><span data-ccp-props=\"{&quot;201341983&quot;:0,&quot;335559739&quot;:160,&quot;335559740&quot;:259}\">\u00a0<\/span><\/li>\n<li><span data-contrast=\"auto\">Gardez les bouteilles immobiles et surveillez !<\/span><span data-ccp-props=\"{&quot;201341983&quot;:0,&quot;335559739&quot;:160,&quot;335559740&quot;:259}\">\u00a0<\/span><\/li>\n<\/ul>\n<h2><span data-contrast=\"auto\">Observation:\u00a0<\/span><span data-ccp-props=\"{&quot;201341983&quot;:0,&quot;335559739&quot;:160,&quot;335559740&quot;:259}\">\u00a0<\/span><\/h2>\n<ul>\n<li><span data-contrast=\"auto\">Un entonnoir vortex se forme dans la bouteille sup\u00e9rieure\u00a0<\/span><span data-ccp-props=\"{&quot;201341983&quot;:0,&quot;335559739&quot;:160,&quot;335559740&quot;:259}\">\u00a0<\/span><\/li>\n<\/ul>\n<h2><span data-ccp-props=\"{&quot;201341983&quot;:0,&quot;335559739&quot;:160,&quot;335559740&quot;:259}\">\u00a0<\/span><span data-contrast=\"auto\">Conseils:\u00a0<\/span><span data-ccp-props=\"{&quot;201341983&quot;:0,&quot;335559739&quot;:160,&quot;335559740&quot;:259}\">\u00a0<\/span><\/h2>\n<ul>\n<li><span data-contrast=\"auto\">Si la connexion n\u2019est pas compl\u00e8tement serr\u00e9e, placez un bol en dessous ou exp\u00e9rimentez \u00e0 l\u2019ext\u00e9rieur.\u00a0<\/span><span data-ccp-props=\"{&quot;201341983&quot;:0,&quot;335559739&quot;:160,&quot;335559740&quot;:259}\">\u00a0<\/span><\/li>\n<li><span data-contrast=\"auto\">Exp\u00e9rimentez en tournant la bouteille plus lentement ou plus vite\u00a0<\/span><span data-ccp-props=\"{&quot;201341983&quot;:0,&quot;335559739&quot;:160,&quot;335559740&quot;:259}\">\u00a0<\/span><\/li>\n<\/ul>\n<h2><span data-contrast=\"auto\">Potentiel didactique :\u00a0<\/span><span data-ccp-props=\"{&quot;201341983&quot;:0,&quot;335559739&quot;:160,&quot;335559740&quot;:259}\">\u00a0<\/span><\/h2>\n<ul>\n<li><span data-contrast=\"auto\">Le vortex de la baignoire exerce une grande fascination !\u00a0<\/span><span data-ccp-props=\"{&quot;201341983&quot;:0,&quot;335559739&quot;:160,&quot;335559740&quot;:259}\">\u00a0<\/span><\/li>\n<li><span data-contrast=\"auto\">La forme du vortex peut \u00eatre expliqu\u00e9e th\u00e9oriquement avec les math\u00e9matiques de l\u2019\u00e9cole secondaire : Le vortex est une cons\u00e9quence de la conservation du moment angulaire :<\/span><\/li>\n<\/ul>\n<p>1\u00e8re T\u00e2che:<\/p>\n<ul>\n<li><span data-contrast=\"auto\">Expliquez pourquoi une particule d\u2019eau m dans un vortex d\u2019eau tourne plus vite (c\u2019est-\u00e0-dire une vitesse de rotation v plus grande) plus elle se rapproche de l\u2019axe de rotation ! Cela se produit lorsqu\u2019il est aspir\u00e9 dans le vortex.\u00a0\u00a0<\/span><span data-ccp-props=\"{&quot;201341983&quot;:0,&quot;335559739&quot;:160,&quot;335559740&quot;:259}\">\u00a0<\/span><\/li>\n<\/ul>\n<p><span data-contrast=\"auto\">2nde T\u00e2che:<\/span><\/p>\n<ul>\n<li><span data-contrast=\"auto\">Spectacle: La surface forme un hyperbolo\u00efde de rotation ! <\/span><span data-ccp-props=\"{&quot;201341983&quot;:0,&quot;335559739&quot;:160,&quot;335559740&quot;:259}\">\u00a0<\/span><\/li>\n<li><span data-contrast=\"auto\">Remarque: L\u2019inclinaison de la surface de l\u2019eau (angle \u03b1 ) r\u00e9sulte de la somme des forces de la force centrifuge et de la force de poids de la pi\u00e8ce volum\u00e9trique. (Forces dans le r\u00e9f\u00e9rentiel en rotation)<\/span><span data-ccp-props=\"{&quot;201341983&quot;:0,&quot;335559739&quot;:160,&quot;335559740&quot;:259}\">\u00a0<\/span><\/li>\n<\/ul>\n<p><span data-ccp-props=\"{&quot;201341983&quot;:0,&quot;335559739&quot;:160,&quot;335559740&quot;:259}\">\u00a0<\/span><\/p>\n","protected":false},"featured_media":1919,"template":"","meta":[],"product_brand":[],"product_cat":[931,934,943,907,699,896],"product_tag":[],"class_list":{"0":"post-1917","1":"product","2":"type-product","3":"status-publish","4":"has-post-thumbnail","6":"product_cat-10-mouvement-circulaire","7":"product_cat-11-moment-cinetique-conservation-du-moment-cinetique","8":"product_cat-14-tourbillons","9":"product_cat-2-force-equilibre-des-forces","10":"product_cat-a-mecanique","11":"product_cat-j-phsik-dans-la-cuisine","12":"","13":"woocommerce-text-align-left","14":"woocommerce-image-align-center","16":"first","17":"instock","18":"shipping-taxable","19":"product-type-simple"},"_links":{"self":[{"href":"https:\/\/experiments.school\/fr\/wp-json\/wp\/v2\/product\/1917","targetHints":{"allow":["GET"]}}],"collection":[{"href":"https:\/\/experiments.school\/fr\/wp-json\/wp\/v2\/product"}],"about":[{"href":"https:\/\/experiments.school\/fr\/wp-json\/wp\/v2\/types\/product"}],"wp:featuredmedia":[{"embeddable":true,"href":"https:\/\/experiments.school\/fr\/wp-json\/wp\/v2\/media\/1919"}],"wp:attachment":[{"href":"https:\/\/experiments.school\/fr\/wp-json\/wp\/v2\/media?parent=1917"}],"wp:term":[{"taxonomy":"product_brand","embeddable":true,"href":"https:\/\/experiments.school\/fr\/wp-json\/wp\/v2\/product_brand?post=1917"},{"taxonomy":"product_cat","embeddable":true,"href":"https:\/\/experiments.school\/fr\/wp-json\/wp\/v2\/product_cat?post=1917"},{"taxonomy":"product_tag","embeddable":true,"href":"https:\/\/experiments.school\/fr\/wp-json\/wp\/v2\/product_tag?post=1917"}],"curies":[{"name":"wp","href":"https:\/\/api.w.org\/{rel}","templated":true}]}}