{"id":1894,"date":"2024-06-20T12:03:41","date_gmt":"2024-06-20T10:05:33","guid":{"rendered":"https:\/\/experiments.school\/?post_type=product&#038;p=1894"},"modified":"2024-06-20T12:05:33","modified_gmt":"2024-06-20T10:05:33","slug":"220-boite-a-lumiere","status":"publish","type":"product","link":"https:\/\/experiments.school\/fr\/produkt\/220-boite-a-lumiere\/","title":{"rendered":"220 &#8211; Bo\u00eete \u00e0 lumi\u00e8re"},"content":{"rendered":"","protected":false},"excerpt":{"rendered":"<h2><strong>Dispositif de g\u00e9n\u00e9ration de faisceaux lumineux pour des exp\u00e9riences optiques\u00a0\u00a0<\/strong><\/h2>\n<h2><strong>Rayons sur la surface de la table\u00a0\u00a0<\/strong><\/h2>\n<h2><strong>Rendre les rayons lumineux visibles\u00a0\u00a0<\/strong><\/h2>\n<p><span data-ccp-props=\"{&quot;201341983&quot;:0,&quot;335559739&quot;:160,&quot;335559740&quot;:259}\">\u00a0<\/span><\/p>\n<h2><span data-contrast=\"auto\">Introduction \u00e0: <\/span><span data-ccp-props=\"{&quot;201341983&quot;:0,&quot;335559739&quot;:160,&quot;335559740&quot;:259}\">\u00a0<\/span><\/h2>\n<ul>\n<li><span data-contrast=\"auto\">Propagation en ligne droite de la lumi\u00e8re\u00a0<\/span><span data-ccp-props=\"{&quot;201341983&quot;:0,&quot;335559739&quot;:160,&quot;335559740&quot;:259}\">\u00a0<\/span><\/li>\n<\/ul>\n[video width=\"1920\" height=\"1080\" mp4=\"https:\/\/experiments.school\/wp-content\/uploads\/2024\/06\/220-end.mp4\"][\/video]\n<h2><\/h2>\n<h2><span data-contrast=\"auto\">Mat\u00e9riel:\u00a0<\/span><span data-ccp-props=\"{&quot;201341983&quot;:0,&quot;335559739&quot;:160,&quot;335559740&quot;:259}\">\u00a0<\/span><\/h2>\n<ul>\n<li><span data-contrast=\"auto\">Bo\u00eete \u00e0 puces <\/span><span data-ccp-props=\"{&quot;201341983&quot;:0,&quot;335559739&quot;:160,&quot;335559740&quot;:259}\">\u00a0<\/span><\/li>\n<li>Carton noir <span data-ccp-props=\"{&quot;201341983&quot;:0,&quot;335559739&quot;:160,&quot;335559740&quot;:259}\">\u00a0<\/span><\/li>\n<li>Ciseaux <span data-ccp-props=\"{&quot;201341983&quot;:0,&quot;335559739&quot;:160,&quot;335559740&quot;:259}\">\u00a0<\/span><\/li>\n<li>Stylo \/ crayon de couleur blanc <span data-ccp-props=\"{&quot;201341983&quot;:0,&quot;335559739&quot;:160,&quot;335559740&quot;:259}\">\u00a0<\/span><\/li>\n<li>Couteau tranchant (cutter) <span data-ccp-props=\"{&quot;201341983&quot;:0,&quot;335559739&quot;:160,&quot;335559740&quot;:259}\">\u00a0<\/span><\/li>\n<li>Ruban adh\u00e9sif <span data-ccp-props=\"{&quot;201341983&quot;:0,&quot;335559739&quot;:160,&quot;335559740&quot;:259}\">\u00a0<\/span><\/li>\n<li>Plateau de table de couleur claire \/ surface plane \u00e0 r\u00e9flexion diffuse \/ grande feuille de papier blanc <span data-ccp-props=\"{&quot;201341983&quot;:0,&quot;335559739&quot;:160,&quot;335559740&quot;:259}\">\u00a0<\/span><\/li>\n<\/ul>\n<h2><span data-ccp-props=\"{&quot;201341983&quot;:0,&quot;335559739&quot;:160,&quot;335559740&quot;:259}\">\u00a0<\/span><span data-contrast=\"auto\">Instructions:<\/span><span data-ccp-props=\"{&quot;201341983&quot;:0,&quot;335559739&quot;:160,&quot;335559740&quot;:259}\">\u00a0<\/span><\/h2>\n<ul>\n<li><span data-contrast=\"auto\">Coupez le fond m\u00e9tallique de la bo\u00eete \u00e0 chips.\u00a0<\/span><span data-ccp-props=\"{&quot;201341983&quot;:0,&quot;335559739&quot;:160,&quot;335559740&quot;:259}\">\u00a0<\/span><\/li>\n<li><span data-contrast=\"auto\">Placez la bo\u00eete \u00e0 jetons sur le carton noir et tracez le plan avec le stylo. D\u00e9coupez trois tranches de ce type.\u00a0<\/span><\/li>\n<li>Prenez une tranche et coupez une fente au centre, coupez trois fentes dans la tranche suivante et cinq fentes dans la troisi\u00e8me tranche. <span data-ccp-props=\"{&quot;201341983&quot;:0,&quot;335559739&quot;:160,&quot;335559740&quot;:259}\">\u00a0<\/span><\/li>\n<li>Prenez le couvercle en plastique transparent et d\u00e9coupez un carr\u00e9 \u00e0 l\u2019aide de ciseaux. <span data-ccp-props=\"{&quot;201341983&quot;:0,&quot;335559739&quot;:160,&quot;335559740&quot;:259}\">\u00a0<\/span><\/li>\n<li>Placez un disque \u00e0 l\u2019extr\u00e9mit\u00e9 du tuyau et fixez-le avec le couvercle en plastique.<\/li>\n<li>Fixez votre t\u00e9l\u00e9phone portable \u00e0 l\u2019autre extr\u00e9mit\u00e9 du tuyau avec du ruban adh\u00e9sif <span data-ccp-props=\"{&quot;201341983&quot;:0,&quot;335559739&quot;:160,&quot;335559740&quot;:259}\">\u00a0<\/span><\/li>\n<li>Allumez la lampe de poche LED <span data-ccp-props=\"{&quot;201341983&quot;:0,&quot;335559739&quot;:160,&quot;335559740&quot;:259}\">\u00a0<\/span><\/li>\n<\/ul>\n<h2><span data-ccp-props=\"{&quot;201341983&quot;:0,&quot;335559739&quot;:160,&quot;335559740&quot;:259}\">\u00a0<\/span><span data-contrast=\"auto\">Observation:\u00a0<\/span><span data-ccp-props=\"{&quot;201341983&quot;:0,&quot;335559739&quot;:160,&quot;335559740&quot;:259}\">\u00a0<\/span><\/h2>\n<ul>\n<li><span data-contrast=\"auto\">Des traces de lumi\u00e8re droites peuvent \u00eatre vues sur le plateau de la table.\u00a0<\/span><span data-ccp-props=\"{&quot;201341983&quot;:0,&quot;335559739&quot;:160,&quot;335559740&quot;:259}\">\u00a0<\/span><\/li>\n<\/ul>\n<h2><span data-contrast=\"auto\">Explication:\u00a0<\/span><span data-ccp-props=\"{&quot;201341983&quot;:0,&quot;335559739&quot;:160,&quot;335559740&quot;:259}\">\u00a0<\/span><\/h2>\n<ul>\n<li><span data-contrast=\"auto\">La lampe de poche du t\u00e9l\u00e9phone portable \u00e9met un faisceau de lumi\u00e8re en forme de c\u00f4ne. La fente dans l\u2019ouverture ne laisse passer qu\u2019un faisceau de lumi\u00e8re \u00e9troit. Celui-ci tombe l\u00e9g\u00e8rement en diagonale sur la surface et cr\u00e9e une tra\u00een\u00e9e lumineuse, le \u00ab\u202frayon lumineux\u202f\u00bb, gr\u00e2ce \u00e0 une r\u00e9flexion diffuse.\u00a0<\/span><span data-ccp-props=\"{&quot;201341983&quot;:0,&quot;335559739&quot;:160,&quot;335559740&quot;:259}\">\u00a0<\/span><\/li>\n<\/ul>\n<h2><span data-contrast=\"auto\">Conseils:\u00a0<\/span><span data-ccp-props=\"{&quot;201341983&quot;:0,&quot;335559739&quot;:160,&quot;335559740&quot;:259}\">\u00a0<\/span><\/h2>\n<ul>\n<li><span data-contrast=\"auto\">Les rayons lumineux sont bons pour exp\u00e9rimenter. Par exemple, ils peuvent \u00eatre r\u00e9fl\u00e9chis par un miroir ou collect\u00e9s ou diffus\u00e9s par des lentilles.\u00a0<\/span><\/li>\n<li>Selon l\u2019exp\u00e9rience, des disques \u00e0 une, deux, trois fentes, etc. conviennent. <span data-ccp-props=\"{&quot;201341983&quot;:0,&quot;335559739&quot;:160,&quot;335559740&quot;:259}\">\u00a0<\/span><\/li>\n<li>Les rayons sont mieux vus dans l\u2019obscurit\u00e9<span data-ccp-props=\"{&quot;201341983&quot;:0,&quot;335559739&quot;:160,&quot;335559740&quot;:259}\">\u00a0<\/span><\/li>\n<\/ul>\n","protected":false},"featured_media":1895,"template":"","meta":[],"product_brand":[],"product_cat":[961,964,967,970,885,895],"product_tag":[],"class_list":{"0":"post-1894","1":"product","2":"type-product","3":"status-publish","4":"has-post-thumbnail","6":"product_cat-1-lumiere-ombre","7":"product_cat-2-reflexion-fr","8":"product_cat-3-refraction-fr","9":"product_cat-4-diffraction-interference-fr","10":"product_cat-c-optique-fr","11":"product_cat-i-appareils-physiques-fr","12":"","13":"woocommerce-text-align-left","14":"woocommerce-image-align-center","16":"first","17":"instock","18":"shipping-taxable","19":"product-type-simple"},"_links":{"self":[{"href":"https:\/\/experiments.school\/fr\/wp-json\/wp\/v2\/product\/1894","targetHints":{"allow":["GET"]}}],"collection":[{"href":"https:\/\/experiments.school\/fr\/wp-json\/wp\/v2\/product"}],"about":[{"href":"https:\/\/experiments.school\/fr\/wp-json\/wp\/v2\/types\/product"}],"wp:featuredmedia":[{"embeddable":true,"href":"https:\/\/experiments.school\/fr\/wp-json\/wp\/v2\/media\/1895"}],"wp:attachment":[{"href":"https:\/\/experiments.school\/fr\/wp-json\/wp\/v2\/media?parent=1894"}],"wp:term":[{"taxonomy":"product_brand","embeddable":true,"href":"https:\/\/experiments.school\/fr\/wp-json\/wp\/v2\/product_brand?post=1894"},{"taxonomy":"product_cat","embeddable":true,"href":"https:\/\/experiments.school\/fr\/wp-json\/wp\/v2\/product_cat?post=1894"},{"taxonomy":"product_tag","embeddable":true,"href":"https:\/\/experiments.school\/fr\/wp-json\/wp\/v2\/product_tag?post=1894"}],"curies":[{"name":"wp","href":"https:\/\/api.w.org\/{rel}","templated":true}]}}