{"id":1822,"date":"2024-04-24T18:12:33","date_gmt":"2024-04-24T16:35:39","guid":{"rendered":"https:\/\/experiments.school\/?post_type=product&#038;p=1822"},"modified":"2024-04-30T18:28:03","modified_gmt":"2024-04-30T16:28:03","slug":"208-diffraction-de-la-lumiere","status":"publish","type":"product","link":"https:\/\/experiments.school\/fr\/produkt\/208-diffraction-de-la-lumiere\/","title":{"rendered":"208 &#8211; Diffraction de la lumi\u00e8re"},"content":{"rendered":"","protected":false},"excerpt":{"rendered":"<h2><strong>Diffraction \u00e0 la fente unique\u00a0\u00a0<\/strong><\/h2>\n<p>&nbsp;<\/p>\n<h2><span data-contrast=\"auto\">Introduction \u00e0:<\/span><\/h2>\n<ul>\n<li><span data-contrast=\"auto\">Diffraction\u00a0<\/span><span data-ccp-props=\"{&quot;201341983&quot;:0,&quot;335559739&quot;:160,&quot;335559740&quot;:259}\">\u00a0<\/span><\/li>\n<li><span data-contrast=\"auto\">Lumi\u00e8re monochromatique\u00a0<\/span><span data-ccp-props=\"{&quot;201341983&quot;:0,&quot;335559739&quot;:160,&quot;335559740&quot;:259}\">\u00a0<\/span><\/li>\n<\/ul>\n<h2><span data-contrast=\"auto\">Mat\u00e9riel:<\/span><span data-ccp-props=\"{&quot;201341983&quot;:0,&quot;335559739&quot;:160,&quot;335559740&quot;:259}\">\u00a0<\/span><\/h2>\n<ul>\n<li><span data-contrast=\"auto\">Pointeur laser\u00a0\u00a0<\/span><span data-ccp-props=\"{&quot;201341983&quot;:0,&quot;335559739&quot;:160,&quot;335559740&quot;:259}\">\u00a0<\/span><\/li>\n<li><span data-contrast=\"auto\">Lunettes de protection laser\u00a0<\/span><span data-ccp-props=\"{&quot;201341983&quot;:0,&quot;335559739&quot;:160,&quot;335559740&quot;:259}\">\u00a0<\/span><\/li>\n<li><span data-contrast=\"auto\">Couteau tranchant\u00a0<\/span><span data-ccp-props=\"{&quot;201341983&quot;:0,&quot;335559739&quot;:160,&quot;335559740&quot;:259}\">\u00a0<\/span><\/li>\n<li><span data-contrast=\"auto\">Mat\u00e9riel de fixation (pinces \u00e0 linge \/ trombones \/ ruban adh\u00e9sif)\u00a0<\/span><span data-ccp-props=\"{&quot;201341983&quot;:0,&quot;335559739&quot;:160,&quot;335559740&quot;:259}\">\u00a0<\/span><\/li>\n<li><span data-contrast=\"auto\">Papier \u00e9pais (p. ex. papier de construction, env. 7 cm x 20 cm, env. 130-200 g\/m\u00b2)\u00a0<\/span><span data-ccp-props=\"{&quot;201341983&quot;:0,&quot;335559739&quot;:160,&quot;335559740&quot;:259}\">\u00a0<\/span><\/li>\n<li><span data-contrast=\"auto\">R\u00e8gle\u00a0\u00a0<\/span><span data-ccp-props=\"{&quot;201341983&quot;:0,&quot;335559739&quot;:160,&quot;335559740&quot;:259}\">\u00a0<\/span><\/li>\n<li><span data-contrast=\"auto\">Support pour laser (\u00e9ventuellement r\u00e9glable en hauteur)\u00a0<\/span><span data-ccp-props=\"{&quot;201341983&quot;:0,&quot;335559739&quot;:160,&quot;335559740&quot;:259}\">\u00a0<\/span><\/li>\n<li><span data-contrast=\"auto\">Surface de coupe (dure, stable)\u00a0<\/span><span data-ccp-props=\"{&quot;201341983&quot;:0,&quot;335559739&quot;:160,&quot;335559740&quot;:259}\">\u00a0<\/span><\/li>\n<li><span data-contrast=\"auto\">Feuille de papier blanc\u00a0<\/span><span data-ccp-props=\"{&quot;201341983&quot;:0,&quot;335559739&quot;:160,&quot;335559740&quot;:259}\">\u00a0<\/span><\/li>\n<\/ul>\n<h2><span data-contrast=\"auto\">Instructions:<\/span><span data-ccp-props=\"{&quot;201341983&quot;:0,&quot;335559739&quot;:160,&quot;335559740&quot;:259}\">\u00a0<\/span><\/h2>\n<ul>\n<li><span data-contrast=\"auto\">D\u00e9coupez une fente droite dans le papier de bricolage \u00e0 l\u2019aide du couteau et de la r\u00e8gle.\u00a0\u00a0<\/span><span data-ccp-props=\"{&quot;201341983&quot;:0,&quot;335559739&quot;:160,&quot;335559740&quot;:259}\">\u00a0<\/span><\/li>\n<li><span data-contrast=\"auto\">La largeur de l\u2019espace doit \u00eatre d\u2019environ 0,1 mm.\u00a0<\/span><span data-ccp-props=\"{&quot;201341983&quot;:0,&quot;335559739&quot;:160,&quot;335559740&quot;:259}\">\u00a0<\/span><\/li>\n<li><span data-contrast=\"auto\">Fixez le papier \u00e0 la r\u00e8gle avec le mat\u00e9riau de fixation et placez-le \u00e0 une distance d\u2019environ 2 m d\u2019un mur.\u00a0<\/span><span data-ccp-props=\"{&quot;201341983&quot;:0,&quot;335559739&quot;:160,&quot;335559740&quot;:259}\">\u00a0<\/span><\/li>\n<li><span data-contrast=\"auto\">Installez le laser de mani\u00e8re \u00e0 ce que le faisceau laser frappe l\u2019espace dans le papier de construction directement \u00e0 une distance d\u2019environ 15 cm.\u00a0<\/span><span data-ccp-props=\"{&quot;201341983&quot;:0,&quot;335559739&quot;:160,&quot;335559740&quot;:259}\">\u00a0<\/span><\/li>\n<li><span data-contrast=\"auto\">Utilisez toujours les lunettes de s\u00e9curit\u00e9.\u00a0<\/span><span data-ccp-props=\"{&quot;201341983&quot;:0,&quot;335559739&quot;:160,&quot;335559740&quot;:259}\">\u00a0<\/span><\/li>\n<li><span data-contrast=\"auto\">Fixez la feuille de papier comme \u00e9cran au point o\u00f9 le faisceau lumineux frappe le mur.\u00a0<\/span><span data-ccp-props=\"{&quot;201341983&quot;:0,&quot;335559739&quot;:160,&quot;335559740&quot;:259}\">\u00a0<\/span><\/li>\n<li><span data-contrast=\"auto\">Assombrissez la pi\u00e8ce.<\/span><span data-ccp-props=\"{&quot;201341983&quot;:0,&quot;335559739&quot;:160,&quot;335559740&quot;:259}\">\u00a0<\/span><\/li>\n<\/ul>\n<h2><span data-contrast=\"auto\">Observation:\u00a0<\/span><span data-ccp-props=\"{&quot;201341983&quot;:0,&quot;335559739&quot;:160,&quot;335559740&quot;:259}\">\u00a0<\/span><\/h2>\n<ul>\n<li><span data-contrast=\"auto\">Le point lumineux sur l\u2019\u00e9cran n\u2019est pas en forme de point, mais allong\u00e9 dans la direction perpendiculaire \u00e0 la fente.\u00a0<\/span><span data-ccp-props=\"{&quot;201341983&quot;:0,&quot;335559739&quot;:160,&quot;335559740&quot;:259}\">\u00a0<\/span><\/li>\n<\/ul>\n<h2><span data-contrast=\"auto\">Explication:\u00a0<\/span><span data-ccp-props=\"{&quot;201341983&quot;:0,&quot;335559739&quot;:160,&quot;335559740&quot;:259}\">\u00a0<\/span><\/h2>\n<ul>\n<li><span data-contrast=\"auto\">La lumi\u00e8re est diffract\u00e9e sur les bords de l\u2019interstice.\u00a0<\/span><span data-ccp-props=\"{&quot;201341983&quot;:0,&quot;335559739&quot;:160,&quot;335559740&quot;:259}\">\u00a0<\/span><\/li>\n<\/ul>\n<h2><span data-contrast=\"auto\">Conseils:<\/span><span data-ccp-props=\"{&quot;201341983&quot;:0,&quot;335559739&quot;:160,&quot;335559740&quot;:259}\">\u00a0<\/span><\/h2>\n<ul>\n<li><span data-contrast=\"auto\">D\u00e9placez l\u00e9g\u00e8rement le faisceau laser d\u2019avant en arri\u00e8re avec la surface de contact pour obtenir un r\u00e9sultat optimal.\u00a0<\/span><span data-ccp-props=\"{&quot;201341983&quot;:0,&quot;335559739&quot;:160,&quot;335559740&quot;:259}\">\u00a0<\/span><\/li>\n<\/ul>\n<p><span data-ccp-props=\"{&quot;201341983&quot;:0,&quot;335559739&quot;:160,&quot;335559740&quot;:259}\">\u00a0<\/span><\/p>\n","protected":false},"featured_media":1823,"template":"","meta":[],"product_brand":[],"product_cat":[970,885],"product_tag":[],"class_list":{"0":"post-1822","1":"product","2":"type-product","3":"status-publish","4":"has-post-thumbnail","6":"product_cat-4-diffraction-interference-fr","7":"product_cat-c-optique-fr","8":"","9":"woocommerce-text-align-left","10":"woocommerce-image-align-center","12":"first","13":"instock","14":"shipping-taxable","15":"product-type-simple"},"_links":{"self":[{"href":"https:\/\/experiments.school\/fr\/wp-json\/wp\/v2\/product\/1822","targetHints":{"allow":["GET"]}}],"collection":[{"href":"https:\/\/experiments.school\/fr\/wp-json\/wp\/v2\/product"}],"about":[{"href":"https:\/\/experiments.school\/fr\/wp-json\/wp\/v2\/types\/product"}],"wp:featuredmedia":[{"embeddable":true,"href":"https:\/\/experiments.school\/fr\/wp-json\/wp\/v2\/media\/1823"}],"wp:attachment":[{"href":"https:\/\/experiments.school\/fr\/wp-json\/wp\/v2\/media?parent=1822"}],"wp:term":[{"taxonomy":"product_brand","embeddable":true,"href":"https:\/\/experiments.school\/fr\/wp-json\/wp\/v2\/product_brand?post=1822"},{"taxonomy":"product_cat","embeddable":true,"href":"https:\/\/experiments.school\/fr\/wp-json\/wp\/v2\/product_cat?post=1822"},{"taxonomy":"product_tag","embeddable":true,"href":"https:\/\/experiments.school\/fr\/wp-json\/wp\/v2\/product_tag?post=1822"}],"curies":[{"name":"wp","href":"https:\/\/api.w.org\/{rel}","templated":true}]}}