{"id":1555,"date":"2022-06-08T10:39:58","date_gmt":"2022-06-27T09:56:59","guid":{"rendered":"https:\/\/experiments.school\/?post_type=product&#038;p=1555"},"modified":"2022-07-01T10:02:38","modified_gmt":"2022-07-01T08:02:38","slug":"021-lignes-de-champ-magnetique-2","status":"publish","type":"product","link":"https:\/\/experiments.school\/fr\/produkt\/021-lignes-de-champ-magnetique-2\/","title":{"rendered":"021 &#8211; Lignes de champ magn\u00e9tique"},"content":{"rendered":"","protected":false},"excerpt":{"rendered":"<h2><strong>Visualisation d&rsquo;un champ magn\u00e9tique (avec de la poudre de fer)<\/strong><\/h2>\n<h2><strong>Champ magn\u00e9tique d&rsquo;un aimant en barre\u00a0<\/strong><\/h2>\n<h2><span data-contrast=\"none\">Introduction \u00e0:<\/span><span data-ccp-props=\"{&quot;201341983&quot;:0,&quot;335559739&quot;:160,&quot;335559740&quot;:259}\">\u00a0<\/span><\/h2>\n<p><span data-contrast=\"auto\">Notion de champ, lignes de champ, champ magn\u00e9tique<\/span><\/p>\n[video width=\"848\" height=\"480\" mp4=\"https:\/\/experiments.school\/wp-content\/uploads\/2022\/05\/021.mp4\"][\/video]\n<p>&nbsp;<\/p>\n<h2><span data-contrast=\"auto\">Mat\u00e9riel :\u00a0<\/span><span data-ccp-props=\"{&quot;201341983&quot;:0,&quot;335559739&quot;:160,&quot;335559740&quot;:259}\">\u00a0<\/span><\/h2>\n<ul>\n<li><span data-contrast=\"auto\">Aimant en barre\u00a0<\/span><span data-ccp-props=\"{&quot;201341983&quot;:0,&quot;335559739&quot;:160,&quot;335559740&quot;:259}\">\u00a0<\/span><\/li>\n<li><span data-contrast=\"auto\">Poudre de fer = limaille de fer\u00a0<\/span><span data-ccp-props=\"{&quot;201341983&quot;:0,&quot;335559739&quot;:160,&quot;335559740&quot;:259}\">\u00a0<\/span><\/li>\n<li><span data-contrast=\"auto\">Plaque de verre \/ plaque de plexiglas \/ carton solide avec une feuille de papier par-dessus.\u00a0<\/span><span data-ccp-props=\"{&quot;201341983&quot;:0,&quot;335559739&quot;:160,&quot;335559740&quot;:259}\">\u00a0<\/span><\/li>\n<\/ul>\n<h2><span data-contrast=\"auto\">Montage et r\u00e9alisation: <\/span><span data-ccp-props=\"{&quot;201341983&quot;:0,&quot;335559739&quot;:160,&quot;335559740&quot;:259}\">\u00a0<\/span><\/h2>\n<ul>\n<li><span data-contrast=\"auto\">placer la plaque de verre sur l&rsquo;aimant\u00a0<\/span><span data-ccp-props=\"{&quot;201341983&quot;:0,&quot;335559739&quot;:160,&quot;335559740&quot;:259}\">\u00a0<\/span><\/li>\n<li><span data-contrast=\"auto\">saupoudrer finement et uniform\u00e9ment la poudre de fer sur la plaque de verre depuis une hauteur de 30-50 cm\u00a0<\/span><span data-ccp-props=\"{&quot;201341983&quot;:0,&quot;335559739&quot;:160,&quot;335559740&quot;:259}\">\u00a0<\/span><\/li>\n<li><span data-contrast=\"auto\">taper l\u00e9g\u00e8rement plusieurs fois sur la plaque de verre\u00a0<\/span><span data-ccp-props=\"{&quot;201341983&quot;:0,&quot;335559739&quot;:160,&quot;335559740&quot;:259}\">\u00a0<\/span><\/li>\n<\/ul>\n<h2><span data-contrast=\"auto\">Observation:\u00a0<\/span><span data-ccp-props=\"{&quot;201341983&quot;:0,&quot;335559739&quot;:160,&quot;335559740&quot;:259}\">\u00a0<\/span><\/h2>\n<ul>\n<li><span data-contrast=\"auto\">La poudre de fer s&rsquo;organise en un motif qui montre la direction des lignes de champ magn\u00e9tique.\u00a0<\/span><span data-ccp-props=\"{&quot;201341983&quot;:0,&quot;335559739&quot;:160,&quot;335559740&quot;:259}\">\u00a0<\/span><\/li>\n<li><span data-contrast=\"auto\">A proximit\u00e9 de l&rsquo;aimant, les copeaux ne restent pas en place, mais sont attir\u00e9s vers les p\u00f4les. L\u00e0, ils se redressent.\u00a0<\/span><span data-ccp-props=\"{&quot;201341983&quot;:0,&quot;335559739&quot;:160,&quot;335559740&quot;:259}\">\u00a0<\/span><\/li>\n<\/ul>\n<h2><span data-contrast=\"auto\">Explication: <\/span><span data-ccp-props=\"{&quot;201341983&quot;:0,&quot;335559739&quot;:160,&quot;335559740&quot;:259}\">\u00a0<\/span><\/h2>\n<ul>\n<li><span data-contrast=\"auto\">Les limailles de fer sont magn\u00e9tis\u00e9es dans le champ magn\u00e9tique et forment des cha\u00eenes de dip\u00f4les magn\u00e9tiques. <\/span><\/li>\n<li><span data-contrast=\"auto\">Ceux-ci s&rsquo;alignent le long des lignes ext\u00e9rieures du champ.\u00a0<\/span><span data-ccp-props=\"{&quot;201341983&quot;:0,&quot;335559739&quot;:160,&quot;335559740&quot;:259}\">\u00a0<\/span><\/li>\n<\/ul>\n<h2><span data-contrast=\"auto\">Conseils:\u00a0<\/span><span data-ccp-props=\"{&quot;201341983&quot;:0,&quot;335559739&quot;:160,&quot;335559740&quot;:259}\">\u00a0<\/span><\/h2>\n<ul>\n<li><span data-contrast=\"auto\">Attention: ne pas amener la limaille de fer pr\u00e8s de l&rsquo;aimant, elle s&rsquo;en d\u00e9tache mal.\u00a0<\/span><span data-ccp-props=\"{&quot;201341983&quot;:0,&quot;335559739&quot;:160,&quot;335559740&quot;:259}\">\u00a0<\/span><\/li>\n<li><span data-contrast=\"auto\">Ramasser la poudre de fer : placer un torchon de cuisine \u00e0 double \u00e9paisseur sur l&rsquo;aimant pour ramasser la poudre, puis \u00e9taler le torchon \u00e0 plat sur la petite bo\u00eete (poudre \u00e0 l&rsquo;int\u00e9rieur) et tirer l&rsquo;aimant vers le haut.\u00a0<\/span><span data-ccp-props=\"{&quot;201341983&quot;:0,&quot;335559739&quot;:160,&quot;335559740&quot;:259}\">\u00a0<\/span><\/li>\n<\/ul>\n<h2><span data-contrast=\"auto\">\u00a0Potentiel didactique: <\/span><span data-ccp-props=\"{&quot;201341983&quot;:0,&quot;335559739&quot;:160,&quot;335559740&quot;:259}\">\u00a0<\/span><\/h2>\n<ul>\n<li><span data-contrast=\"auto\">La notion abstraite de \u00ab\u00a0champ magn\u00e9tique\u00a0\u00bb est visualis\u00e9e. <\/span><span data-ccp-props=\"{&quot;201341983&quot;:0,&quot;335559739&quot;:160,&quot;335559740&quot;:259}\">\u00a0<\/span><\/li>\n<li><span data-contrast=\"auto\">Des aimants de formes diff\u00e9rentes poss\u00e8dent des champs magn\u00e9tiques diff\u00e9rents : Il est int\u00e9ressant de faire des exp\u00e9riences avec des aimants en n\u00e9odyme ou un aimant en fer \u00e0 cheval.\u00a0<\/span><span data-ccp-props=\"{&quot;201341983&quot;:0,&quot;335559739&quot;:160,&quot;335559740&quot;:259}\">\u00a0<\/span><\/li>\n<li><span data-contrast=\"auto\">Avec un aimant puissant et de nombreuses limailles de fer, il est \u00e9galement possible de cr\u00e9er une image tridimensionnelle des lignes de champ.\u00a0<\/span><span data-ccp-props=\"{&quot;201341983&quot;:0,&quot;335559739&quot;:160,&quot;335559740&quot;:259}\">\u00a0<\/span><\/li>\n<\/ul>\n<p>&nbsp;<\/p>\n","protected":false},"featured_media":996,"template":"","meta":[],"product_brand":[],"product_cat":[988,883],"product_tag":[],"class_list":{"0":"post-1555","1":"product","2":"type-product","3":"status-publish","4":"has-post-thumbnail","6":"product_cat-6-magnetisme-electromagnetisme","7":"product_cat-b-electricite-fr","8":"","9":"woocommerce-text-align-left","10":"woocommerce-image-align-center","12":"first","13":"instock","14":"shipping-taxable","15":"product-type-simple"},"_links":{"self":[{"href":"https:\/\/experiments.school\/fr\/wp-json\/wp\/v2\/product\/1555","targetHints":{"allow":["GET"]}}],"collection":[{"href":"https:\/\/experiments.school\/fr\/wp-json\/wp\/v2\/product"}],"about":[{"href":"https:\/\/experiments.school\/fr\/wp-json\/wp\/v2\/types\/product"}],"wp:featuredmedia":[{"embeddable":true,"href":"https:\/\/experiments.school\/fr\/wp-json\/wp\/v2\/media\/996"}],"wp:attachment":[{"href":"https:\/\/experiments.school\/fr\/wp-json\/wp\/v2\/media?parent=1555"}],"wp:term":[{"taxonomy":"product_brand","embeddable":true,"href":"https:\/\/experiments.school\/fr\/wp-json\/wp\/v2\/product_brand?post=1555"},{"taxonomy":"product_cat","embeddable":true,"href":"https:\/\/experiments.school\/fr\/wp-json\/wp\/v2\/product_cat?post=1555"},{"taxonomy":"product_tag","embeddable":true,"href":"https:\/\/experiments.school\/fr\/wp-json\/wp\/v2\/product_tag?post=1555"}],"curies":[{"name":"wp","href":"https:\/\/api.w.org\/{rel}","templated":true}]}}