{"id":1320,"date":"2022-05-05T15:08:09","date_gmt":"2022-06-24T17:43:21","guid":{"rendered":"https:\/\/experiments.school\/?post_type=product&#038;p=1320"},"modified":"2022-07-01T10:36:05","modified_gmt":"2022-07-01T08:36:05","slug":"011-deviation-electrostatique","status":"publish","type":"product","link":"https:\/\/experiments.school\/fr\/produkt\/011-deviation-electrostatique\/","title":{"rendered":"011 &#8211; D\u00e9viation \u00e9lectrostatique"},"content":{"rendered":"","protected":false},"excerpt":{"rendered":"<h2><strong><span class=\"TextRun SCXW191867668 BCX4\" lang=\"DE-DE\" xml:lang=\"DE-DE\" data-contrast=\"auto\"><span class=\"NormalTextRun SpellingErrorV2Themed SpellingErrorHighlight SCXW191867668 BCX4\">Courbure<\/span> <span class=\"NormalTextRun SpellingErrorV2Themed SCXW191867668 BCX4\">d&rsquo;un<\/span> <span class=\"NormalTextRun SpellingErrorV2Themed SCXW191867668 BCX4\">jet<\/span> <span class=\"NormalTextRun SpellingErrorV2Themed SCXW191867668 BCX4\">d&rsquo;eau<\/span><span class=\"NormalTextRun SCXW191867668 BCX4\"> par des <\/span><span class=\"NormalTextRun SpellingErrorV2Themed SCXW191867668 BCX4\">forces<\/span> <span class=\"NormalTextRun SpellingErrorV2Themed SCXW191867668 BCX4\">\u00e9lectrostatiques<\/span><span class=\"NormalTextRun SCXW191867668 BCX4\">\u00a0<\/span><\/span><span class=\"EOP SCXW191867668 BCX4\" data-ccp-props=\"{&quot;201341983&quot;:0,&quot;335559739&quot;:160,&quot;335559740&quot;:259}\">\u00a0<\/span><\/strong><\/h2>\n<h2><span data-contrast=\"auto\">Introduction \u00e0:\u00a0<\/span><span data-ccp-props=\"{&quot;201341983&quot;:0,&quot;335559739&quot;:160,&quot;335559740&quot;:259}\">\u00a0<\/span><\/h2>\n<p><span data-contrast=\"auto\">Dip\u00f4le \u00e9lectrique, force sur la charge \u00e9lectrique, champ \u00e9lectrique, forces \u00e9lectrostatiques\u00a0<\/span><span data-ccp-props=\"{&quot;201341983&quot;:0,&quot;335559739&quot;:160,&quot;335559740&quot;:259}\">\u00a0<\/span><\/p>\n<p>https:\/\/experiments.school\/wp-content\/uploads\/2022\/05\/011-video-Marina.mp4<\/p>\n<h2><span data-contrast=\"auto\">Mat\u00e9riel:\u00a0<\/span><span data-ccp-props=\"{&quot;201341983&quot;:0,&quot;335559739&quot;:160,&quot;335559740&quot;:259}\">\u00a0<\/span><\/h2>\n<ul>\n<li><span data-contrast=\"auto\">Robinet avec jet d&rsquo;eau fin\u00a0<\/span><\/li>\n<li><span data-contrast=\"auto\">peigne \/ cuill\u00e8re en plastique \/ ballon de baudruche\u00a0<\/span><span data-ccp-props=\"{&quot;201341983&quot;:0,&quot;335559739&quot;:160,&quot;335559740&quot;:259}\">\u00a0<\/span><\/li>\n<\/ul>\n<p><span data-contrast=\"auto\">+ Mat\u00e9riel pour frotter (tissu de laine, fourrure)\u00a0<\/span><\/p>\n<h2><span data-contrast=\"auto\">construction:\u00a0<\/span><span data-ccp-props=\"{&quot;201341983&quot;:0,&quot;335559739&quot;:160,&quot;335559740&quot;:259}\">\u00a0<\/span><\/h2>\n<ul>\n<li><span data-contrast=\"auto\">charger \u00e9lectrostatiquement la cuill\u00e8re en la frottant vigoureusement\u00a0<\/span><span data-ccp-props=\"{&quot;201341983&quot;:0,&quot;335559739&quot;:160,&quot;335559740&quot;:259}\">\u00a0<\/span><\/li>\n<li><span data-contrast=\"auto\">cr\u00e9er un mince jet d&rsquo;eau\u00a0<\/span><span data-ccp-props=\"{&quot;201341983&quot;:0,&quot;335559739&quot;:160,&quot;335559740&quot;:259}\">\u00a0<\/span><\/li>\n<\/ul>\n<h2><span data-contrast=\"auto\">ex\u00e9cution:<\/span><\/h2>\n<ul>\n<li><span data-contrast=\"auto\">tenir la cuill\u00e8re \u00e0 proximit\u00e9 du jet d&rsquo;eau\u00a0<\/span><\/li>\n<li><span data-contrast=\"auto\">placer la cuill\u00e8re dans le jet d&rsquo;eau\u00a0<\/span><span data-ccp-props=\"{&quot;201341983&quot;:0,&quot;335559739&quot;:160,&quot;335559740&quot;:259}\">\u00a0<\/span><\/li>\n<\/ul>\n<h2><span data-contrast=\"auto\">observation:\u00a0<\/span><span data-ccp-props=\"{&quot;201341983&quot;:0,&quot;335559739&quot;:160,&quot;335559740&quot;:259}\">\u00a0<\/span><\/h2>\n<ul>\n<li><span data-contrast=\"auto\"> le jet d&rsquo;eau se courbe en direction de la cuill\u00e8re\u00a0<\/span><span data-ccp-props=\"{&quot;201341983&quot;:0,&quot;335559739&quot;:160,&quot;335559740&quot;:259}\">\u00a0<\/span><\/li>\n<li><span data-contrast=\"auto\">si l&rsquo;eau entre en contact avec la cuill\u00e8re, la courbure diminue\u00a0<\/span><span data-ccp-props=\"{&quot;201341983&quot;:0,&quot;335559739&quot;:160,&quot;335559740&quot;:259}\">\u00a0<\/span><\/li>\n<\/ul>\n<h2><span data-contrast=\"auto\">Conseils:<\/span><\/h2>\n<p><span data-contrast=\"auto\">les cheveux secs fra\u00eechement lav\u00e9s sont \u00e9galement un bon mat\u00e9riau pour frotter.\u00a0<\/span><span data-ccp-props=\"{&quot;201341983&quot;:0,&quot;335559739&quot;:160,&quot;335559740&quot;:259}\">\u00a0<\/span><\/p>\n<h2><span data-contrast=\"auto\">Explication:\u00a0<\/span><span data-ccp-props=\"{&quot;201341983&quot;:0,&quot;335559739&quot;:160,&quot;335559740&quot;:259}\">\u00a0<\/span><\/h2>\n<ul>\n<li><span data-contrast=\"auto\">Les mol\u00e9cules d&rsquo;eau poss\u00e8dent un moment dipolaire \u00e9lectrique permanent. Dans le champ \u00e9lectrique de la cuill\u00e8re charg\u00e9e, les mol\u00e9cules du jet d&rsquo;eau s&rsquo;orientent dans le sens du champ et subissent des forces d&rsquo;attraction \u00e9lectrostatiques dans ce champ \u00e9lectrique inhomog\u00e8ne.\u00a0<\/span><span data-contrast=\"auto\">\u00a0<\/span><span data-ccp-props=\"{&quot;201341983&quot;:0,&quot;335559739&quot;:160,&quot;335559740&quot;:259}\">\u00a0<\/span><\/li>\n<li><span data-contrast=\"auto\">Au contact de l&rsquo;eau, les charges \u00e9lectriques s&rsquo;\u00e9chappent de la cuill\u00e8re.\u00a0<\/span><span data-ccp-props=\"{&quot;201341983&quot;:0,&quot;335559739&quot;:160,&quot;335559740&quot;:259}\">\u00a0<\/span><\/li>\n<\/ul>\n<h2><span data-contrast=\"auto\">Potentiel didactique: <\/span><span data-ccp-props=\"{&quot;201341983&quot;:0,&quot;335559739&quot;:160,&quot;335559740&quot;:259}\">\u00a0<\/span><\/h2>\n<p><span data-contrast=\"auto\">d\u00e9monstration simple des forces \u00e9lectrostatiques<\/span><span data-ccp-props=\"{&quot;201341983&quot;:0,&quot;335559739&quot;:160,&quot;335559740&quot;:259}\">\u00a0<\/span><\/p>\n","protected":false},"featured_media":1321,"template":"","meta":[],"product_brand":[],"product_cat":[973,883,893,896],"product_tag":[],"class_list":{"0":"post-1320","1":"product","2":"type-product","3":"status-publish","4":"has-post-thumbnail","6":"product_cat-1-electrostatique-charge","7":"product_cat-b-electricite-fr","8":"product_cat-g-tours-de-magie-fr","9":"product_cat-j-phsik-dans-la-cuisine","10":"","11":"woocommerce-text-align-left","12":"woocommerce-image-align-center","14":"first","15":"instock","16":"shipping-taxable","17":"product-type-simple"},"_links":{"self":[{"href":"https:\/\/experiments.school\/fr\/wp-json\/wp\/v2\/product\/1320","targetHints":{"allow":["GET"]}}],"collection":[{"href":"https:\/\/experiments.school\/fr\/wp-json\/wp\/v2\/product"}],"about":[{"href":"https:\/\/experiments.school\/fr\/wp-json\/wp\/v2\/types\/product"}],"wp:featuredmedia":[{"embeddable":true,"href":"https:\/\/experiments.school\/fr\/wp-json\/wp\/v2\/media\/1321"}],"wp:attachment":[{"href":"https:\/\/experiments.school\/fr\/wp-json\/wp\/v2\/media?parent=1320"}],"wp:term":[{"taxonomy":"product_brand","embeddable":true,"href":"https:\/\/experiments.school\/fr\/wp-json\/wp\/v2\/product_brand?post=1320"},{"taxonomy":"product_cat","embeddable":true,"href":"https:\/\/experiments.school\/fr\/wp-json\/wp\/v2\/product_cat?post=1320"},{"taxonomy":"product_tag","embeddable":true,"href":"https:\/\/experiments.school\/fr\/wp-json\/wp\/v2\/product_tag?post=1320"}],"curies":[{"name":"wp","href":"https:\/\/api.w.org\/{rel}","templated":true}]}}