{"id":1312,"date":"2022-05-05T15:06:43","date_gmt":"2022-06-25T11:19:24","guid":{"rendered":"https:\/\/experiments.school\/?post_type=product&#038;p=1312"},"modified":"2022-07-01T10:37:19","modified_gmt":"2022-07-01T08:37:19","slug":"033-separation-electrostatique-des-materiaux","status":"publish","type":"product","link":"https:\/\/experiments.school\/fr\/produkt\/033-separation-electrostatique-des-materiaux\/","title":{"rendered":"033 &#8211; S\u00e9paration \u00e9lectrostatique des mat\u00e9riaux"},"content":{"rendered":"","protected":false},"excerpt":{"rendered":"<h2><strong>S\u00e9paration du sel et du poivre <\/strong><span data-ccp-props=\"{&quot;201341983&quot;:0,&quot;335559739&quot;:160,&quot;335559740&quot;:259}\">\u00a0<\/span><\/h2>\n<h2><span data-contrast=\"auto\">Introduction \u00e0 : <\/span><span data-ccp-props=\"{&quot;201341983&quot;:0,&quot;335559739&quot;:160,&quot;335559740&quot;:259}\">\u00a0<\/span><\/h2>\n<p><span data-contrast=\"auto\">Tribo\u00e9lectricit\u00e9, charge, transfert de charge, polarisation, force \u00e9lectrostatique <\/span><span data-ccp-props=\"{&quot;201341983&quot;:0,&quot;335559739&quot;:160,&quot;335559740&quot;:259}\">\u00a0<\/span><\/p>\n<p>https:\/\/experiments.school\/wp-content\/uploads\/2022\/05\/033-video.mp4<\/p>\n<h2><span data-contrast=\"auto\">Mat\u00e9riel: <\/span><span data-ccp-props=\"{&quot;201341983&quot;:0,&quot;335559739&quot;:160,&quot;335559740&quot;:259}\">\u00a0<\/span><\/h2>\n<ol>\n<li><span data-contrast=\"auto\">\u00a0Cuill\u00e8re en plastique \/ r\u00e8gle en plastique \/ ballon de baudruche <\/span><\/li>\n<li><span data-contrast=\"auto\">M\u00e9lange de sel et de poivre <\/span><\/li>\n<li><span data-contrast=\"auto\">Poivre <\/span><span data-ccp-props=\"{&quot;201341983&quot;:0,&quot;335559739&quot;:160,&quot;335559740&quot;:259}\">\u00a0<\/span><\/li>\n<\/ol>\n<p><span data-contrast=\"auto\">+ Tissu de laine \/ fourrure \u00e0 frotter (pour la charge \u00e9lectrostatique) <\/span><span data-ccp-props=\"{&quot;201341983&quot;:0,&quot;335559739&quot;:160,&quot;335559740&quot;:259}\">\u00a0<\/span><\/p>\n<h2><span data-ccp-props=\"{&quot;201341983&quot;:0,&quot;335559739&quot;:160,&quot;335559740&quot;:259}\">Montage:<\/span><\/h2>\n<ul>\n<li><span data-contrast=\"auto\">\u00a0\u00a0\u00a0 pr\u00e9parer un m\u00e9lange de sel fin et de poivre finement moulu <\/span><span data-ccp-props=\"{&quot;201341983&quot;:0,&quot;335559739&quot;:160,&quot;335559740&quot;:259}\">\u00a0<\/span><\/li>\n<li><span data-contrast=\"auto\">\u00a0\u00a0\u00a0 charger \u00e9lectrostatiquement la cuill\u00e8re en plastique en la frottant.\u00a0 <\/span><span data-ccp-props=\"{&quot;201341983&quot;:0,&quot;335559739&quot;:160,&quot;335559740&quot;:259}\"><br \/>\n<\/span><\/li>\n<\/ul>\n<h2><span data-contrast=\"auto\">Ex\u00e9cution: <\/span><span data-ccp-props=\"{&quot;201341983&quot;:0,&quot;335559739&quot;:160,&quot;335559740&quot;:259}\">\u00a0<\/span><\/h2>\n<p><span data-contrast=\"auto\">passer la cuill\u00e8re sur le m\u00e9lange <\/span><span data-ccp-props=\"{&quot;201341983&quot;:0,&quot;335559739&quot;:160,&quot;335559740&quot;:259}\">\u00a0<\/span><\/p>\n<h2><span data-contrast=\"auto\">Observation : <\/span><span data-ccp-props=\"{&quot;201341983&quot;:0,&quot;335559739&quot;:160,&quot;335559740&quot;:259}\">\u00a0<\/span><\/h2>\n<p><span data-contrast=\"auto\">le poivre est attir\u00e9 par la cuill\u00e8re et y reste coll\u00e9, le sel reste en place <\/span><span data-ccp-props=\"{&quot;201341983&quot;:0,&quot;335559739&quot;:160,&quot;335559740&quot;:259}\">\u00a0<\/span><\/p>\n<h2><span data-contrast=\"auto\">Explication: <\/span><span data-ccp-props=\"{&quot;201341983&quot;:0,&quot;335559739&quot;:160,&quot;335559740&quot;:259}\">\u00a0<\/span><\/h2>\n<ul>\n<li><span data-contrast=\"auto\">\u00a0 les cha\u00eenes carbone-hydrog\u00e8ne dans le poivre sont polaris\u00e9es dans le champ \u00e9lectrique de la cuill\u00e8re, de m\u00eame que les charges dans le cristal de sel NaCl <\/span><span data-ccp-props=\"{&quot;201341983&quot;:0,&quot;335559739&quot;:160,&quot;335559740&quot;:259}\">\u00a0<\/span><\/li>\n<li><span data-contrast=\"auto\">\u00a0 dans le champ inhomog\u00e8ne de la cuill\u00e8re, une attraction \u00e9lectrostatique se produit sur les deux <\/span><span data-ccp-props=\"{&quot;201341983&quot;:0,&quot;335559739&quot;:160,&quot;335559740&quot;:259}\">\u00a0<\/span><\/li>\n<li><span data-contrast=\"auto\">\u00a0 les cristaux de sel sont beaucoup plus lourds et ne sont donc pas soulev\u00e9s aussi facilement que le poivre <\/span><span data-ccp-props=\"{&quot;201341983&quot;:0,&quot;335559739&quot;:160,&quot;335559740&quot;:259}\">\u00a0<\/span><\/li>\n<\/ul>\n","protected":false},"featured_media":1313,"template":"","meta":[],"product_brand":[],"product_cat":[973,883,893,896],"product_tag":[],"class_list":{"0":"post-1312","1":"product","2":"type-product","3":"status-publish","4":"has-post-thumbnail","6":"product_cat-1-electrostatique-charge","7":"product_cat-b-electricite-fr","8":"product_cat-g-tours-de-magie-fr","9":"product_cat-j-phsik-dans-la-cuisine","10":"","11":"woocommerce-text-align-left","12":"woocommerce-image-align-center","14":"first","15":"instock","16":"shipping-taxable","17":"product-type-simple"},"_links":{"self":[{"href":"https:\/\/experiments.school\/fr\/wp-json\/wp\/v2\/product\/1312","targetHints":{"allow":["GET"]}}],"collection":[{"href":"https:\/\/experiments.school\/fr\/wp-json\/wp\/v2\/product"}],"about":[{"href":"https:\/\/experiments.school\/fr\/wp-json\/wp\/v2\/types\/product"}],"wp:featuredmedia":[{"embeddable":true,"href":"https:\/\/experiments.school\/fr\/wp-json\/wp\/v2\/media\/1313"}],"wp:attachment":[{"href":"https:\/\/experiments.school\/fr\/wp-json\/wp\/v2\/media?parent=1312"}],"wp:term":[{"taxonomy":"product_brand","embeddable":true,"href":"https:\/\/experiments.school\/fr\/wp-json\/wp\/v2\/product_brand?post=1312"},{"taxonomy":"product_cat","embeddable":true,"href":"https:\/\/experiments.school\/fr\/wp-json\/wp\/v2\/product_cat?post=1312"},{"taxonomy":"product_tag","embeddable":true,"href":"https:\/\/experiments.school\/fr\/wp-json\/wp\/v2\/product_tag?post=1312"}],"curies":[{"name":"wp","href":"https:\/\/api.w.org\/{rel}","templated":true}]}}