{"id":1273,"date":"2022-05-05T20:34:18","date_gmt":"2022-05-31T17:00:47","guid":{"rendered":"https:\/\/experiments.school\/?post_type=product&#038;p=1273"},"modified":"2022-07-01T10:04:05","modified_gmt":"2022-07-01T08:04:05","slug":"006-bouteille-qui-sonne","status":"publish","type":"product","link":"https:\/\/experiments.school\/fr\/produkt\/006-bouteille-qui-sonne\/","title":{"rendered":"006 &#8211; Bouteille qui sonne"},"content":{"rendered":"","protected":false},"excerpt":{"rendered":"<h2><strong>Des sons de sifflet et de cloche en bouteille\u00a0\u00a0<\/strong><\/h2>\n<h2><span data-contrast=\"auto\">Introduction \u00e0: <\/span><span data-ccp-props=\"{&quot;201341983&quot;:0,&quot;335559739&quot;:160,&quot;335559740&quot;:259}\"><br \/>\n<\/span><\/h2>\n<p><span data-contrast=\"auto\">Vibration, hauteur de son, niveau d&rsquo;eau, instrument de musique, longueur d&rsquo;onde\u00a0<\/span><\/p>\n[video width=\"1920\" height=\"1080\" mp4=\"https:\/\/experiments.school\/wp-content\/uploads\/2022\/05\/4.13-Pfeifen-1.mp4\"][\/video]\n<p>https:\/\/experiments.school\/wp-content\/uploads\/2022\/05\/4.13-Glocken-1.mp4<\/p>\n<p>&nbsp;<\/p>\n<h2><span data-contrast=\"auto\">Mat\u00e9riel:\u00a0<\/span><span data-ccp-props=\"{&quot;201341983&quot;:0,&quot;335559739&quot;:160,&quot;335559740&quot;:259}\">\u00a0<\/span><\/h2>\n<ul>\n<li><span data-contrast=\"auto\">Bouteille de verre\u00a0<\/span><span data-ccp-props=\"{&quot;201341983&quot;:0,&quot;335559739&quot;:160,&quot;335559740&quot;:259}\">\u00a0<\/span><\/li>\n<li><span data-contrast=\"auto\">battant, par ex. cuill\u00e8re \u00e0 caf\u00e9\u00a0<\/span><span data-ccp-props=\"{&quot;201341983&quot;:0,&quot;335559739&quot;:160,&quot;335559740&quot;:259}\">\u00a0<\/span><\/li>\n<\/ul>\n<h2><span data-contrast=\"auto\">Instructions:\u00a0<\/span><span data-ccp-props=\"{&quot;201341983&quot;:0,&quot;335559739&quot;:160,&quot;335559740&quot;:259}\">\u00a0<\/span><\/h2>\n<p><strong>Sifflet:\u00a0\u00a0\u00a0<\/strong><\/p>\n<ul>\n<li><span data-contrast=\"auto\">Soufflez dans le goulot de la bouteille jusqu&rsquo;\u00e0 ce qu&rsquo;un son apparaisse.\u00a0\u00a0<\/span><span data-ccp-props=\"{&quot;201341983&quot;:0,&quot;335559739&quot;:160,&quot;335559740&quot;:259}\">\u00a0<\/span><\/li>\n<li><span data-contrast=\"auto\">Remplissez la bouteille de diff\u00e9rentes quantit\u00e9s d&rsquo;eau et \u00e9coutez comment le son se modifie.\u00a0\u00a0<\/span><span data-ccp-props=\"{&quot;201341983&quot;:0,&quot;335559739&quot;:160,&quot;335559740&quot;:259}\">\u00a0<\/span><\/li>\n<\/ul>\n<p><strong>Cloche:\u00a0\u00a0\u00a0<\/strong><\/p>\n<ul>\n<li><span data-contrast=\"auto\">Tapez sur la bouteille avec le battant de mani\u00e8re \u00e0 ce qu&rsquo;un son se fasse entendre.\u00a0\u00a0<\/span><span data-ccp-props=\"{&quot;201341983&quot;:0,&quot;335559739&quot;:160,&quot;335559740&quot;:259}\">\u00a0<\/span><\/li>\n<li><span data-contrast=\"auto\">Cette fois encore, remplissez la bouteille de plus d&rsquo;eau et \u00e9coutez le son.\u00a0<\/span><span data-ccp-props=\"{&quot;201341983&quot;:0,&quot;335559739&quot;:160,&quot;335559740&quot;:259}\">\u00a0<\/span><\/li>\n<\/ul>\n<h2><span data-contrast=\"auto\">Observation:\u00a0<\/span><span data-ccp-props=\"{&quot;201341983&quot;:0,&quot;335559739&quot;:160,&quot;335559740&quot;:259}\">\u00a0<\/span><\/h2>\n<p><strong>Sifflet:\u00a0\u00a0\u00a0\u00a0<\/strong><\/p>\n<p><span data-contrast=\"auto\">Lorsque l&rsquo;on souffle dans la bouteille, on entend un son semblable \u00e0 celui d&rsquo;un sifflet.\u00a0\u00a0<\/span><span data-ccp-props=\"{&quot;201341983&quot;:0,&quot;335559739&quot;:160,&quot;335559740&quot;:259}\">\u00a0<\/span><\/p>\n<p><span data-contrast=\"auto\">Plus le niveau d&rsquo;eau est \u00e9lev\u00e9, plus le son est aigu.\u00a0\u00a0\u00a0\u00a0<\/span><span data-ccp-props=\"{&quot;201341983&quot;:0,&quot;335559739&quot;:160,&quot;335559740&quot;:259}\">\u00a0<\/span><\/p>\n<p><span data-contrast=\"auto\"><strong>Cloche:<\/strong>\u00a0\u00a0<\/span><span data-ccp-props=\"{&quot;201341983&quot;:0,&quot;335559739&quot;:160,&quot;335559740&quot;:259}\">\u00a0<\/span><span data-contrast=\"auto\">\u00a0<\/span><span data-ccp-props=\"{&quot;201341983&quot;:0,&quot;335559739&quot;:160,&quot;335559740&quot;:259}\">\u00a0<\/span><\/p>\n<p><span data-contrast=\"auto\">Si l&rsquo;on tape sur la bouteille avec la cuill\u00e8re, un son est \u00e9galement produit.\u00a0<\/span><span data-ccp-props=\"{&quot;201341983&quot;:0,&quot;335559739&quot;:160,&quot;335559740&quot;:259}\">\u00a0<\/span><\/p>\n<p><span data-contrast=\"auto\">Mais cette fois, la hauteur du son diminue lorsque le niveau d&rsquo;eau augmente.\u00a0<\/span><\/p>\n","protected":false},"featured_media":1276,"template":"","meta":[],"product_brand":[],"product_cat":[940,949,699],"product_tag":[],"class_list":{"0":"post-1273","1":"product","2":"type-product","3":"status-publish","4":"has-post-thumbnail","6":"product_cat-13-oscillations-ondes","7":"product_cat-16-acoustique","8":"product_cat-a-mecanique","9":"","10":"woocommerce-text-align-left","11":"woocommerce-image-align-center","13":"first","14":"instock","15":"shipping-taxable","16":"product-type-simple"},"_links":{"self":[{"href":"https:\/\/experiments.school\/fr\/wp-json\/wp\/v2\/product\/1273","targetHints":{"allow":["GET"]}}],"collection":[{"href":"https:\/\/experiments.school\/fr\/wp-json\/wp\/v2\/product"}],"about":[{"href":"https:\/\/experiments.school\/fr\/wp-json\/wp\/v2\/types\/product"}],"wp:featuredmedia":[{"embeddable":true,"href":"https:\/\/experiments.school\/fr\/wp-json\/wp\/v2\/media\/1276"}],"wp:attachment":[{"href":"https:\/\/experiments.school\/fr\/wp-json\/wp\/v2\/media?parent=1273"}],"wp:term":[{"taxonomy":"product_brand","embeddable":true,"href":"https:\/\/experiments.school\/fr\/wp-json\/wp\/v2\/product_brand?post=1273"},{"taxonomy":"product_cat","embeddable":true,"href":"https:\/\/experiments.school\/fr\/wp-json\/wp\/v2\/product_cat?post=1273"},{"taxonomy":"product_tag","embeddable":true,"href":"https:\/\/experiments.school\/fr\/wp-json\/wp\/v2\/product_tag?post=1273"}],"curies":[{"name":"wp","href":"https:\/\/api.w.org\/{rel}","templated":true}]}}