{"id":1243,"date":"2022-05-05T20:20:25","date_gmt":"2022-06-24T09:20:07","guid":{"rendered":"https:\/\/experiments.school\/?post_type=product&#038;p=1243"},"modified":"2022-07-01T10:07:19","modified_gmt":"2022-07-01T08:07:19","slug":"092-oiseau-de-balance","status":"publish","type":"product","link":"https:\/\/experiments.school\/fr\/produkt\/092-oiseau-de-balance\/","title":{"rendered":"092 &#8211; Oiseau de balance"},"content":{"rendered":"","protected":false},"excerpt":{"rendered":"<h2><strong><span class=\"TextRun SCXW106937216 BCX4\" lang=\"DE-DE\" xml:lang=\"DE-DE\" data-contrast=\"auto\"><span class=\"NormalTextRun SpellingErrorV2Themed SCXW106937216 BCX4\">O\u00f9<\/span><span class=\"NormalTextRun SCXW106937216 BCX4\"> se <\/span><span class=\"NormalTextRun SpellingErrorV2Themed SCXW106937216 BCX4\">trouve<\/span><span class=\"NormalTextRun SCXW106937216 BCX4\"> le <\/span><span class=\"NormalTextRun SpellingErrorV2Themed SCXW106937216 BCX4\">centre<\/span><span class=\"NormalTextRun SCXW106937216 BCX4\"> de <\/span><span class=\"NormalTextRun SpellingErrorV2Themed SpellingErrorHighlight SCXW106937216 BCX4\">gravit\u00e9<\/span><span class=\"NormalTextRun SCXW106937216 BCX4\">?\u00a0<\/span><\/span><\/strong><\/h2>\n<h2><span data-contrast=\"auto\">Introduction \u00e0:\u00a0 <\/span><span data-ccp-props=\"{&quot;201341983&quot;:0,&quot;335559739&quot;:160,&quot;335559740&quot;:259}\"><br \/>\n<\/span><\/h2>\n<p><span data-contrast=\"auto\">Centre de gravit\u00e9, \u00e9quilibre des forces, \u00e9quilibre stable, r\u00e9partition de la masse\u00a0<\/span><span data-ccp-props=\"{&quot;201341983&quot;:0,&quot;335559739&quot;:160,&quot;335559740&quot;:259}\">\u00a0<\/span><\/p>\n[video width=\"1920\" height=\"1080\" mp4=\"https:\/\/experiments.school\/wp-content\/uploads\/2022\/05\/092-2.mp4\"][\/video]\n<h2><span data-contrast=\"auto\">Mat\u00e9riel:\u00a0<\/span><span data-contrast=\"auto\">\u00a0<\/span><span data-ccp-props=\"{&quot;201341983&quot;:0,&quot;335559739&quot;:160,&quot;335559740&quot;:259}\">\u00a0<\/span><\/h2>\n<p><span data-contrast=\"auto\">Oiseau de balance (en plastique dur), disponible dans le commerce sous forme de produit fini\u00a0<\/span><span data-ccp-props=\"{&quot;201341983&quot;:0,&quot;335559739&quot;:160,&quot;335559740&quot;:259}\">\u00a0<\/span><\/p>\n<h2><span data-contrast=\"auto\">Instructions:\u00a0<\/span><span data-ccp-props=\"{&quot;201341983&quot;:0,&quot;335559739&quot;:160,&quot;335559740&quot;:259}\">\u00a0<\/span><\/h2>\n<ul>\n<li><span data-contrast=\"auto\">\u00a0\u00a0\u00a0 Placez l&rsquo;oiseau avec le bout du bec sur un doigt.\u00a0<\/span><span data-ccp-props=\"{&quot;201341983&quot;:0,&quot;335559739&quot;:160,&quot;335559740&quot;:259}\">\u00a0<\/span><\/li>\n<li><span data-contrast=\"auto\">\u00a0\u00a0\u00a0 Laisse l&rsquo;oiseau se balancer sur le doigt.\u00a0<\/span><span data-ccp-props=\"{&quot;201341983&quot;:0,&quot;335559739&quot;:160,&quot;335559740&quot;:259}\">\u00a0<\/span><\/li>\n<li><span data-contrast=\"auto\">\u00a0\u00a0\u00a0 Fais tourner l&rsquo;oiseau lentement.<\/span><span data-ccp-props=\"{&quot;201341983&quot;:0,&quot;335559739&quot;:160,&quot;335559740&quot;:259}\">\u00a0<\/span><\/li>\n<\/ul>\n<h2><span data-contrast=\"auto\">Observation:\u00a0<\/span><\/h2>\n<ul>\n<li><span data-contrast=\"auto\">L&rsquo;oiseau ne tombe pas du doigt, que ce soit en se balan\u00e7ant ou en tournant.\u00a0\u00a0<\/span><span data-ccp-props=\"{&quot;201341983&quot;:0,&quot;335559739&quot;:160,&quot;335559740&quot;:259}\">\u00a0<\/span><\/li>\n<li><span data-contrast=\"auto\">Sa position est stable.\u00a0<\/span><span data-ccp-props=\"{&quot;201341983&quot;:0,&quot;335559739&quot;:160,&quot;335559740&quot;:259}\">\u00a0<\/span><\/li>\n<\/ul>\n<h2><span data-contrast=\"auto\">Explication:\u00a0<\/span><span data-ccp-props=\"{&quot;201341983&quot;:0,&quot;335559739&quot;:160,&quot;335559740&quot;:259}\">\u00a0<\/span><\/h2>\n<ul>\n<li><span data-contrast=\"auto\">Des poids sont cach\u00e9s dans les bouts d&rsquo;ailes recourb\u00e9s vers le bas, de sorte que le centre de gravit\u00e9 de l&rsquo;oiseau se trouve nettement en dessous du bout de son bec.\u00a0\u00a0<\/span><span data-ccp-props=\"{&quot;201341983&quot;:0,&quot;335559739&quot;:160,&quot;335559740&quot;:259}\">\u00a0<\/span><\/li>\n<li><span data-contrast=\"auto\">Le point d&rsquo;appui sur le doigt se trouve donc au-dessus du centre de gravit\u00e9. Cela permet de maintenir un \u00e9quilibre stable.\u00a0<\/span><span data-ccp-props=\"{&quot;201341983&quot;:0,&quot;335559739&quot;:160,&quot;335559740&quot;:259}\">\u00a0<\/span><\/li>\n<\/ul>\n<h2><strong><span class=\"EOP SCXW106937216 BCX4\" data-ccp-props=\"{&quot;201341983&quot;:0,&quot;335559739&quot;:160,&quot;335559740&quot;:259}\">\u00a0<\/span><\/strong><\/h2>\n","protected":false},"featured_media":1245,"template":"","meta":[],"product_brand":[],"product_cat":[906,907,699,893],"product_tag":[],"class_list":{"0":"post-1243","1":"product","2":"type-product","3":"status-publish","4":"has-post-thumbnail","6":"product_cat-1-masse-poids-densite-centre-de-gravite","7":"product_cat-2-force-equilibre-des-forces","8":"product_cat-a-mecanique","9":"product_cat-g-tours-de-magie-fr","10":"","11":"woocommerce-text-align-left","12":"woocommerce-image-align-center","14":"first","15":"instock","16":"shipping-taxable","17":"product-type-simple"},"_links":{"self":[{"href":"https:\/\/experiments.school\/fr\/wp-json\/wp\/v2\/product\/1243","targetHints":{"allow":["GET"]}}],"collection":[{"href":"https:\/\/experiments.school\/fr\/wp-json\/wp\/v2\/product"}],"about":[{"href":"https:\/\/experiments.school\/fr\/wp-json\/wp\/v2\/types\/product"}],"wp:featuredmedia":[{"embeddable":true,"href":"https:\/\/experiments.school\/fr\/wp-json\/wp\/v2\/media\/1245"}],"wp:attachment":[{"href":"https:\/\/experiments.school\/fr\/wp-json\/wp\/v2\/media?parent=1243"}],"wp:term":[{"taxonomy":"product_brand","embeddable":true,"href":"https:\/\/experiments.school\/fr\/wp-json\/wp\/v2\/product_brand?post=1243"},{"taxonomy":"product_cat","embeddable":true,"href":"https:\/\/experiments.school\/fr\/wp-json\/wp\/v2\/product_cat?post=1243"},{"taxonomy":"product_tag","embeddable":true,"href":"https:\/\/experiments.school\/fr\/wp-json\/wp\/v2\/product_tag?post=1243"}],"curies":[{"name":"wp","href":"https:\/\/api.w.org\/{rel}","templated":true}]}}