{"id":1232,"date":"2022-05-05T19:52:10","date_gmt":"2022-06-24T09:36:04","guid":{"rendered":"https:\/\/experiments.school\/?post_type=product&#038;p=1232"},"modified":"2022-07-31T15:43:04","modified_gmt":"2022-07-31T13:43:04","slug":"094-pierre-branlante","status":"publish","type":"product","link":"https:\/\/experiments.school\/fr\/produkt\/094-pierre-branlante\/","title":{"rendered":"094 &#8211; Pierre branlante"},"content":{"rendered":"","protected":false},"excerpt":{"rendered":"<h2><strong>Inversion du sens de rotation\u00a0\u00a0<\/strong><\/h2>\n<h2><span data-contrast=\"auto\">Introduction \u00e0:\u00a0<\/span><\/h2>\n<p><span data-contrast=\"auto\">Moment cin\u00e9tique, conservation du moment cin\u00e9tique, couple de rotation\u00a0<\/span><\/p>\n<p>https:\/\/experiments.school\/wp-content\/uploads\/2022\/05\/Wackelstein-LSH.mp4<\/p>\n<p>&nbsp;<\/p>\n<h2><span data-contrast=\"auto\">Mat\u00e9riel:\u00a0<\/span><span data-ccp-props=\"{&quot;201341983&quot;:0,&quot;335559739&quot;:160,&quot;335559740&quot;:259}\">\u00a0<\/span><\/h2>\n<p><span data-contrast=\"auto\">Pierre celtique branlante en verre, disponible comme produit fini dans le commerce\u00a0<\/span><span data-ccp-props=\"{&quot;201341983&quot;:0,&quot;335559739&quot;:160,&quot;335559740&quot;:259}\">\u00a0<\/span><\/p>\n<h2><span data-contrast=\"auto\">Instructions:\u00a0<\/span><span data-ccp-props=\"{&quot;201341983&quot;:0,&quot;335559739&quot;:160,&quot;335559740&quot;:259}\">\u00a0<\/span><\/h2>\n<ul>\n<li><span data-contrast=\"auto\">Pose la pierre branlante sur une surface plane et fais-la tourner rapidement.\u00a0\u00a0<\/span><span data-ccp-props=\"{&quot;201341983&quot;:0,&quot;335559739&quot;:160,&quot;335559740&quot;:259}\">\u00a0<\/span><\/li>\n<li><span data-contrast=\"auto\">Recommence l&rsquo;exp\u00e9rience, cette fois dans l&rsquo;autre sens de rotation.\u00a0<\/span><span data-ccp-props=\"{&quot;201341983&quot;:0,&quot;335559739&quot;:160,&quot;335559740&quot;:259}\">\u00a0<\/span><\/li>\n<\/ul>\n<h2><span data-contrast=\"auto\">Observation:\u00a0<\/span><span data-ccp-props=\"{&quot;201341983&quot;:0,&quot;335559739&quot;:160,&quot;335559740&quot;:259}\">\u00a0<\/span><\/h2>\n<ul>\n<li><span data-contrast=\"auto\">En tournant dans un sens, le corps en verre conserve son sens de rotation.\u00a0\u00a0<\/span><span data-ccp-props=\"{&quot;201341983&quot;:0,&quot;335559739&quot;:160,&quot;335559740&quot;:259}\">\u00a0<\/span><\/li>\n<li><span data-contrast=\"auto\">En tournant dans l&rsquo;autre sens, la rotation ralentit et s&rsquo;arr\u00eate.\u00a0\u00a0<\/span><span data-ccp-props=\"{&quot;201341983&quot;:0,&quot;335559739&quot;:160,&quot;335559740&quot;:259}\">\u00a0<\/span><\/li>\n<li><span data-contrast=\"auto\">Un fort vacillement se produit alors.\u00a0\u00a0<\/span><span data-ccp-props=\"{&quot;201341983&quot;:0,&quot;335559739&quot;:160,&quot;335559740&quot;:259}\">\u00a0<\/span><\/li>\n<li><span data-contrast=\"auto\">Ensuite, il y a m\u00eame une rotation dans le sens inverse!\u00a0<\/span><span data-ccp-props=\"{&quot;201341983&quot;:0,&quot;335559739&quot;:160,&quot;335559740&quot;:259}\">\u00a0<\/span><span data-contrast=\"auto\">\u00a0<\/span><span data-ccp-props=\"{&quot;201341983&quot;:0,&quot;335559739&quot;:160,&quot;335559740&quot;:259}\">\u00a0<\/span><\/li>\n<\/ul>\n<h2><span data-contrast=\"auto\">Explication:\u00a0<\/span><\/h2>\n<ul>\n<li><span data-contrast=\"auto\">Lors du d\u00e9hanchement, une force est transmise au support. En r\u00e9action, la pierre branlante subit un couple de rotation qui modifie son moment cin\u00e9tique. La conservation du moment angulaire n&rsquo;est valable que pour un objet sur lequel aucune force n&rsquo;est appliqu\u00e9e.\u00a0<\/span><\/li>\n<li><span data-contrast=\"auto\">L&rsquo;\u00e9nergie totale reste constamment la m\u00eame : l&rsquo;\u00e9nergie de rotation initiale se transforme en \u00e9nergie cin\u00e9tique et potentielle lors du vacillement, puis \u00e0 nouveau en \u00e9nergie de rotation.\u00a0<\/span><span data-ccp-props=\"{&quot;201341983&quot;:0,&quot;335559739&quot;:160,&quot;335559740&quot;:259}\">\u00a0<\/span><\/li>\n<\/ul>\n<p>&nbsp;<\/p>\n","protected":false},"featured_media":1575,"template":"","meta":[],"product_brand":[],"product_cat":[934,699,893,894],"product_tag":[],"class_list":{"0":"post-1232","1":"product","2":"type-product","3":"status-publish","4":"has-post-thumbnail","6":"product_cat-11-moment-cinetique-conservation-du-moment-cinetique","7":"product_cat-a-mecanique","8":"product_cat-g-tours-de-magie-fr","9":"product_cat-h-experiences-historiques-fr","10":"","11":"woocommerce-text-align-left","12":"woocommerce-image-align-center","14":"first","15":"instock","16":"shipping-taxable","17":"product-type-simple"},"_links":{"self":[{"href":"https:\/\/experiments.school\/fr\/wp-json\/wp\/v2\/product\/1232","targetHints":{"allow":["GET"]}}],"collection":[{"href":"https:\/\/experiments.school\/fr\/wp-json\/wp\/v2\/product"}],"about":[{"href":"https:\/\/experiments.school\/fr\/wp-json\/wp\/v2\/types\/product"}],"wp:featuredmedia":[{"embeddable":true,"href":"https:\/\/experiments.school\/fr\/wp-json\/wp\/v2\/media\/1575"}],"wp:attachment":[{"href":"https:\/\/experiments.school\/fr\/wp-json\/wp\/v2\/media?parent=1232"}],"wp:term":[{"taxonomy":"product_brand","embeddable":true,"href":"https:\/\/experiments.school\/fr\/wp-json\/wp\/v2\/product_brand?post=1232"},{"taxonomy":"product_cat","embeddable":true,"href":"https:\/\/experiments.school\/fr\/wp-json\/wp\/v2\/product_cat?post=1232"},{"taxonomy":"product_tag","embeddable":true,"href":"https:\/\/experiments.school\/fr\/wp-json\/wp\/v2\/product_tag?post=1232"}],"curies":[{"name":"wp","href":"https:\/\/api.w.org\/{rel}","templated":true}]}}