{"id":1217,"date":"2022-05-05T15:53:48","date_gmt":"2022-06-24T09:44:55","guid":{"rendered":"https:\/\/experiments.school\/?post_type=product&#038;p=1217"},"modified":"2022-07-01T10:12:13","modified_gmt":"2022-07-01T08:12:13","slug":"056-transmission-de-limpulsion","status":"publish","type":"product","link":"https:\/\/experiments.school\/fr\/produkt\/056-transmission-de-limpulsion\/","title":{"rendered":"056 &#8211; Transmission de l&rsquo;impulsion"},"content":{"rendered":"","protected":false},"excerpt":{"rendered":"<h2><strong>Pouss\u00e9e avec trois pi\u00e8ces de monnaie<\/strong><\/h2>\n<table style=\"border-collapse: collapse; width: 97px; height: 5px;\" width=\"142\">\n<tbody>\n<tr style=\"height: 12.75pt;\">\n<td style=\"width: 107pt; height: 12.75pt;\" width=\"142\" height=\"17\"><\/td>\n<\/tr>\n<\/tbody>\n<\/table>\n<h2>Introduction \u00e0:<\/h2>\n<p><span data-contrast=\"auto\">Conservation de l&rsquo;impulsion, choc \u00e9lastique, transmission de l&rsquo;impulsion, choc central\u00a0<\/span><span data-ccp-props=\"{&quot;201341983&quot;:0,&quot;335559739&quot;:160,&quot;335559740&quot;:259}\">\u00a0<\/span><\/p>\n[video width=\"1920\" height=\"1080\" mp4=\"https:\/\/experiments.school\/wp-content\/uploads\/2022\/05\/F1_8-Stossende-Muenzen-2.mp4\"][\/video]\n<h2><\/h2>\n<h2><span data-contrast=\"auto\">Mat\u00e9riel:\u00a0<\/span><span data-ccp-props=\"{&quot;201341983&quot;:0,&quot;335559739&quot;:160,&quot;335559740&quot;:259}\">\u00a0<\/span><\/h2>\n<p><span data-contrast=\"auto\">trois pi\u00e8ces de monnaie identiques\u00a0<\/span><span data-ccp-props=\"{&quot;201341983&quot;:0,&quot;335559739&quot;:160,&quot;335559740&quot;:259}\">\u00a0<\/span><\/p>\n<h2><span data-contrast=\"auto\">Instructions:\u00a0<\/span><span data-ccp-props=\"{&quot;201341983&quot;:0,&quot;335559739&quot;:160,&quot;335559740&quot;:259}\">\u00a0<\/span><\/h2>\n<ul>\n<li><span data-contrast=\"auto\">placer deux pi\u00e8ces de monnaie directement l&rsquo;une contre l&rsquo;autre, de sorte qu&rsquo;elles se touchent.\u00a0<\/span><span data-ccp-props=\"{&quot;201341983&quot;:0,&quot;335559739&quot;:160,&quot;335559740&quot;:259}\">\u00a0<\/span><\/li>\n<li><span data-contrast=\"auto\">placer la troisi\u00e8me pi\u00e8ce en ligne droite avec les deux pi\u00e8ces, \u00e0 une distance de 1 \u00e0 2 diam\u00e8tres de la pi\u00e8ce\u00a0<\/span><span data-ccp-props=\"{&quot;201341983&quot;:0,&quot;335559739&quot;:160,&quot;335559740&quot;:259}\">\u00a0<\/span><\/li>\n<li><span data-contrast=\"auto\">claquer la troisi\u00e8me pi\u00e8ce au centre contre les autres avec le doigt\u00a0<\/span><span data-ccp-props=\"{&quot;201341983&quot;:0,&quot;335559739&quot;:160,&quot;335559740&quot;:259}\">\u00a0<\/span><\/li>\n<\/ul>\n<h2><span data-contrast=\"auto\">Observation:\u00a0<\/span><span data-ccp-props=\"{&quot;201341983&quot;:0,&quot;335559739&quot;:160,&quot;335559740&quot;:259}\">\u00a0<\/span><\/h2>\n<ul>\n<li><span data-contrast=\"auto\">La pi\u00e8ce qui frappe et la pi\u00e8ce centrale restent immobiles.\u00a0<\/span><span data-ccp-props=\"{&quot;201341983&quot;:0,&quot;335559739&quot;:160,&quot;335559740&quot;:259}\">\u00a0<\/span><\/li>\n<li><span data-contrast=\"auto\">La pi\u00e8ce de devant est repouss\u00e9e.\u00a0<\/span><span data-contrast=\"auto\">\u00a0<\/span><span data-ccp-props=\"{&quot;201341983&quot;:0,&quot;335559739&quot;:160,&quot;335559740&quot;:259}\">\u00a0<\/span><\/li>\n<\/ul>\n<h2><span data-contrast=\"auto\">Conseil:\u00a0<\/span><span data-ccp-props=\"{&quot;201341983&quot;:0,&quot;335559739&quot;:160,&quot;335559740&quot;:259}\">\u00a0<\/span><\/h2>\n<p><span data-contrast=\"auto\">La plus grande difficult\u00e9 consiste \u00e0 faire s&rsquo;entrechoquer les pi\u00e8ces de monnaie au centre. Utiliser \u00e9ventuellement deux crayons lisses comme rail !\u00a0<\/span><span data-ccp-props=\"{&quot;201341983&quot;:0,&quot;335559739&quot;:160,&quot;335559740&quot;:259}\">\u00a0<\/span><\/p>\n","protected":false},"featured_media":1219,"template":"","meta":[],"product_brand":[],"product_cat":[925,699,893],"product_tag":[],"class_list":{"0":"post-1217","1":"product","2":"type-product","3":"status-publish","4":"has-post-thumbnail","6":"product_cat-8-impulsion-conservation-de-limpulsion","7":"product_cat-a-mecanique","8":"product_cat-g-tours-de-magie-fr","9":"","10":"woocommerce-text-align-left","11":"woocommerce-image-align-center","13":"first","14":"instock","15":"shipping-taxable","16":"product-type-simple"},"_links":{"self":[{"href":"https:\/\/experiments.school\/fr\/wp-json\/wp\/v2\/product\/1217","targetHints":{"allow":["GET"]}}],"collection":[{"href":"https:\/\/experiments.school\/fr\/wp-json\/wp\/v2\/product"}],"about":[{"href":"https:\/\/experiments.school\/fr\/wp-json\/wp\/v2\/types\/product"}],"wp:featuredmedia":[{"embeddable":true,"href":"https:\/\/experiments.school\/fr\/wp-json\/wp\/v2\/media\/1219"}],"wp:attachment":[{"href":"https:\/\/experiments.school\/fr\/wp-json\/wp\/v2\/media?parent=1217"}],"wp:term":[{"taxonomy":"product_brand","embeddable":true,"href":"https:\/\/experiments.school\/fr\/wp-json\/wp\/v2\/product_brand?post=1217"},{"taxonomy":"product_cat","embeddable":true,"href":"https:\/\/experiments.school\/fr\/wp-json\/wp\/v2\/product_cat?post=1217"},{"taxonomy":"product_tag","embeddable":true,"href":"https:\/\/experiments.school\/fr\/wp-json\/wp\/v2\/product_tag?post=1217"}],"curies":[{"name":"wp","href":"https:\/\/api.w.org\/{rel}","templated":true}]}}