{"id":1178,"date":"2022-05-05T15:18:17","date_gmt":"2022-06-24T16:49:15","guid":{"rendered":"https:\/\/experiments.school\/?post_type=product&#038;p=1178"},"modified":"2022-07-01T10:24:59","modified_gmt":"2022-07-01T08:24:59","slug":"053-inertie-de-la-masse","status":"publish","type":"product","link":"https:\/\/experiments.school\/fr\/produkt\/053-inertie-de-la-masse\/","title":{"rendered":"053 &#8211; Inertie de la masse"},"content":{"rendered":"","protected":false},"excerpt":{"rendered":"<h2><strong><span class=\"NormalTextRun SpellingErrorV2Themed SCXW106326363 BCX4\">Cons\u00e9quences<\/span><span class=\"NormalTextRun SCXW106326363 BCX4\"> de <\/span><span class=\"NormalTextRun SpellingErrorV2Themed SCXW106326363 BCX4\">l&rsquo;inertie<\/span><span class=\"NormalTextRun SCXW106326363 BCX4\"> de <\/span><span class=\"NormalTextRun SpellingErrorV2Themed SpellingErrorHighlight SCXW106326363 BCX4\">masse<\/span><\/strong><\/h2>\n<h2><span data-ccp-props=\"{&quot;201341983&quot;:0,&quot;335559739&quot;:160,&quot;335559740&quot;:259}\">Introduction \u00e0:<\/span><\/h2>\n<p><span data-contrast=\"auto\">Inertie, couple, friction statique, conservation de l&rsquo;impulsion\u00a0<\/span><span data-ccp-props=\"{&quot;201341983&quot;:0,&quot;335559739&quot;:160,&quot;335559740&quot;:259}\">\u00a0<\/span><\/p>\n[video width=\"1920\" height=\"1080\" mp4=\"https:\/\/experiments.school\/wp-content\/uploads\/2022\/05\/053-video-1.mp4\"][\/video]\n<h2><span data-contrast=\"auto\">Mat\u00e9riel:\u00a0<\/span><span data-ccp-props=\"{&quot;201341983&quot;:0,&quot;335559739&quot;:160,&quot;335559740&quot;:259}\">\u00a0<\/span><\/h2>\n<p><span data-contrast=\"auto\">petite bo\u00eete (par ex. bo\u00eete d&rsquo;allumettes)\u00a0<\/span><span data-ccp-props=\"{&quot;201341983&quot;:0,&quot;335559739&quot;:160,&quot;335559740&quot;:259}\">\u00a0<\/span><\/p>\n<p><span data-contrast=\"auto\">feuille de papier\u00a0<\/span><\/p>\n<h2><span data-contrast=\"auto\">Instructions:\u00a0<\/span><span data-contrast=\"auto\">\u00a0<\/span><span data-ccp-props=\"{&quot;201341983&quot;:0,&quot;335559739&quot;:160,&quot;335559740&quot;:259}\">\u00a0<\/span><\/h2>\n<p><span data-contrast=\"auto\">Placer la bo\u00eete avec la plus petite surface lat\u00e9rale sur le bord du papier. Cela permet de r\u00e9aliser trois exp\u00e9rimentations diff\u00e9rentes :\u00a0<\/span><span data-ccp-props=\"{&quot;201341983&quot;:0,&quot;335559739&quot;:160,&quot;335559740&quot;:259}\">\u00a0<\/span><\/p>\n<ol>\n<li><span data-contrast=\"auto\">Tirer sur le papier \u00e0 une vitesse mod\u00e9r\u00e9e, mais soudainement.\u00a0<\/span><span data-ccp-props=\"{&quot;201341983&quot;:0,&quot;335559739&quot;:160,&quot;335559740&quot;:259}\">\u00a0<\/span><\/li>\n<li><span data-contrast=\"auto\">Tirer sur le papier en acc\u00e9l\u00e9rant lentement. Puis s&rsquo;arr\u00eater brusquement.\u00a0<\/span><span data-ccp-props=\"{&quot;201341983&quot;:0,&quot;335559739&quot;:160,&quot;335559740&quot;:259}\">\u00a0<\/span><\/li>\n<li><span data-contrast=\"auto\">Tirer brusquement le papier sous la bo\u00eete.\u00a0<\/span><\/li>\n<\/ol>\n<h2><span data-contrast=\"auto\">Observation:<\/span><\/h2>\n<p><span data-contrast=\"auto\">La bo\u00eete &#8230;.\u00a0<\/span><span data-ccp-props=\"{&quot;201341983&quot;:0,&quot;335559739&quot;:160,&quot;335559740&quot;:259}\">\u00a0<\/span><\/p>\n<ol>\n<li><span data-contrast=\"auto\">\u00a0\u00a0\u00a0 &#8230; tombe en arri\u00e8re\u00a0<\/span><span data-ccp-props=\"{&quot;201341983&quot;:0,&quot;335559739&quot;:160,&quot;335559740&quot;:259}\">\u00a0<\/span><\/li>\n<li><span data-contrast=\"auto\">\u00a0\u00a0\u00a0 &#8230; tombe en avant\u00a0<\/span><span data-ccp-props=\"{&quot;201341983&quot;:0,&quot;335559739&quot;:160,&quot;335559740&quot;:259}\">\u00a0<\/span><\/li>\n<li><span data-contrast=\"auto\">\u00a0\u00a0\u00a0 &#8230; reste debout\u00a0<\/span><span data-ccp-props=\"{&quot;201341983&quot;:0,&quot;335559739&quot;:160,&quot;335559740&quot;:259}\">\u00a0<\/span><\/li>\n<\/ol>\n<h2><span data-contrast=\"auto\">Explication:\u00a0<\/span><span data-ccp-props=\"{&quot;201341983&quot;:0,&quot;335559739&quot;:160,&quot;335559740&quot;:259}\">\u00a0<\/span><\/h2>\n<p><span data-contrast=\"auto\">Les diff\u00e9rentes r\u00e9actions de la bo\u00eete aux diff\u00e9rents mouvements du support d\u00e9montrent l&rsquo;inertie de la masse de la bo\u00eete, son adh\u00e9rence au support et le couple de rotation g\u00e9n\u00e9r\u00e9 par l&rsquo;\u00e9loignement du support.\u00a0<\/span><span data-ccp-props=\"{&quot;201341983&quot;:0,&quot;335559739&quot;:160,&quot;335559740&quot;:259}\">\u00a0<\/span><\/p>\n<h2><span data-contrast=\"auto\">Conseils:\u00a0<\/span><span data-ccp-props=\"{&quot;201341983&quot;:0,&quot;335559739&quot;:160,&quot;335559740&quot;:259}\">\u00a0<\/span><\/h2>\n<ul>\n<li><span data-contrast=\"auto\">plier l\u00e9g\u00e8rement le papier vers le haut \u00e0 l&rsquo;extr\u00e9mit\u00e9 oppos\u00e9e afin de pouvoir le saisir plus facilement.\u00a0<\/span><span data-ccp-props=\"{&quot;201341983&quot;:0,&quot;335559739&quot;:160,&quot;335559740&quot;:259}\">\u00a0<\/span><\/li>\n<li><span data-contrast=\"auto\">La bo\u00eete peut \u00e9ventuellement \u00eatre lest\u00e9e en la remplissant de sable.<\/span><span data-ccp-props=\"{&quot;201341983&quot;:0,&quot;335559739&quot;:160,&quot;335559740&quot;:259}\">\u00a0<\/span><\/li>\n<\/ul>\n","protected":false},"featured_media":1480,"template":"","meta":[],"product_brand":[],"product_cat":[906,907,913,925,699],"product_tag":[],"class_list":{"0":"post-1178","1":"product","2":"type-product","3":"status-publish","4":"has-post-thumbnail","6":"product_cat-1-masse-poids-densite-centre-de-gravite","7":"product_cat-2-force-equilibre-des-forces","8":"product_cat-4-vitesse-acceleration-inertie","9":"product_cat-8-impulsion-conservation-de-limpulsion","10":"product_cat-a-mecanique","11":"","12":"woocommerce-text-align-left","13":"woocommerce-image-align-center","15":"first","16":"instock","17":"shipping-taxable","18":"product-type-simple"},"_links":{"self":[{"href":"https:\/\/experiments.school\/fr\/wp-json\/wp\/v2\/product\/1178","targetHints":{"allow":["GET"]}}],"collection":[{"href":"https:\/\/experiments.school\/fr\/wp-json\/wp\/v2\/product"}],"about":[{"href":"https:\/\/experiments.school\/fr\/wp-json\/wp\/v2\/types\/product"}],"wp:featuredmedia":[{"embeddable":true,"href":"https:\/\/experiments.school\/fr\/wp-json\/wp\/v2\/media\/1480"}],"wp:attachment":[{"href":"https:\/\/experiments.school\/fr\/wp-json\/wp\/v2\/media?parent=1178"}],"wp:term":[{"taxonomy":"product_brand","embeddable":true,"href":"https:\/\/experiments.school\/fr\/wp-json\/wp\/v2\/product_brand?post=1178"},{"taxonomy":"product_cat","embeddable":true,"href":"https:\/\/experiments.school\/fr\/wp-json\/wp\/v2\/product_cat?post=1178"},{"taxonomy":"product_tag","embeddable":true,"href":"https:\/\/experiments.school\/fr\/wp-json\/wp\/v2\/product_tag?post=1178"}],"curies":[{"name":"wp","href":"https:\/\/api.w.org\/{rel}","templated":true}]}}