{"id":1614,"date":"2022-07-08T17:12:43","date_gmt":"2022-07-08T15:12:43","guid":{"rendered":"https:\/\/experiments.school\/empreinte\/"},"modified":"2022-07-08T17:12:43","modified_gmt":"2022-07-08T15:12:43","slug":"empreinte","status":"publish","type":"page","link":"https:\/\/experiments.school\/fr\/empreinte\/","title":{"rendered":"Empreinte \u00a0"},"content":{"rendered":"<div class=\"wpb-content-wrapper\"><p>[vc_row][vc_column][vc_column_text]<\/p>\n<h2><span data-contrast=\"auto\">Informations selon \u00a7 5 de la loi allemande sur les t\u00e9l\u00e9m\u00e9dias (TMG)<\/span><span data-ccp-props=\"{&quot;201341983&quot;:0,&quot;335559739&quot;:160,&quot;335559740&quot;:259}\">\u00a0<\/span><\/h2>\n<p><span data-contrast=\"auto\">Le soumissionnaire et le responsable du contenu et de la conception des pages ainsi que le propri\u00e9taire du domaine est :\u00a0 <\/span><span data-ccp-props=\"{&quot;201341983&quot;:0,&quot;335559739&quot;:160,&quot;335559740&quot;:259}\">\u00a0<\/span><\/p>\n<ul>\n<li><strong>G\u00fcnther O\u00dfwald\u00a0 \u00a0<\/strong><\/li>\n<li><strong>Bachham 4d\u00a0 \u00a0<\/strong><\/li>\n<li><strong>83125 Eggst\u00e4tt\u00a0 \u00a0<\/strong><\/li>\n<li><strong>Germany<br \/>\n<\/strong><\/li>\n<\/ul>\n<p><strong>T\u00e9l\u00e9phone : +49 176 75890120\u00a0 \u00a0<\/strong><\/p>\n<p><span data-contrast=\"auto\">Courrier \u00e9lectronique : <\/span><\/p>\n<p><a href=\"mailto:guenther-osswald@t-online.de\"><span data-contrast=\"auto\">guenther-osswald@t-online.de<\/span><\/a><span data-contrast=\"auto\">\u00a0 <\/span><span data-ccp-props=\"{&quot;201341983&quot;:0,&quot;335559739&quot;:160,&quot;335559740&quot;:259}\">\u00a0<\/span><\/p>\n<p><span data-contrast=\"auto\"><strong>Ce site web est soumis au droit allemand !\u00a0<\/strong> <\/span><span data-ccp-props=\"{&quot;201341983&quot;:0,&quot;335559739&quot;:160,&quot;335559740&quot;:259}\">\u00a0<\/span><\/p>\n<h2><span data-contrast=\"auto\">Disclaimer\/ Clause de non-responsabilit\u00e9\u00a0 <\/span><span data-ccp-props=\"{&quot;201341983&quot;:0,&quot;335559739&quot;:160,&quot;335559740&quot;:259}\">\u00a0<\/span><\/h2>\n<ol>\n<li><strong>Clause de non-responsabilit\u00e9 pour les exp\u00e9riences\/essais\u00a0 \u00a0<\/strong><\/li>\n<\/ol>\n<p><span data-contrast=\"auto\">Les exp\u00e9riences\/essais d\u00e9crits ont \u00e9t\u00e9 test\u00e9s \u00e0 plusieurs reprises, contr\u00f4l\u00e9s et soigneusement \u00e9crits. L&rsquo;utilisateur\/les utilisateurs est\/sont n\u00e9anmoins tenu(s) de v\u00e9rifier les \u00e9ventuelles erreurs ou inexactitudes avant de r\u00e9aliser les exp\u00e9riences\/essais.\u00a0 <\/span><span data-ccp-props=\"{&quot;201341983&quot;:0,&quot;335559739&quot;:160,&quot;335559740&quot;:259}\">\u00a0<\/span><\/p>\n<p><span data-contrast=\"auto\">Il est suppos\u00e9 que l&rsquo;utilisateur\/les utilisateurs dispose(nt) des connaissances et des comp\u00e9tences n\u00e9cessaires pour r\u00e9aliser l&rsquo;exp\u00e9rience\/l&rsquo;essai.\u00a0 <\/span><span data-ccp-props=\"{&quot;201341983&quot;:0,&quot;335559739&quot;:160,&quot;335559740&quot;:259}\">\u00a0<\/span><\/p>\n<p><span data-contrast=\"auto\">Les consignes de s\u00e9curit\u00e9 doivent \u00eatre respect\u00e9es !\u00a0 <\/span><span data-ccp-props=\"{&quot;201341983&quot;:0,&quot;335559739&quot;:160,&quot;335559740&quot;:259}\">\u00a0<\/span><\/p>\n<p><span data-contrast=\"auto\">L&rsquo;utilisation des instructions relatives aux exp\u00e9riences\/essais se fait sous la propre responsabilit\u00e9 de l&rsquo;\u00e9l\u00e8ve.\u00a0 <\/span><span data-ccp-props=\"{&quot;201341983&quot;:0,&quot;335559739&quot;:160,&quot;335559740&quot;:259}\">\u00a0<\/span><\/p>\n<p><span data-contrast=\"auto\">Toute responsabilit\u00e9 pour des dommages ou des pertes survenant lors de l&rsquo;utilisation des substances, mat\u00e9riaux ou appareils d\u00e9crits ici est exclue ; il en va de m\u00eame pour les demandes de dommages et int\u00e9r\u00eats ou les droits \u00e0 la garantie en raison d&rsquo;indications erron\u00e9es ou manquantes.\u00a0 <\/span><span data-ccp-props=\"{&quot;201341983&quot;:0,&quot;335559739&quot;:160,&quot;335559740&quot;:259}\">\u00a0<\/span><\/p>\n<p><span data-contrast=\"auto\">L&rsquo;auteur exclut donc express\u00e9ment toute responsabilit\u00e9 directe ou indirecte pour les dommages li\u00e9s \u00e0 la r\u00e9alisation des exp\u00e9riences\/essais.\u00a0 <\/span><span data-ccp-props=\"{&quot;201341983&quot;:0,&quot;335559739&quot;:160,&quot;335559740&quot;:259}\">\u00a0<\/span><\/p>\n<p><span data-contrast=\"auto\">\u00a0<\/span><span data-ccp-props=\"{&quot;201341983&quot;:0,&quot;335559739&quot;:160,&quot;335559740&quot;:259}\">\u00a0<\/span><\/p>\n<ol start=\"2\">\n<li><span data-contrast=\"auto\"><strong> Responsabilit\u00e9 pour les contenus<\/strong> <\/span><\/li>\n<\/ol>\n<p><span data-contrast=\"auto\">En tant que prestataire de services, nous sommes responsables, conform\u00e9ment au \u00a7 7 alin\u00e9a 1 de la loi allemande sur les t\u00e9l\u00e9m\u00e9dias (TMG), de nos propres contenus sur ces pages selon les lois g\u00e9n\u00e9rales. Conform\u00e9ment aux \u00a7\u00a7 8 \u00e0 10 de la TMG, nous ne sommes toutefois pas tenus, en tant que prestataire de services, de surveiller les informations externes transmises ou enregistr\u00e9es ou de rechercher les circonstances qui indiquent une activit\u00e9 ill\u00e9gale.\u00a0 <\/span><span data-ccp-props=\"{&quot;201341983&quot;:0,&quot;335559739&quot;:160,&quot;335559740&quot;:259}\">\u00a0<\/span><\/p>\n<p><span data-contrast=\"auto\">Les obligations de supprimer ou de bloquer l&rsquo;utilisation d&rsquo;informations conform\u00e9ment aux lois g\u00e9n\u00e9rales ne sont pas affect\u00e9es par cette disposition. Une responsabilit\u00e9 \u00e0 cet \u00e9gard n&rsquo;est toutefois possible qu&rsquo;\u00e0 partir du moment o\u00f9 une violation concr\u00e8te de la loi est connue. D\u00e8s la prise de connaissance d&rsquo;une telle violation, nous supprimerons imm\u00e9diatement les contenus concern\u00e9s.\u00a0 <\/span><span data-ccp-props=\"{&quot;201341983&quot;:0,&quot;335559739&quot;:160,&quot;335559740&quot;:259}\">\u00a0<\/span><\/p>\n<p><span data-contrast=\"auto\">\u00a0<\/span><span data-ccp-props=\"{&quot;201341983&quot;:0,&quot;335559739&quot;:160,&quot;335559740&quot;:259}\">\u00a0<\/span><\/p>\n<ol start=\"3\">\n<li><span data-contrast=\"auto\"><strong> Responsabilit\u00e9 pour les liens<\/strong> <\/span><\/li>\n<\/ol>\n<p><span data-contrast=\"auto\">Notre offre contient des liens vers des sites web externes de tiers, sur lesquels nous n&rsquo;avons aucune influence. C&rsquo;est pourquoi nous ne pouvons pas non plus nous porter garants de ces contenus externes. Le fournisseur ou l&rsquo;exploitant des pages li\u00e9es est toujours responsable de leur contenu. Les pages li\u00e9es ont \u00e9t\u00e9 contr\u00f4l\u00e9es au moment de la cr\u00e9ation du lien afin de v\u00e9rifier qu&rsquo;elles ne pr\u00e9sentaient pas d&rsquo;infraction \u00e0 la loi. Aucun contenu ill\u00e9gal n&rsquo;a \u00e9t\u00e9 identifi\u00e9 au moment de la cr\u00e9ation du lien.\u00a0 <\/span><span data-ccp-props=\"{&quot;201341983&quot;:0,&quot;335559739&quot;:160,&quot;335559740&quot;:259}\">\u00a0<\/span><\/p>\n<p><span data-contrast=\"auto\">Un contr\u00f4le permanent du contenu des pages li\u00e9es n&rsquo;est toutefois pas exigible sans indices concrets d&rsquo;une violation de la loi. D\u00e8s que nous aurons connaissance d&rsquo;une violation de la loi, nous supprimerons imm\u00e9diatement les liens concern\u00e9s.\u00a0 <\/span><span data-ccp-props=\"{&quot;201341983&quot;:0,&quot;335559739&quot;:160,&quot;335559740&quot;:259}\">\u00a0<\/span><\/p>\n<p><span data-contrast=\"auto\">\u00a0<\/span><span data-ccp-props=\"{&quot;201341983&quot;:0,&quot;335559739&quot;:160,&quot;335559740&quot;:259}\">\u00a0<\/span><\/p>\n<h2><span data-contrast=\"auto\">Droit d&rsquo;auteur\u00a0 <\/span><span data-ccp-props=\"{&quot;201341983&quot;:0,&quot;335559739&quot;:160,&quot;335559740&quot;:259}\">\u00a0<\/span><\/h2>\n<p><span data-contrast=\"auto\">Les contenus et les \u0153uvres cr\u00e9\u00e9s par les exploitants de ces pages sont soumis au droit d&rsquo;auteur allemand. La reproduction, le traitement, la diffusion et toute forme d&rsquo;exploitation en dehors des limites du droit d&rsquo;auteur requi\u00e8rent l&rsquo;accord \u00e9crit de l&rsquo;auteur ou du cr\u00e9ateur concern\u00e9. Les t\u00e9l\u00e9chargements et les copies de ce site ne sont autoris\u00e9s que pour un usage priv\u00e9 et non commercial.\u00a0 <\/span><span data-ccp-props=\"{&quot;201341983&quot;:0,&quot;335559739&quot;:160,&quot;335559740&quot;:259}\">\u00a0<\/span><\/p>\n<p><span data-contrast=\"auto\">Dans la mesure o\u00f9 les contenus de ce site n&rsquo;ont pas \u00e9t\u00e9 cr\u00e9\u00e9s par l&rsquo;exploitant, les droits d&rsquo;auteur de tiers sont respect\u00e9s. Les contenus de tiers sont notamment identifi\u00e9s comme tels. Si vous deviez n\u00e9anmoins constater une violation des droits d&rsquo;auteur, nous vous prions de nous en informer. D\u00e8s que nous aurons connaissance d&rsquo;une violation de la loi, nous supprimerons imm\u00e9diatement les contenus concern\u00e9s.\u00a0 <\/span><span data-ccp-props=\"{&quot;201341983&quot;:0,&quot;335559739&quot;:160,&quot;335559740&quot;:259}\">\u00a0<\/span><\/p>\n<p><span data-contrast=\"auto\">\u00a0<\/span><span data-ccp-props=\"{&quot;201341983&quot;:0,&quot;335559739&quot;:160,&quot;335559740&quot;:259}\">\u00a0<\/span><\/p>\n<h2><span data-contrast=\"auto\">Lieu de juridiction : <\/span><span data-ccp-props=\"{&quot;201341983&quot;:0,&quot;335559739&quot;:160,&quot;335559740&quot;:259}\">\u00a0<\/span><\/h2>\n<p><span data-contrast=\"auto\">pour toutes les pr\u00e9tentions et tous les litiges d\u00e9coulant des relations contractuelles, y compris les proc\u00e9dures en mati\u00e8re de lettres de change et d&rsquo;actes, le tribunal d&rsquo;instance de Rosenheim, Allemagne,\u00a0 est r\u00e9put\u00e9 comp\u00e9tent.\u00a0 <\/span><span data-ccp-props=\"{&quot;201341983&quot;:0,&quot;335559739&quot;:160,&quot;335559740&quot;:259}\">\u00a0<\/span>[\/vc_column_text][\/vc_column][\/vc_row]<\/p>\n<\/div>","protected":false},"excerpt":{"rendered":"<p>[vc_row][vc_column][vc_column_text] Informations selon \u00a7 5 de la loi allemande sur les t\u00e9l\u00e9m\u00e9dias (TMG)\u00a0 Le soumissionnaire et le responsable du contenu et de la conception des pages ainsi que le propri\u00e9taire du domaine est :\u00a0 \u00a0 G\u00fcnther O\u00dfwald\u00a0 \u00a0 Bachham 4d\u00a0 \u00a0 83125 Eggst\u00e4tt\u00a0 \u00a0 Germany T\u00e9l\u00e9phone : +49 176 75890120\u00a0 \u00a0 Courrier \u00e9lectronique : guenther-osswald@t-online.de\u00a0 &#8230; <a title=\"Empreinte \u00a0\" class=\"read-more\" href=\"https:\/\/experiments.school\/fr\/empreinte\/\" aria-label=\"En savoir plus sur Empreinte \u00a0\">Lire plus<\/a><\/p>\n","protected":false},"author":1,"featured_media":0,"parent":0,"menu_order":0,"comment_status":"closed","ping_status":"closed","template":"","meta":{"footnotes":""},"class_list":["post-1614","page","type-page","status-publish"],"_links":{"self":[{"href":"https:\/\/experiments.school\/fr\/wp-json\/wp\/v2\/pages\/1614","targetHints":{"allow":["GET"]}}],"collection":[{"href":"https:\/\/experiments.school\/fr\/wp-json\/wp\/v2\/pages"}],"about":[{"href":"https:\/\/experiments.school\/fr\/wp-json\/wp\/v2\/types\/page"}],"author":[{"embeddable":true,"href":"https:\/\/experiments.school\/fr\/wp-json\/wp\/v2\/users\/1"}],"replies":[{"embeddable":true,"href":"https:\/\/experiments.school\/fr\/wp-json\/wp\/v2\/comments?post=1614"}],"version-history":[{"count":2,"href":"https:\/\/experiments.school\/fr\/wp-json\/wp\/v2\/pages\/1614\/revisions"}],"predecessor-version":[{"id":1616,"href":"https:\/\/experiments.school\/fr\/wp-json\/wp\/v2\/pages\/1614\/revisions\/1616"}],"wp:attachment":[{"href":"https:\/\/experiments.school\/fr\/wp-json\/wp\/v2\/media?parent=1614"}],"curies":[{"name":"wp","href":"https:\/\/api.w.org\/{rel}","templated":true}]}}