{"id":1591,"date":"2022-07-07T17:13:46","date_gmt":"2022-07-07T15:13:46","guid":{"rendered":"https:\/\/experiments.school\/ueber-unser-projekt\/"},"modified":"2022-07-08T17:55:26","modified_gmt":"2022-07-08T15:55:26","slug":"ueber-unser-projekt","status":"publish","type":"page","link":"https:\/\/experiments.school\/fr\/ueber-unser-projekt\/","title":{"rendered":"Notre projet"},"content":{"rendered":"<h2>L&rsquo;\u00e9quipe:<\/h2>\n<p><span data-contrast=\"auto\">Nous sommes un groupe international de professeurs de physique, d&rsquo;\u00e9tudiants en physique et d&rsquo;\u00e9l\u00e8ves de l&rsquo;enseignement secondaire. <\/span><span data-ccp-props=\"{&quot;201341983&quot;:0,&quot;335559739&quot;:160,&quot;335559740&quot;:259}\">\u00a0<\/span><\/p>\n<p><span data-contrast=\"auto\">D&rsquo;autres membres sont les bienvenus ! <\/span><span data-ccp-props=\"{&quot;201341983&quot;:0,&quot;335559739&quot;:160,&quot;335559740&quot;:259}\">\u00a0<\/span><\/p>\n<h2><span data-contrast=\"auto\">Contact: <\/span><span data-ccp-props=\"{&quot;201341983&quot;:0,&quot;335559739&quot;:160,&quot;335559740&quot;:259}\">\u00a0<\/span><\/h2>\n<p><span data-contrast=\"auto\">Toutes les questions, r\u00e9actions et commentaires sont les bienvenus. Pour cela, veuillez utiliser l&rsquo;adresse e-mail suivante :\u00a0 <\/span><a href=\"mailto:guenther-osswald@t-online.de\"><span data-contrast=\"auto\">guenther-osswald@t-online.de<\/span><\/a> <span data-ccp-props=\"{&quot;201341983&quot;:0,&quot;335559739&quot;:160,&quot;335559740&quot;:259}\">\u00a0<\/span><\/p>\n<p><span data-contrast=\"auto\">Collaboration au projet : <\/span><span data-ccp-props=\"{&quot;201341983&quot;:0,&quot;335559739&quot;:160,&quot;335559740&quot;:259}\">\u00a0<\/span><\/p>\n<p><span data-contrast=\"auto\">Nous recrutons en permanence des collaborateurs de diff\u00e9rents pays.\u00a0 <\/span><span data-ccp-props=\"{&quot;201341983&quot;:0,&quot;335559739&quot;:160,&quot;335559740&quot;:259}\">\u00a0<\/span><\/p>\n<p><span data-contrast=\"auto\">Actuellement, la t\u00e2che consiste principalement \u00e0 cr\u00e9er des vid\u00e9os sur des exp\u00e9riences appropri\u00e9es. <\/span><span data-ccp-props=\"{&quot;201341983&quot;:0,&quot;335559739&quot;:160,&quot;335559740&quot;:259}\">\u00a0<\/span><\/p>\n<p><span data-contrast=\"auto\">La condition pr\u00e9alable est la connaissance de l&rsquo;anglais, de l&rsquo;espagnol, du fran\u00e7ais ou de l&rsquo;allemand. <\/span><span data-ccp-props=\"{&quot;201341983&quot;:0,&quot;335559739&quot;:160,&quot;335559740&quot;:259}\">\u00a0<\/span><\/p>\n<p><span data-contrast=\"auto\">Une r\u00e9mun\u00e9ration du travail selon les normes en vigueur dans le pays est possible. <\/span><span data-ccp-props=\"{&quot;201341983&quot;:0,&quot;335559739&quot;:160,&quot;335559740&quot;:259}\">\u00a0<\/span><\/p>\n<h2><span data-contrast=\"auto\">Contenu du site web: <\/span><span data-ccp-props=\"{&quot;201341983&quot;:0,&quot;335559739&quot;:160,&quot;335559740&quot;:259}\">\u00a0<\/span><\/h2>\n<p><span data-contrast=\"auto\">Le site web contient une collection d&rsquo;instructions sur des exp\u00e9riences de physique pour l&rsquo;\u00e9cole. Celles-ci doivent notamment permettre aux professeurs de physique, mais aussi aux \u00e9l\u00e8ves int\u00e9ress\u00e9s par la physique, de r\u00e9aliser des exp\u00e9riences significatives. Les mat\u00e9riaux utilis\u00e9s sont faciles \u00e0 obtenir, car ils sont souvent disponibles dans la vie quotidienne ou peuvent \u00eatre achet\u00e9s pour peu d&rsquo;argent dans le commerce local. Des kits d&rsquo;exp\u00e9rimentation pr\u00eats \u00e0 l&#8217;emploi, disponibles \u00e0 peu de frais dans le commerce en ligne, sont \u00e9galement utilis\u00e9s de temps \u00e0 autre. <\/span><span data-ccp-props=\"{&quot;201341983&quot;:0,&quot;335559739&quot;:160,&quot;335559740&quot;:259}\">\u00a0<\/span><\/p>\n<h2><span data-contrast=\"auto\">Structure du site web: <\/span><span data-ccp-props=\"{&quot;201341983&quot;:0,&quot;335559739&quot;:160,&quot;335559740&quot;:259}\">\u00a0<\/span><\/h2>\n<p><span data-contrast=\"auto\">La structure du site web est similaire \u00e0 celle d&rsquo;un webshop. Des crit\u00e8res de s\u00e9lection (par exemple le domaine de la physique) permettent de trouver les produits ad\u00e9quats (instructions d&rsquo;exp\u00e9rimentation). Chaque mode d&#8217;emploi contient une image caract\u00e9ristique qui permet de le reconna\u00eetre rapidement. Suit une vid\u00e9o montrant le montage et la r\u00e9alisation de l&rsquo;exp\u00e9rience. Toutes ces vid\u00e9os ont \u00e9t\u00e9 tourn\u00e9es par nos soins. Elles sont suivies d&rsquo;instructions sous forme de texte. <\/span><span data-ccp-props=\"{&quot;201341983&quot;:0,&quot;335559739&quot;:160,&quot;335559740&quot;:259}\">\u00a0<\/span><\/p>\n<p><span data-contrast=\"auto\"><strong>Introduction \u00e0:\u00a0<\/strong> <\/span><span data-ccp-props=\"{&quot;201341983&quot;:0,&quot;335559739&quot;:160,&quot;335559740&quot;:259}\">\u00a0<\/span><\/p>\n<p><span data-contrast=\"auto\">On indique ici dans quels th\u00e8mes physiques l&rsquo;exp\u00e9rience aborde. <\/span><span data-ccp-props=\"{&quot;201341983&quot;:0,&quot;335559739&quot;:160,&quot;335559740&quot;:259}\">\u00a0<\/span><\/p>\n<p><strong>Mat\u00e9riel:\u00a0 \u00a0<\/strong><\/p>\n<p><span data-contrast=\"auto\">Il s&rsquo;agit ici de la liste du mat\u00e9riel n\u00e9cessaire \u00e0 la r\u00e9alisation de l&rsquo;exp\u00e9rience. Les alternatives sont indiqu\u00e9es par une barre oblique \/. <\/span><span data-ccp-props=\"{&quot;201341983&quot;:0,&quot;335559739&quot;:160,&quot;335559740&quot;:259}\">\u00a0<\/span><\/p>\n<p><strong>Structure: \u00a0<\/strong><\/p>\n<p><span data-contrast=\"auto\">&#8230; d\u00e9crit le montage de l&rsquo;exp\u00e9rience <\/span><span data-ccp-props=\"{&quot;201341983&quot;:0,&quot;335559739&quot;:160,&quot;335559740&quot;:259}\">\u00a0<\/span><\/p>\n<p><span data-contrast=\"auto\"><strong>Mise en \u0153uvre:<\/strong>\u00a0 <\/span><span data-ccp-props=\"{&quot;201341983&quot;:0,&quot;335559739&quot;:160,&quot;335559740&quot;:259}\">\u00a0<\/span><\/p>\n<p><span data-contrast=\"auto\">&#8230; d\u00e9crit les \u00e9tapes n\u00e9cessaires \u00e0 la r\u00e9alisation de l&rsquo;exp\u00e9rience <\/span><span data-ccp-props=\"{&quot;201341983&quot;:0,&quot;335559739&quot;:160,&quot;335559740&quot;:259}\">\u00a0<\/span><\/p>\n<p><strong>Instructions: \u00a0<\/strong><\/p>\n<p><span data-contrast=\"auto\">Il n&rsquo;y a pas de distinction entre le montage et la r\u00e9alisation. Les deux sont m\u00e9lang\u00e9s <\/span><\/p>\n<p><strong>Observation: \u00a0<\/strong><\/p>\n<p><span data-contrast=\"auto\">On indique ici ce que l&rsquo;on peut voir, entendre, sentir, ressentir ou \u00e9ventuellement mesurer. <\/span><span data-ccp-props=\"{&quot;201341983&quot;:0,&quot;335559739&quot;:160,&quot;335559740&quot;:259}\">\u00a0<\/span><\/p>\n<p><strong>Conseils: \u00a0<\/strong><\/p>\n<p><span data-contrast=\"auto\">&#8230; Suggestions pour une meilleure r\u00e9ussite de l&rsquo;exp\u00e9rience <\/span><span data-ccp-props=\"{&quot;201341983&quot;:0,&quot;335559739&quot;:160,&quot;335559740&quot;:259}\">\u00a0<\/span><\/p>\n<p><strong>Explikation: <\/strong><span data-ccp-props=\"{&quot;201341983&quot;:0,&quot;335559739&quot;:160,&quot;335559740&quot;:259}\">\u00a0<\/span><\/p>\n<p><span data-contrast=\"auto\">&#8230; fournit des indications sur la compr\u00e9hension physique de l&rsquo;exp\u00e9rience \u00e0 l&rsquo;aide de th\u00e9ories physiques <\/span><span data-ccp-props=\"{&quot;201341983&quot;:0,&quot;335559739&quot;:160,&quot;335559740&quot;:259}\">\u00a0<\/span><\/p>\n<p><strong>Potentiel didactique: \u00a0<\/strong><\/p>\n<p><span data-contrast=\"auto\">&#8230; montre quels contenus d&rsquo;apprentissage peuvent \u00eatre abord\u00e9s avec l&rsquo;exp\u00e9rience <\/span><span data-ccp-props=\"{&quot;201341983&quot;:0,&quot;335559739&quot;:160,&quot;335559740&quot;:259}\">\u00a0<\/span><\/p>\n<p><span data-contrast=\"auto\">&#8230; donne des perspectives sur d&rsquo;autres contextes <\/span><span data-ccp-props=\"{&quot;201341983&quot;:0,&quot;335559739&quot;:160,&quot;335559740&quot;:259}\">\u00a0<\/span><\/p>\n<h2><span data-contrast=\"auto\">Notre philosophie: <\/span><span data-ccp-props=\"{&quot;201341983&quot;:0,&quot;335559739&quot;:160,&quot;335559740&quot;:259}\">\u00a0<\/span><\/h2>\n<p><span data-contrast=\"auto\">Nous croyons que l&rsquo;\u00e9ducation mondiale peut influencer positivement le cours de l&rsquo;histoire.\u00a0 <\/span><span data-ccp-props=\"{&quot;201341983&quot;:0,&quot;335559739&quot;:160,&quot;335559740&quot;:259}\">\u00a0<\/span><\/p>\n<p><span data-contrast=\"auto\">Plus les gens sont inform\u00e9s des relations physiques, plus le monde est conscient.\u00a0 <\/span><span data-ccp-props=\"{&quot;201341983&quot;:0,&quot;335559739&quot;:160,&quot;335559740&quot;:259}\">\u00a0<\/span><\/p>\n<p><span data-contrast=\"auto\">L&rsquo;\u00e9ducation en g\u00e9n\u00e9ral devrait \u00eatre aussi holistique que possible, c&rsquo;est-\u00e0-dire qu&rsquo;elle devrait inclure la t\u00eate, le c\u0153ur et la main.\u00a0 <\/span><span data-ccp-props=\"{&quot;201341983&quot;:0,&quot;335559739&quot;:160,&quot;335559740&quot;:259}\">\u00a0<\/span><\/p>\n<p><span data-contrast=\"auto\">L&rsquo;\u00e9ducation devrait \u00eatre disponible pour tous les habitants de la plan\u00e8te. Nous souhaitons avant tout soutenir les \u00e9coles et les enseignants des pays en d\u00e9veloppement qui ont peu de ressources. <\/span><span data-ccp-props=\"{&quot;201341983&quot;:0,&quot;335559739&quot;:160,&quot;335559740&quot;:259}\">\u00a0<\/span><\/p>\n<p><span data-contrast=\"auto\">C&rsquo;est pourquoi nos exp\u00e9riences devraient \u00eatre li\u00e9es \u00e0 un faible co\u00fbt : \u00ab\u00a0Low-Cost Experiments\u00a0\u00bb.\u00a0 <\/span><span data-ccp-props=\"{&quot;201341983&quot;:0,&quot;335559739&quot;:160,&quot;335559740&quot;:259}\">\u00a0<\/span><\/p>\n<p><span data-contrast=\"auto\">Les instructions doivent \u00e9galement \u00eatre compr\u00e9hensibles pour les enseignants qui n&rsquo;ont pas de grandes connaissances en physique ni de grandes comp\u00e9tences en mati\u00e8re d&rsquo;exp\u00e9rimentation pratique. <\/span><span data-ccp-props=\"{&quot;201341983&quot;:0,&quot;335559739&quot;:160,&quot;335559740&quot;:259}\">\u00a0<\/span><\/p>\n<p><span data-contrast=\"auto\">Nous choisissons la physique comme contenu d&rsquo;apprentissage parce qu&rsquo;elle est une science naturelle centrale et la base de toute technologie moderne. <\/span><span data-ccp-props=\"{&quot;201341983&quot;:0,&quot;335559739&quot;:160,&quot;335559740&quot;:259}\">\u00a0<\/span><\/p>\n<p><span data-contrast=\"auto\">Nous croyons \u00e0 la co-cr\u00e9ation, \u00e0 la collaboration entre personnes de pays et de cultures diff\u00e9rents. Les nouveaux collaborateurs sont donc toujours les bienvenus. <\/span><span data-ccp-props=\"{&quot;201341983&quot;:0,&quot;335559739&quot;:160,&quot;335559740&quot;:259}\">\u00a0<\/span><\/p>\n<h2><span data-contrast=\"auto\">Nos objectifs: <\/span><span data-ccp-props=\"{&quot;201341983&quot;:0,&quot;335559739&quot;:160,&quot;335559740&quot;:259}\">\u00a0<\/span><\/h2>\n<ul>\n<li><span data-contrast=\"auto\">la cr\u00e9ation de la plus grande base de donn\u00e9es possible pour les exp\u00e9riences scolaires en physique<\/span><span data-ccp-props=\"{&quot;201341983&quot;:0,&quot;335559739&quot;:160,&quot;335559740&quot;:259}\">\u00a0<\/span><\/li>\n<li><span data-contrast=\"auto\">une diffusion aussi large que possible de ces exp\u00e9riences dans les \u00e9coles du monde entier\u00a0 <\/span><span data-ccp-props=\"{&quot;201341983&quot;:0,&quot;335559739&quot;:160,&quot;335559740&quot;:259}\">\u00a0<\/span><\/li>\n<li><span data-contrast=\"auto\">le bien-\u00eatre de nos collaborateurs <\/span><span data-ccp-props=\"{&quot;201341983&quot;:0,&quot;335559739&quot;:160,&quot;335559740&quot;:259}\">\u00a0<\/span><\/li>\n<li><span data-contrast=\"auto\">l&rsquo;autonomie financi\u00e8re de notre projet <\/span><span data-ccp-props=\"{&quot;201341983&quot;:0,&quot;335559739&quot;:160,&quot;335559740&quot;:259}\">\u00a0<\/span><\/li>\n<\/ul>\n<h2><span data-contrast=\"auto\">Mod\u00e8le \u00e9conomique: <\/span><span data-ccp-props=\"{&quot;201341983&quot;:0,&quot;335559739&quot;:160,&quot;335559740&quot;:259}\">\u00a0<\/span><\/h2>\n<p><span data-contrast=\"auto\">Notre mod\u00e8le \u00e9conomique est encore ouvert, car nous sommes au tout d\u00e9but du projet. Nous consid\u00e9rons ce site web comme un prototype. <\/span><span data-ccp-props=\"{&quot;201341983&quot;:0,&quot;335559739&quot;:160,&quot;335559740&quot;:259}\">\u00a0<\/span><\/p>\n<h2><span data-contrast=\"auto\">Pas de webshop: <\/span><span data-ccp-props=\"{&quot;201341983&quot;:0,&quot;335559739&quot;:160,&quot;335559740&quot;:259}\">\u00a0<\/span><\/h2>\n<p><span data-contrast=\"auto\"><strong>Ce site web n&rsquo;est pas une webshop.\u00a0<\/strong> <\/span><span data-ccp-props=\"{&quot;201341983&quot;:0,&quot;335559739&quot;:160,&quot;335559740&quot;:259}\">\u00a0<\/span><\/p>\n<p><strong>Le mat\u00e9riel d&rsquo;exp\u00e9rimentation ne peut pas \u00eatre command\u00e9 chez nous.\u00a0 \u00a0<\/strong><\/p>\n<p><span data-contrast=\"auto\">Nous renvoyons pour cela au commerce local et \u00e0 la vente par correspondance sur Internet.<\/span><span data-ccp-props=\"{&quot;201341983&quot;:0,&quot;335559739&quot;:160,&quot;335559740&quot;:259}\">\u00a0<\/span><\/p>\n<h2><span data-contrast=\"auto\">S\u00e9curit\u00e9 lors de l&rsquo;exp\u00e9rimentation:<\/span><span data-ccp-props=\"{&quot;201341983&quot;:0,&quot;335559739&quot;:160,&quot;335559740&quot;:259}\"><br \/>\n<\/span><\/h2>\n<p><span data-contrast=\"auto\">Nous avons r\u00e9alis\u00e9 nous-m\u00eames toutes les exp\u00e9riences que nous avons mises en ligne et les consid\u00e9rons comme s\u00fbres. <\/span><span data-ccp-props=\"{&quot;201341983&quot;:0,&quot;335559739&quot;:160,&quot;335559740&quot;:259}\">\u00a0<\/span><\/p>\n<p><span data-contrast=\"auto\">Toutefois, la r\u00e9alisation d&rsquo;exp\u00e9riences peut entra\u00eener des risques pour la vie et l&rsquo;int\u00e9grit\u00e9 corporelle. <\/span><span data-ccp-props=\"{&quot;201341983&quot;:0,&quot;335559739&quot;:160,&quot;335559740&quot;:259}\">\u00a0<\/span><\/p>\n<p><span data-contrast=\"auto\">En voici quelques exemples: <\/span><span data-ccp-props=\"{&quot;201341983&quot;:0,&quot;335559739&quot;:160,&quot;335559740&quot;:259}\">\u00a0<\/span><\/p>\n<ul>\n<li><span data-contrast=\"auto\">\u00a0\u00a0\u00a0 Blessures de la r\u00e9tine lors d&rsquo;exp\u00e9riences avec la lumi\u00e8re LASER <\/span><span data-ccp-props=\"{&quot;201341983&quot;:0,&quot;335559739&quot;:160,&quot;335559740&quot;:259}\">\u00a0<\/span><\/li>\n<li><span data-contrast=\"auto\">\u00a0\u00a0\u00a0 Blessures dues \u00e0 une mauvaise utilisation des outils <\/span><span data-ccp-props=\"{&quot;201341983&quot;:0,&quot;335559739&quot;:160,&quot;335559740&quot;:259}\">\u00a0<\/span><\/li>\n<li><span data-contrast=\"auto\">\u00a0\u00a0\u00a0 Dangers dus \u00e0 des appareils \u00e9lectriques d\u00e9fectueux <\/span><span data-ccp-props=\"{&quot;201341983&quot;:0,&quot;335559739&quot;:160,&quot;335559740&quot;:259}\">\u00a0<\/span><\/li>\n<li><span data-contrast=\"auto\">\u00a0\u00a0\u00a0 Un petit enfant avale un objet pointu <\/span><span data-ccp-props=\"{&quot;201341983&quot;:0,&quot;335559739&quot;:160,&quot;335559740&quot;:259}\">\u00a0<\/span><\/li>\n<\/ul>\n<p><span data-contrast=\"auto\">Nous essayons de ne pas utiliser de mat\u00e9riel potentiellement dangereux dans nos exp\u00e9riences. <\/span><span data-ccp-props=\"{&quot;201341983&quot;:0,&quot;335559739&quot;:160,&quot;335559740&quot;:259}\">\u00a0<\/span><\/p>\n<p><strong>Nous n&rsquo;assumons aucune responsabilit\u00e9, de quelque nature que ce soit, pour les accidents survenant lors d&rsquo;exp\u00e9riences r\u00e9alis\u00e9es selon nos instructions. <\/strong><span data-ccp-props=\"{&quot;201341983&quot;:0,&quot;335559739&quot;:160,&quot;335559740&quot;:259}\">\u00a0<\/span><\/p>\n<p><strong>Nous recommandons de toujours r\u00e9aliser les exp\u00e9riences avec prudence et conscience des dangers.\u00a0\u00a0<\/strong><\/p>\n","protected":false},"excerpt":{"rendered":"<p>L&rsquo;\u00e9quipe: Nous sommes un groupe international de professeurs de physique, d&rsquo;\u00e9tudiants en physique et d&rsquo;\u00e9l\u00e8ves de l&rsquo;enseignement secondaire. \u00a0 D&rsquo;autres membres sont les bienvenus ! \u00a0 Contact: \u00a0 Toutes les questions, r\u00e9actions et commentaires sont les bienvenus. Pour cela, veuillez utiliser l&rsquo;adresse e-mail suivante :\u00a0 guenther-osswald@t-online.de \u00a0 Collaboration au projet : \u00a0 Nous recrutons en &#8230; <a title=\"Notre projet\" class=\"read-more\" href=\"https:\/\/experiments.school\/fr\/ueber-unser-projekt\/\" aria-label=\"En savoir plus sur Notre projet\">Lire plus<\/a><\/p>\n","protected":false},"author":1,"featured_media":0,"parent":0,"menu_order":0,"comment_status":"closed","ping_status":"closed","template":"","meta":{"footnotes":""},"class_list":["post-1591","page","type-page","status-publish"],"_links":{"self":[{"href":"https:\/\/experiments.school\/fr\/wp-json\/wp\/v2\/pages\/1591","targetHints":{"allow":["GET"]}}],"collection":[{"href":"https:\/\/experiments.school\/fr\/wp-json\/wp\/v2\/pages"}],"about":[{"href":"https:\/\/experiments.school\/fr\/wp-json\/wp\/v2\/types\/page"}],"author":[{"embeddable":true,"href":"https:\/\/experiments.school\/fr\/wp-json\/wp\/v2\/users\/1"}],"replies":[{"embeddable":true,"href":"https:\/\/experiments.school\/fr\/wp-json\/wp\/v2\/comments?post=1591"}],"version-history":[{"count":4,"href":"https:\/\/experiments.school\/fr\/wp-json\/wp\/v2\/pages\/1591\/revisions"}],"predecessor-version":[{"id":1624,"href":"https:\/\/experiments.school\/fr\/wp-json\/wp\/v2\/pages\/1591\/revisions\/1624"}],"wp:attachment":[{"href":"https:\/\/experiments.school\/fr\/wp-json\/wp\/v2\/media?parent=1591"}],"curies":[{"name":"wp","href":"https:\/\/api.w.org\/{rel}","templated":true}]}}