{"id":902,"date":"2022-04-07T12:48:32","date_gmt":"2022-04-07T11:25:56","guid":{"rendered":"https:\/\/experiments.school\/?post_type=product&#038;p=902"},"modified":"2022-07-01T10:41:48","modified_gmt":"2022-07-01T08:41:48","slug":"089-magnetizacion-en-el-campo-magnetico-terrestre","status":"publish","type":"product","link":"https:\/\/experiments.school\/es\/produkt\/089-magnetizacion-en-el-campo-magnetico-terrestre\/","title":{"rendered":"089 &#8211; Magnetizaci\u00f3n en el campo magn\u00e9tico terrestre"},"content":{"rendered":"","protected":false},"excerpt":{"rendered":"<h2>Introducci\u00f3n a:<\/h2>\n<p>Magnetismo, campo magn\u00e9tico est\u00e1tico<\/p>\n<p>https:\/\/experiments.school\/wp-content\/uploads\/2022\/04\/089-video.mp4<\/p>\n<h2><\/h2>\n<h2>Material:<\/h2>\n<ul>\n<li>Radiador \/ tuber\u00eda de agua vertical (ferrosa \/ ferromagn\u00e9tica), generalmente un objeto grande que sea ferromagn\u00e9tico y que no se haya movido durante mucho tiempo en el campo magn\u00e9tico de la Tierra.<\/li>\n<li>Aguja magn\u00e9tica \/ br\u00fajula<\/li>\n<\/ul>\n<h2>Procedimiento:<\/h2>\n<ul>\n<li>La aguja magn\u00e9tica puede utilizarse para mostrar que el objeto tiene un polo sur magn\u00e9tico en la parte superior y un polo norte magn\u00e9tico en la parte inferior.<\/li>\n<li>Esto es cierto en los lugares del hemisferio norte de la Tierra; en el hemisferio sur es al rev\u00e9s.<\/li>\n<\/ul>\n<h2>Explicaci\u00f3n:<\/h2>\n<ul>\n<li>El objeto se magnetiza en el campo magn\u00e9tico permanente de la tierra.<\/li>\n<li>La polaridad coincide con la direcci\u00f3n de las l\u00edneas del campo magn\u00e9tico.<\/li>\n<\/ul>\n<h2>Potencial did\u00e1ctico:<\/h2>\n<ul>\n<li>Determinar la polaridad es un bonito ejercicio mental.<\/li>\n<li>Hay que tener en cuenta que, por definici\u00f3n, hay un polo sur magn\u00e9tico en el polo norte geogr\u00e1fico de la Tierra.<\/li>\n<\/ul>\n","protected":false},"featured_media":1303,"template":"","meta":[],"product_brand":[],"product_cat":[989,884],"product_tag":[],"class_list":{"0":"post-902","1":"product","2":"type-product","3":"status-publish","4":"has-post-thumbnail","6":"product_cat-6-magnetismo-electromagnetismo","7":"product_cat-b-electricidad-es","8":"","9":"woocommerce-text-align-left","10":"woocommerce-image-align-center","12":"first","13":"instock","14":"shipping-taxable","15":"product-type-simple"},"_links":{"self":[{"href":"https:\/\/experiments.school\/es\/wp-json\/wp\/v2\/product\/902","targetHints":{"allow":["GET"]}}],"collection":[{"href":"https:\/\/experiments.school\/es\/wp-json\/wp\/v2\/product"}],"about":[{"href":"https:\/\/experiments.school\/es\/wp-json\/wp\/v2\/types\/product"}],"wp:featuredmedia":[{"embeddable":true,"href":"https:\/\/experiments.school\/es\/wp-json\/wp\/v2\/media\/1303"}],"wp:attachment":[{"href":"https:\/\/experiments.school\/es\/wp-json\/wp\/v2\/media?parent=902"}],"wp:term":[{"taxonomy":"product_brand","embeddable":true,"href":"https:\/\/experiments.school\/es\/wp-json\/wp\/v2\/product_brand?post=902"},{"taxonomy":"product_cat","embeddable":true,"href":"https:\/\/experiments.school\/es\/wp-json\/wp\/v2\/product_cat?post=902"},{"taxonomy":"product_tag","embeddable":true,"href":"https:\/\/experiments.school\/es\/wp-json\/wp\/v2\/product_tag?post=902"}],"curies":[{"name":"wp","href":"https:\/\/api.w.org\/{rel}","templated":true}]}}