{"id":872,"date":"2022-04-03T17:15:55","date_gmt":"2022-04-03T15:57:11","guid":{"rendered":"https:\/\/experiments.school\/?post_type=product&#038;p=872"},"modified":"2022-07-01T10:44:25","modified_gmt":"2022-07-01T08:44:25","slug":"022-sonda-magnetica","status":"publish","type":"product","link":"https:\/\/experiments.school\/es\/produkt\/022-sonda-magnetica\/","title":{"rendered":"022 &#8211; Sonda magn\u00e9tica"},"content":{"rendered":"","protected":false},"excerpt":{"rendered":"<h2><strong>Aguja magn\u00e9tica improvisada<\/strong><\/h2>\n<h2><strong>sonda magn\u00e9tica cualitativa<\/strong><\/h2>\n<h2><strong>experimento b\u00e1sico sobre l\u00edneas de campo magn\u00e9tico<\/strong><\/h2>\n<h2><strong>clip en campo magn\u00e9tico<\/strong><\/h2>\n<h2>Introducci\u00f3n a:<\/h2>\n<p>Aguja magn\u00e9tica, campo magn\u00e9tico de barra de im\u00e1n, l\u00edneas de campo magn\u00e9tico<\/p>\n<p>https:\/\/experiments.school\/wp-content\/uploads\/2022\/05\/022.mp4<\/p>\n<h2>Material:<\/h2>\n<ul>\n<li>Im\u00e1n permanente, por ejemplo, im\u00e1n de barra<\/li>\n<li>Clip<\/li>\n<li>Palillo de dientes con un extremo ensanchado, por ejemplo, por un peque\u00f1o trozo de corcho<\/li>\n<\/ul>\n<h2>Preparaci\u00f3n y ejecuci\u00f3n:<\/h2>\n<p>Engancha en clip al palillo de forma que pueda girar y ac\u00e9rcalo al im\u00e1n de barra.<\/p>\n<h2>Observaci\u00f3n:<\/h2>\n<p>El clip se alinea con las l\u00edneas de campo magn\u00e9tico.<\/p>\n<h2>Tips:<\/h2>\n<ul>\n<li>Al rotar el clip 180\u00b0, se produce una inversi\u00f3n de la polaridad<\/li>\n<li>No es necesario magnetizar el clip antes del experimento<\/li>\n<\/ul>\n<h2>Explicaci\u00f3n:<\/h2>\n<ul>\n<li>El clip es ferromagn\u00e9tico y se magnetiza con el im\u00e1n.<\/li>\n<li>Por tanto, se comporta como una aguja magn\u00e9tica y muestra la direcci\u00f3n de las l\u00edneas de campo.<\/li>\n<\/ul>\n","protected":false},"featured_media":1407,"template":"","meta":[],"product_brand":[],"product_cat":[989,884],"product_tag":[],"class_list":{"0":"post-872","1":"product","2":"type-product","3":"status-publish","4":"has-post-thumbnail","6":"product_cat-6-magnetismo-electromagnetismo","7":"product_cat-b-electricidad-es","8":"","9":"woocommerce-text-align-left","10":"woocommerce-image-align-center","12":"first","13":"instock","14":"shipping-taxable","15":"product-type-simple"},"_links":{"self":[{"href":"https:\/\/experiments.school\/es\/wp-json\/wp\/v2\/product\/872","targetHints":{"allow":["GET"]}}],"collection":[{"href":"https:\/\/experiments.school\/es\/wp-json\/wp\/v2\/product"}],"about":[{"href":"https:\/\/experiments.school\/es\/wp-json\/wp\/v2\/types\/product"}],"wp:featuredmedia":[{"embeddable":true,"href":"https:\/\/experiments.school\/es\/wp-json\/wp\/v2\/media\/1407"}],"wp:attachment":[{"href":"https:\/\/experiments.school\/es\/wp-json\/wp\/v2\/media?parent=872"}],"wp:term":[{"taxonomy":"product_brand","embeddable":true,"href":"https:\/\/experiments.school\/es\/wp-json\/wp\/v2\/product_brand?post=872"},{"taxonomy":"product_cat","embeddable":true,"href":"https:\/\/experiments.school\/es\/wp-json\/wp\/v2\/product_cat?post=872"},{"taxonomy":"product_tag","embeddable":true,"href":"https:\/\/experiments.school\/es\/wp-json\/wp\/v2\/product_tag?post=872"}],"curies":[{"name":"wp","href":"https:\/\/api.w.org\/{rel}","templated":true}]}}