{"id":864,"date":"2022-04-03T16:10:38","date_gmt":"2022-04-03T14:37:09","guid":{"rendered":"https:\/\/experiments.school\/?post_type=product&#038;p=864"},"modified":"2022-07-01T10:43:21","modified_gmt":"2022-07-01T08:43:21","slug":"138-campana","status":"publish","type":"product","link":"https:\/\/experiments.school\/es\/produkt\/138-campana\/","title":{"rendered":"138 &#8211; Campana"},"content":{"rendered":"","protected":false},"excerpt":{"rendered":"<h2><strong>Martillo de Wagner\u00a0<\/strong><\/h2>\n<h2><span data-ccp-props=\"{&quot;201341983&quot;:0,&quot;335559739&quot;:160,&quot;335559740&quot;:259}\">Introducci\u00f3n a:<\/span><\/h2>\n<p><span data-contrast=\"auto\">Timbre el\u00e9ctrico, timbre electromec\u00e1nico<\/span><span data-ccp-props=\"{&quot;201341983&quot;:0,&quot;335559739&quot;:160,&quot;335559740&quot;:259}\">\u00a0<\/span><\/p>\n<p>https:\/\/experiments.school\/wp-content\/uploads\/2022\/05\/138-Klingel-End.mp4<\/p>\n<h2>Material:<\/h2>\n<p>Producto terminado, que consiste en<\/p>\n<ul>\n<li>Electroim\u00e1n<\/li>\n<li>campana<\/li>\n<li>badajo con muelle met\u00e1lico<\/li>\n<li>Disyuntor<\/li>\n<\/ul>\n<p>Pilas (4x 1,5V), necesarias adicionalmente<\/p>\n<h2>C\u00f3mo funciona:<\/h2>\n<ul>\n<li>Cuando el circuito est\u00e1 cerrado, el muelle met\u00e1lico es atra\u00eddo por el electroim\u00e1n y el badajo golpea la campana.<\/li>\n<li>Al mismo tiempo, el muelle met\u00e1lico tira del disyuntor y \u00e9ste vuelve a abrir el circuito.<\/li>\n<li>En consecuencia, el muelle met\u00e1lico deja de ser atra\u00eddo y se relaja de nuevo.<\/li>\n<li>Ahora el disyuntor vuelve a cerrar el circuito, etc.<\/li>\n<\/ul>\n<h2>Potencial did\u00e1ctico:<\/h2>\n<ul>\n<li>Los alumnos fabrican una campana utilizando un kit: requiere tiempo, pero tiene un gran valor de aprendizaje y es bueno para la destreza.<\/li>\n<li>Los alumnos utilizan un producto terminado: s\u00f3lo los que han comprendido su funcionamiento pueden conectar los cables correctamente (conexi\u00f3n en serie del electroim\u00e1n y el disyuntor).<\/li>\n<\/ul>\n","protected":false},"featured_media":935,"template":"","meta":[],"product_brand":[],"product_cat":[989,884,898,899],"product_tag":[],"class_list":{"0":"post-864","1":"product","2":"type-product","3":"status-publish","4":"has-post-thumbnail","6":"product_cat-6-magnetismo-electromagnetismo","7":"product_cat-b-electricidad-es","8":"product_cat-h-experimentos-historicos-es","9":"product_cat-i-dispositivos-fisicos-es","10":"","11":"woocommerce-text-align-left","12":"woocommerce-image-align-center","14":"first","15":"instock","16":"shipping-taxable","17":"product-type-simple"},"_links":{"self":[{"href":"https:\/\/experiments.school\/es\/wp-json\/wp\/v2\/product\/864","targetHints":{"allow":["GET"]}}],"collection":[{"href":"https:\/\/experiments.school\/es\/wp-json\/wp\/v2\/product"}],"about":[{"href":"https:\/\/experiments.school\/es\/wp-json\/wp\/v2\/types\/product"}],"wp:featuredmedia":[{"embeddable":true,"href":"https:\/\/experiments.school\/es\/wp-json\/wp\/v2\/media\/935"}],"wp:attachment":[{"href":"https:\/\/experiments.school\/es\/wp-json\/wp\/v2\/media?parent=864"}],"wp:term":[{"taxonomy":"product_brand","embeddable":true,"href":"https:\/\/experiments.school\/es\/wp-json\/wp\/v2\/product_brand?post=864"},{"taxonomy":"product_cat","embeddable":true,"href":"https:\/\/experiments.school\/es\/wp-json\/wp\/v2\/product_cat?post=864"},{"taxonomy":"product_tag","embeddable":true,"href":"https:\/\/experiments.school\/es\/wp-json\/wp\/v2\/product_tag?post=864"}],"curies":[{"name":"wp","href":"https:\/\/api.w.org\/{rel}","templated":true}]}}