{"id":857,"date":"2022-03-31T13:57:15","date_gmt":"2022-03-31T12:14:14","guid":{"rendered":"https:\/\/experiments.school\/?post_type=product&#038;p=857"},"modified":"2022-07-01T10:45:33","modified_gmt":"2022-07-01T08:45:33","slug":"freno-de-corrientes-de-foucault","status":"publish","type":"product","link":"https:\/\/experiments.school\/es\/produkt\/freno-de-corrientes-de-foucault\/","title":{"rendered":"030 &#8211; Freno de corrientes de Foucault"},"content":{"rendered":"","protected":false},"excerpt":{"rendered":"<h2><strong>Tuerca con freno inductivo<\/strong><\/h2>\n<h2>Introducci\u00f3n a:<\/h2>\n<p><span class=\"TextRun SCXW108572753 BCX2\" lang=\"DE-DE\" xml:lang=\"DE-DE\" data-contrast=\"auto\"><span class=\"NormalTextRun SCXW108572753 BCX2\">Ley de Lenz, <\/span><span class=\"NormalTextRun SpellingErrorV2Themed SCXW108572753 BCX2\">corriente<\/span><span class=\"NormalTextRun SCXW108572753 BCX2\"> de Foucault, <\/span><span class=\"NormalTextRun SpellingErrorV2Themed SCXW108572753 BCX2\">fuerza<\/span><span class=\"NormalTextRun SCXW108572753 BCX2\"> de Lorentz<\/span><\/span><\/p>\n<p>https:\/\/experiments.school\/wp-content\/uploads\/2022\/04\/030-end.mp4<\/p>\n<h2>Material:<\/h2>\n<ul>\n<li>Im\u00e1n de herradura<\/li>\n<li>Tuerca met\u00e1lica<\/li>\n<\/ul>\n<h2>Instrucciones:<\/h2>\n<ul>\n<li>Ponga la tuerca en rotaci\u00f3n chasqueando los dedos.<\/li>\n<li>Sujeta el im\u00e1n sobre \u00e9l de forma que la tuerca quede centrada entre los polos.<\/li>\n<\/ul>\n<h2>Tips:<\/h2>\n<ul>\n<li>Sujeta el im\u00e1n en \u00e1ngulo y mu\u00e9velo junto con la tuerca para evitar que se pegue al im\u00e1n.<\/li>\n<li>Las monedas no son adecuadas<\/li>\n<\/ul>\n<h2>Observaci\u00f3n:<\/h2>\n<ul>\n<li>La rotaci\u00f3n de la tuerca se ve fuertemente frenada en el campo magn\u00e9tico.<\/li>\n<\/ul>\n<h2>Explicaci\u00f3n:<\/h2>\n<ul>\n<li>Las cargas en movimiento en un campo magn\u00e9tico experimentan una fuerza perpendicular a las l\u00edneas de campo, la fuerza de Lorentz.<\/li>\n<li>En el metal hay electrones libres que giran con \u00e9l, la fuerza de Lorentz sobre ellos provoca corrientes desordenadas en el metal, las llamadas corrientes de Foucault (inducci\u00f3n).<\/li>\n<li>Seg\u00fan la regla de Lenz, el efecto de inducci\u00f3n se dirige contra su causa (la rotaci\u00f3n en el campo magn\u00e9tico). Entonces la rotaci\u00f3n se ralentiza.<\/li>\n<li>Desde el punto de vista energ\u00e9tico, la energ\u00eda rotativa se convierte en energ\u00eda el\u00e9ctrica y, finalmente, en energ\u00eda t\u00e9rmica.<\/li>\n<li>El momento angular se transfiere al im\u00e1n (no se nota).<\/li>\n<\/ul>\n","protected":false},"featured_media":977,"template":"","meta":[],"product_brand":[],"product_cat":[992,884],"product_tag":[581,582,704],"class_list":{"0":"post-857","1":"product","2":"type-product","3":"status-publish","4":"has-post-thumbnail","6":"product_cat-7-fuerza-de-lorentz-induccion","7":"product_cat-b-electricidad-es","8":"product_tag-corriente-de-foucault","9":"product_tag-fuerza-de-lorentz","10":"product_tag-ley-de-lenz","11":"","12":"woocommerce-text-align-left","13":"woocommerce-image-align-center","15":"first","16":"instock","17":"shipping-taxable","18":"product-type-simple"},"_links":{"self":[{"href":"https:\/\/experiments.school\/es\/wp-json\/wp\/v2\/product\/857","targetHints":{"allow":["GET"]}}],"collection":[{"href":"https:\/\/experiments.school\/es\/wp-json\/wp\/v2\/product"}],"about":[{"href":"https:\/\/experiments.school\/es\/wp-json\/wp\/v2\/types\/product"}],"wp:featuredmedia":[{"embeddable":true,"href":"https:\/\/experiments.school\/es\/wp-json\/wp\/v2\/media\/977"}],"wp:attachment":[{"href":"https:\/\/experiments.school\/es\/wp-json\/wp\/v2\/media?parent=857"}],"wp:term":[{"taxonomy":"product_brand","embeddable":true,"href":"https:\/\/experiments.school\/es\/wp-json\/wp\/v2\/product_brand?post=857"},{"taxonomy":"product_cat","embeddable":true,"href":"https:\/\/experiments.school\/es\/wp-json\/wp\/v2\/product_cat?post=857"},{"taxonomy":"product_tag","embeddable":true,"href":"https:\/\/experiments.school\/es\/wp-json\/wp\/v2\/product_tag?post=857"}],"curies":[{"name":"wp","href":"https:\/\/api.w.org\/{rel}","templated":true}]}}