{"id":1920,"date":"2024-06-20T11:53:14","date_gmt":"2024-06-20T09:57:10","guid":{"rendered":"https:\/\/experiments.school\/?post_type=product&#038;p=1920"},"modified":"2024-06-20T11:57:10","modified_gmt":"2024-06-20T09:57:10","slug":"097-tornado-en-la-botella","status":"publish","type":"product","link":"https:\/\/experiments.school\/es\/produkt\/097-tornado-en-la-botella\/","title":{"rendered":"097 &#8211; Tornado en la botella"},"content":{"rendered":"","protected":false},"excerpt":{"rendered":"<h2><span data-contrast=\"auto\">V\u00f3rtice de agua\u00a0<\/span><span data-ccp-props=\"{&quot;201341983&quot;:0,&quot;335559739&quot;:160,&quot;335559740&quot;:259}\">\u00a0<\/span><\/h2>\n<h2><span data-contrast=\"auto\">Ba\u00f1era giratoria\u00a0<\/span><span data-ccp-props=\"{&quot;201341983&quot;:0,&quot;335559739&quot;:160,&quot;335559740&quot;:259}\">\u00a0<\/span><\/h2>\n<p><span data-ccp-props=\"{&quot;201341983&quot;:0,&quot;335559739&quot;:160,&quot;335559740&quot;:259}\">\u00a0<\/span><\/p>\n<h2><span data-contrast=\"auto\">Introducci\u00f3n a:\u00a0<\/span><span data-ccp-props=\"{&quot;201341983&quot;:0,&quot;335559739&quot;:160,&quot;335559740&quot;:259}\">\u00a0<\/span><\/h2>\n<ul>\n<li><span data-contrast=\"auto\">V\u00f3rtice<\/span><\/li>\n<li><span data-contrast=\"auto\">Hiperboloide rotacional<\/span><\/li>\n<li><span data-contrast=\"auto\">Fuerza centr\u00edfuga\/fuerza centr\u00edpeta<\/span><\/li>\n<li><span data-contrast=\"auto\">Conservaci\u00f3n del momento angular<\/span><\/li>\n<li><span data-contrast=\"auto\">Embudo de v\u00f3rtice <\/span><span data-ccp-props=\"{&quot;201341983&quot;:0,&quot;335559739&quot;:160,&quot;335559740&quot;:259}\">\u00a0<\/span><\/li>\n<\/ul>\n[video width=\"1920\" height=\"1080\" mp4=\"https:\/\/experiments.school\/wp-content\/uploads\/2024\/06\/097-video2-end.mp4\"][\/video]\n<p>https:\/\/experiments.school\/wp-content\/uploads\/2024\/06\/097-video1-end-2.mp4<\/p>\n<h2><span data-contrast=\"auto\">Material:\u00a0<\/span><span data-ccp-props=\"{&quot;201341983&quot;:0,&quot;335559739&quot;:160,&quot;335559740&quot;:259}\">\u00a0<\/span><\/h2>\n<ul>\n<li><span data-contrast=\"auto\">2 botellas de pl\u00e1stico (= botellas de PET, recomendaci\u00f3n: volumen 1,5 litros, \u00a1absolutamente transparente!)\u00a0\u00a0<\/span><span data-ccp-props=\"{&quot;201341983&quot;:0,&quot;335559739&quot;:160,&quot;335559740&quot;:259}\">\u00a0<\/span><\/li>\n<li><span data-contrast=\"auto\">Conector de pl\u00e1stico duro, disponible en el mercado\u00a0<\/span><\/li>\n<\/ul>\n<p><strong>O<\/strong>\u00a0<span data-ccp-props=\"{&quot;201341983&quot;:0,&quot;335559739&quot;:160,&quot;335559740&quot;:259}\">\u00a0<\/span><\/p>\n<ul>\n<li>2 tapas<\/li>\n<li>Pegamento caliente con pistola <span data-ccp-props=\"{&quot;201341983&quot;:0,&quot;335559739&quot;:160,&quot;335559740&quot;:259}\">\u00a0<\/span><\/li>\n<li>Lija<\/li>\n<li>Tijeras\u00a0<span data-ccp-props=\"{&quot;201341983&quot;:0,&quot;335559739&quot;:160,&quot;335559740&quot;:259}\">\u00a0<\/span><\/li>\n<\/ul>\n<h2><span data-contrast=\"auto\">Instrucciones:<\/span><span data-ccp-props=\"{&quot;201341983&quot;:0,&quot;335559739&quot;:160,&quot;335559740&quot;:259}\">\u00a0<\/span><\/h2>\n<ul>\n<li><span data-contrast=\"auto\">Tome el conector terminado\u00a0<\/span><span data-ccp-props=\"{&quot;201341983&quot;:0,&quot;335559739&quot;:160,&quot;335559740&quot;:259}\">\u00a0<\/span><\/li>\n<\/ul>\n<p><span data-contrast=\"auto\"><strong>O<\/strong> haz uno t\u00fa mismo: <\/span><span data-ccp-props=\"{&quot;201341983&quot;:0,&quot;335559739&quot;:160,&quot;335559740&quot;:259}\">\u00a0<\/span><\/p>\n<ul>\n<li>Raspa la superficie de las dos tapas con papel de lija y p\u00e9galas<\/li>\n<li>Usa las tijeras para perforar un agujero en el centro de las tapas. El di\u00e1metro debe ser de unos 5 mm.\u00a0<span data-ccp-props=\"{&quot;201341983&quot;:0,&quot;335559739&quot;:160,&quot;335559740&quot;:259}\">\u00a0<\/span><\/li>\n<li><span data-contrast=\"auto\">Llena una de las dos botellas con agua, dejando unos cinco cent\u00edmetros de aire en la parte superior.\u00a0<\/span><span data-ccp-props=\"{&quot;201341983&quot;:0,&quot;335559739&quot;:160,&quot;335559740&quot;:259}\">\u00a0<\/span><\/li>\n<li><span data-contrast=\"auto\">Atornille la segunda botella vac\u00eda en la parte superior del conector.\u00a0<\/span><span data-ccp-props=\"{&quot;201341983&quot;:0,&quot;335559739&quot;:160,&quot;335559740&quot;:259}\">\u00a0<\/span><\/li>\n<li><span data-contrast=\"auto\">Dale la vuelta a las dos botellas para que salga la botella llena.\u00a0<\/span><span data-ccp-props=\"{&quot;201341983&quot;:0,&quot;335559739&quot;:160,&quot;335559740&quot;:259}\">\u00a0<\/span><\/li>\n<li><span data-contrast=\"auto\">Gira el agua en la botella superior girando. Esto requiere algo de pr\u00e1ctica. Agita la botella como un gran vaso de agua, siempre en c\u00edrculo, como si estuvieras revolviendo en una cacerola grande.\u00a0<\/span><span data-ccp-props=\"{&quot;201341983&quot;:0,&quot;335559739&quot;:160,&quot;335559740&quot;:259}\">\u00a0<\/span><\/li>\n<li><span data-contrast=\"auto\">\u00a1Mant\u00e9n las botellas quietas y observa!<\/span><span data-ccp-props=\"{&quot;201341983&quot;:0,&quot;335559739&quot;:160,&quot;335559740&quot;:259}\">\u00a0<\/span><\/li>\n<\/ul>\n<h2><span data-contrast=\"auto\">Observaci\u00f3n:\u00a0<\/span><span data-ccp-props=\"{&quot;201341983&quot;:0,&quot;335559739&quot;:160,&quot;335559740&quot;:259}\">\u00a0<\/span><\/h2>\n<ul>\n<li><span data-contrast=\"auto\">Se forma un embudo de v\u00f3rtice en la botella superior\u00a0<\/span><span data-ccp-props=\"{&quot;201341983&quot;:0,&quot;335559739&quot;:160,&quot;335559740&quot;:259}\">\u00a0<\/span><\/li>\n<\/ul>\n<h2><span data-contrast=\"auto\">Tips:\u00a0<\/span><span data-ccp-props=\"{&quot;201341983&quot;:0,&quot;335559739&quot;:160,&quot;335559740&quot;:259}\">\u00a0<\/span><\/h2>\n<ul>\n<li><span data-contrast=\"auto\">Si la conexi\u00f3n no est\u00e1 completamente apretada, coloca un recipiente debajo o experimenta al aire libre.\u00a0<\/span><span data-ccp-props=\"{&quot;201341983&quot;:0,&quot;335559739&quot;:160,&quot;335559740&quot;:259}\">\u00a0<\/span><\/li>\n<li><span data-contrast=\"auto\">Experimenta girando la botella m\u00e1s lento o m\u00e1s r\u00e1pido\u00a0<\/span><span data-ccp-props=\"{&quot;201341983&quot;:0,&quot;335559739&quot;:160,&quot;335559740&quot;:259}\">\u00a0<\/span><\/li>\n<\/ul>\n<h2><span data-contrast=\"auto\">Potencial did\u00e1ctico:\u00a0<\/span><span data-ccp-props=\"{&quot;201341983&quot;:0,&quot;335559739&quot;:160,&quot;335559740&quot;:259}\">\u00a0<\/span><\/h2>\n<ul>\n<li><span data-contrast=\"auto\">\u00a1El v\u00f3rtice de la ba\u00f1era ejerce una gran fascinaci\u00f3n!\u00a0<\/span><span data-ccp-props=\"{&quot;201341983&quot;:0,&quot;335559739&quot;:160,&quot;335559740&quot;:259}\">\u00a0<\/span><\/li>\n<li><span data-contrast=\"auto\">La forma del v\u00f3rtice se puede explicar te\u00f3ricamente con las matem\u00e1ticas de la escuela secundaria: El v\u00f3rtice es una consecuencia de la conservaci\u00f3n del momento angular:<\/span><span data-ccp-props=\"{&quot;201341983&quot;:0,&quot;335559739&quot;:160,&quot;335559740&quot;:259}\">\u00a0<\/span><\/li>\n<\/ul>\n<p><span data-contrast=\"auto\"><span class=\"TextRun SCXW195689981 BCX8\" lang=\"ES-BO\" xml:lang=\"ES-BO\" data-contrast=\"auto\"><span class=\"NormalTextRun SCXW195689981 BCX8\">1ra <\/span><\/span>Tarea: <\/span><\/p>\n<ul>\n<li>Explique por qu\u00e9 una part\u00edcula de agua m en un v\u00f3rtice de agua gira m\u00e1s r\u00e1pido (es decir, mayor velocidad de rotaci\u00f3n v ) cuanto m\u00e1s se acerca al eje de rotaci\u00f3n. Esto sucede cuando es absorbido por el v\u00f3rtice.<\/li>\n<\/ul>\n<p><span class=\"TextRun SCXW93741214 BCX8\" lang=\"ES-BO\" xml:lang=\"ES-BO\" data-contrast=\"auto\"><span class=\"NormalTextRun SCXW93741214 BCX8\">2da <\/span><\/span>Tarea:<\/p>\n<ul>\n<li>Mostrar: \u00a1La superficie forma un hiperboloide rotacional! <span data-ccp-props=\"{&quot;201341983&quot;:0,&quot;335559739&quot;:160,&quot;335559740&quot;:259}\">\u00a0<\/span><\/li>\n<li><span data-contrast=\"auto\">Nota: La inclinaci\u00f3n de la superficie del agua (\u00e1ngulo \u03b1 ) resulta de la suma de las fuerzas de la fuerza centr\u00edfuga y la fuerza del peso de la pieza volum\u00e9trica. (Fuerzas en el sistema de referencia giratorio)<\/span><span data-ccp-props=\"{&quot;201341983&quot;:0,&quot;335559739&quot;:160,&quot;335559740&quot;:259}\">\u00a0<\/span><\/li>\n<\/ul>\n","protected":false},"featured_media":1922,"template":"","meta":[],"product_brand":[],"product_cat":[932,935,944,910,835,873],"product_tag":[],"class_list":{"0":"post-1920","1":"product","2":"type-product","3":"status-publish","4":"has-post-thumbnail","6":"product_cat-10-movimiento-circular","7":"product_cat-11-momento-angular-conservacion-del-momento-angular","8":"product_cat-14-vortices-es","9":"product_cat-2-fuerza-equilibrio-de-fuerzas","10":"product_cat-a-mecanica-es","11":"product_cat-j-fisica-de-la-cocina","12":"","13":"woocommerce-text-align-left","14":"woocommerce-image-align-center","16":"first","17":"instock","18":"shipping-taxable","19":"product-type-simple"},"_links":{"self":[{"href":"https:\/\/experiments.school\/es\/wp-json\/wp\/v2\/product\/1920","targetHints":{"allow":["GET"]}}],"collection":[{"href":"https:\/\/experiments.school\/es\/wp-json\/wp\/v2\/product"}],"about":[{"href":"https:\/\/experiments.school\/es\/wp-json\/wp\/v2\/types\/product"}],"wp:featuredmedia":[{"embeddable":true,"href":"https:\/\/experiments.school\/es\/wp-json\/wp\/v2\/media\/1922"}],"wp:attachment":[{"href":"https:\/\/experiments.school\/es\/wp-json\/wp\/v2\/media?parent=1920"}],"wp:term":[{"taxonomy":"product_brand","embeddable":true,"href":"https:\/\/experiments.school\/es\/wp-json\/wp\/v2\/product_brand?post=1920"},{"taxonomy":"product_cat","embeddable":true,"href":"https:\/\/experiments.school\/es\/wp-json\/wp\/v2\/product_cat?post=1920"},{"taxonomy":"product_tag","embeddable":true,"href":"https:\/\/experiments.school\/es\/wp-json\/wp\/v2\/product_tag?post=1920"}],"curies":[{"name":"wp","href":"https:\/\/api.w.org\/{rel}","templated":true}]}}