{"id":1868,"date":"2024-05-13T09:50:35","date_gmt":"2024-05-13T08:06:57","guid":{"rendered":"https:\/\/experiments.school\/?post_type=product&#038;p=1868"},"modified":"2024-05-13T10:06:57","modified_gmt":"2024-05-13T08:06:57","slug":"197-refelxion-multiple","status":"publish","type":"product","link":"https:\/\/experiments.school\/es\/produkt\/197-refelxion-multiple\/","title":{"rendered":"197 &#8211; Refelxi\u00f3n m\u00faltiple"},"content":{"rendered":"","protected":false},"excerpt":{"rendered":"<h2><span data-contrast=\"auto\">Introducci\u00f3n a:<\/span><span data-ccp-props=\"{&quot;201341983&quot;:0,&quot;335559739&quot;:160,&quot;335559740&quot;:259}\">\u00a0<\/span><\/h2>\n<ul>\n<li><span data-contrast=\"auto\">Reflexi\u00f3n<\/span><\/li>\n<li><span data-contrast=\"auto\">Transmisi\u00f3n<\/span><\/li>\n<li><span data-contrast=\"auto\">Refracci\u00f3n\u00a0 <\/span><span data-ccp-props=\"{&quot;201341983&quot;:0,&quot;335559739&quot;:160,&quot;335559740&quot;:259}\">\u00a0<\/span><\/li>\n<\/ul>\n[video width=\"1440\" height=\"1440\" mp4=\"https:\/\/experiments.school\/wp-content\/uploads\/2024\/05\/197-video-end.mp4\"][\/video]\n<p>&nbsp;<\/p>\n<h2><span data-contrast=\"auto\">Material:\u00a0<\/span><span data-ccp-props=\"{&quot;201341983&quot;:0,&quot;335559739&quot;:160,&quot;335559740&quot;:259}\">\u00a0<\/span><\/h2>\n<ul>\n<li><span data-contrast=\"auto\">Nota de seguridad: Riesgo de da\u00f1o a la retina, por lo tanto, utilice L\u00c1SER con baja potencia de radiaci\u00f3n. \u00a1Nunca trabaje sin gafas de seguridad L\u00c1SER!)\u00a0<\/span><span data-ccp-props=\"{&quot;201341983&quot;:0,&quot;335559739&quot;:160,&quot;335559740&quot;:259}\">\u00a0<\/span><\/li>\n<li><span data-contrast=\"auto\">Espejo (con una placa de vidrio lo m\u00e1s gruesa posible, espesor m\u00ednimo 5 mm)\u00a0<\/span><span data-ccp-props=\"{&quot;201341983&quot;:0,&quot;335559739&quot;:160,&quot;335559740&quot;:259}\">\u00a0<\/span><\/li>\n<li><span data-contrast=\"auto\">Superficie de proyecci\u00f3n (por ejemplo, hoja de papel en blanco)\u00a0<\/span><span data-ccp-props=\"{&quot;201341983&quot;:0,&quot;335559739&quot;:160,&quot;335559740&quot;:259}\">\u00a0<\/span><\/li>\n<\/ul>\n<h2><span data-contrast=\"auto\">Instrucciones:<\/span><span data-ccp-props=\"{&quot;201341983&quot;:0,&quot;335559739&quot;:160,&quot;335559740&quot;:259}\">\u00a0<\/span><\/h2>\n<ul>\n<li><span data-contrast=\"auto\">Ilumine el espejo con el puntero l\u00e1ser en un \u00e1ngulo de aproximadamente 30\u00b0-45\u00b0. \u00a1Siga los consejos de seguridad!\u00a0<\/span><span data-ccp-props=\"{&quot;201341983&quot;:0,&quot;335559739&quot;:160,&quot;335559740&quot;:259}\">\u00a0<\/span><\/li>\n<li><span data-contrast=\"auto\">Captura el resplandor en una pantalla de proyecci\u00f3n perpendicular a \u00e9l.\u00a0<\/span><span data-ccp-props=\"{&quot;201341983&quot;:0,&quot;335559739&quot;:160,&quot;335559740&quot;:259}\">\u00a0<\/span><\/li>\n<\/ul>\n<h2><span data-contrast=\"auto\">Observaci\u00f3n:\u00a0<\/span><span data-ccp-props=\"{&quot;201341983&quot;:0,&quot;335559739&quot;:160,&quot;335559740&quot;:259}\">\u00a0<\/span><\/h2>\n<ul>\n<li><span data-contrast=\"auto\">Podemos ver al menos tres puntos de luz en la superficie de proyecci\u00f3n, el segundo desde arriba es el m\u00e1s brillante.\u00a0<\/span><span data-ccp-props=\"{&quot;201341983&quot;:0,&quot;335559739&quot;:160,&quot;335559740&quot;:259}\">\u00a0<\/span><\/li>\n<\/ul>\n<h2><span data-contrast=\"auto\">Explicaci\u00f3n:\u00a0<\/span><span data-ccp-props=\"{&quot;201341983&quot;:0,&quot;335559739&quot;:160,&quot;335559740&quot;:259}\">\u00a0<\/span><\/h2>\n<p><span data-contrast=\"auto\">Dibujo esquem\u00e1tico:<\/span><span data-ccp-props=\"{&quot;201341983&quot;:0,&quot;335559739&quot;:160,&quot;335559740&quot;:259}\">\u00a0<\/span><\/p>\n<p><a href=\"https:\/\/experiments.school\/wp-content\/uploads\/2024\/05\/197-SchemazeichnungProduktbild.jpg\"><img loading=\"lazy\" decoding=\"async\" class=\"alignnone size-medium wp-image-1867\" src=\"https:\/\/experiments.school\/wp-content\/uploads\/2024\/05\/197-SchemazeichnungProduktbild-300x149.jpg\" alt=\"\" width=\"300\" height=\"149\" srcset=\"https:\/\/experiments.school\/wp-content\/uploads\/2024\/05\/197-SchemazeichnungProduktbild-300x149.jpg 300w, https:\/\/experiments.school\/wp-content\/uploads\/2024\/05\/197-SchemazeichnungProduktbild-768x381.jpg 768w, https:\/\/experiments.school\/wp-content\/uploads\/2024\/05\/197-SchemazeichnungProduktbild-620x308.jpg 620w, https:\/\/experiments.school\/wp-content\/uploads\/2024\/05\/197-SchemazeichnungProduktbild.jpg 995w\" sizes=\"auto, (max-width: 300px) 100vw, 300px\" \/><\/a><\/p>\n<ul>\n<li><span data-contrast=\"auto\">1 placa de vidrio del espejo\u00a0<\/span><span data-ccp-props=\"{&quot;201341983&quot;:0,&quot;335559739&quot;:160,&quot;335559740&quot;:259}\">\u00a0<\/span><\/li>\n<li><span data-contrast=\"auto\">2 Parte inferior espejada de la placa de vidrio\u00a0<\/span><\/li>\n<li>3 Parte superior de la placa de vidrio<\/li>\n<li>4 haces de luz incidente (L\u00c1SER)<\/li>\n<li>5 Haz reflejado directamente sobre la placa de vidrio<\/li>\n<li>6 haz reflejado en el espejo y refractado dos veces<\/li>\n<li>7 haz reflejado dos veces en el espejo<\/li>\n<li>El punto de luz superior 5 es creado por el reflejo en la parte superior de la placa de vidrio del espejo. El punto de luz m\u00e1s brillante 6 es causado por el reflejo en la parte inferior espejada de la placa de vidrio. La luz se refracta dos veces, al entrar y salir del vidrio. El tercer punto de luz 7 se crea mediante un solo reflejo desde el interior en la parte superior de la placa de vidrio del espejo y un reflejo renovado en la parte inferior del espejo.<\/li>\n<li>Cualquier otro punto de luz visible es causado por m\u00faltiples reflejos en el espejo y en la superficie del vidrio.\u00a0<span data-ccp-props=\"{&quot;201341983&quot;:0,&quot;335559739&quot;:160,&quot;335559740&quot;:259}\">\u00a0<\/span><\/li>\n<\/ul>\n<p><span data-ccp-props=\"{&quot;201341983&quot;:0,&quot;335559739&quot;:160,&quot;335559740&quot;:259}\">\u00a0<\/span><\/p>\n","protected":false},"featured_media":1870,"template":"","meta":[],"product_brand":[],"product_cat":[965,968,886],"product_tag":[],"class_list":{"0":"post-1868","1":"product","2":"type-product","3":"status-publish","4":"has-post-thumbnail","6":"product_cat-2-reflexion-es","7":"product_cat-3-refraccion","8":"product_cat-c-optica-es","9":"","10":"woocommerce-text-align-left","11":"woocommerce-image-align-center","13":"first","14":"instock","15":"shipping-taxable","16":"product-type-simple"},"_links":{"self":[{"href":"https:\/\/experiments.school\/es\/wp-json\/wp\/v2\/product\/1868","targetHints":{"allow":["GET"]}}],"collection":[{"href":"https:\/\/experiments.school\/es\/wp-json\/wp\/v2\/product"}],"about":[{"href":"https:\/\/experiments.school\/es\/wp-json\/wp\/v2\/types\/product"}],"wp:featuredmedia":[{"embeddable":true,"href":"https:\/\/experiments.school\/es\/wp-json\/wp\/v2\/media\/1870"}],"wp:attachment":[{"href":"https:\/\/experiments.school\/es\/wp-json\/wp\/v2\/media?parent=1868"}],"wp:term":[{"taxonomy":"product_brand","embeddable":true,"href":"https:\/\/experiments.school\/es\/wp-json\/wp\/v2\/product_brand?post=1868"},{"taxonomy":"product_cat","embeddable":true,"href":"https:\/\/experiments.school\/es\/wp-json\/wp\/v2\/product_cat?post=1868"},{"taxonomy":"product_tag","embeddable":true,"href":"https:\/\/experiments.school\/es\/wp-json\/wp\/v2\/product_tag?post=1868"}],"curies":[{"name":"wp","href":"https:\/\/api.w.org\/{rel}","templated":true}]}}