{"id":1351,"date":"2022-05-05T15:15:55","date_gmt":"2022-06-24T17:07:42","guid":{"rendered":"https:\/\/experiments.school\/?post_type=product&#038;p=1351"},"modified":"2022-07-01T10:28:12","modified_gmt":"2022-07-01T08:28:12","slug":"108-sumar-y-restar-voltajes","status":"publish","type":"product","link":"https:\/\/experiments.school\/es\/produkt\/108-sumar-y-restar-voltajes\/","title":{"rendered":"108 &#8211; Sumar y restar voltajes"},"content":{"rendered":"","protected":false},"excerpt":{"rendered":"<h2><strong><span class=\"TextRun SCXW91672359 BCX4\" lang=\"DE-DE\" xml:lang=\"DE-DE\" data-contrast=\"auto\"><span class=\"NormalTextRun SpellingErrorV2Themed SCXW91672359 BCX4\">Bater\u00edas<\/span><span class=\"NormalTextRun SCXW91672359 BCX4\"> de <\/span><span class=\"NormalTextRun SpellingErrorV2Themed SpellingErrorHighlight SCXW91672359 BCX4\">interconexi\u00f3n<\/span><span class=\"NormalTextRun SCXW91672359 BCX4\">\u00a0<\/span><\/span><span class=\"EOP SCXW91672359 BCX4\" data-ccp-props=\"{&quot;201341983&quot;:0,&quot;335559739&quot;:160,&quot;335559740&quot;:259}\">\u00a0<\/span><\/strong><\/h2>\n<h2><span data-contrast=\"auto\">Introducci\u00f3n a:\u00a0<\/span><span data-ccp-props=\"{&quot;201341983&quot;:0,&quot;335559739&quot;:160,&quot;335559740&quot;:259}\">\u00a0<\/span><\/h2>\n<p><span data-contrast=\"auto\">Concepto de voltaje, medici\u00f3n de voltaje, propiedades de la tensi\u00f3n el\u00e9ctrica, potencial el\u00e9ctrico<\/span><\/p>\n<p>https:\/\/experiments.school\/wp-content\/uploads\/2022\/05\/108.mp4<\/p>\n<h2><span data-contrast=\"auto\">Material:\u00a0<\/span><span data-ccp-props=\"{&quot;201341983&quot;:0,&quot;335559739&quot;:160,&quot;335559740&quot;:259}\">\u00a0<\/span><\/h2>\n<ul>\n<li><span data-contrast=\"auto\">Volt\u00edmetro ( voltaje directo = DC, rango de medici\u00f3n 0&#8230;5V).\u00a0<\/span><span data-ccp-props=\"{&quot;201341983&quot;:0,&quot;335559739&quot;:160,&quot;335559740&quot;:259}\">\u00a0<\/span><\/li>\n<li><span data-contrast=\"auto\">Pilas de 1,5 V (3)\u00a0<\/span><\/li>\n<\/ul>\n<h2><span data-contrast=\"auto\">Preparaci\u00f3n y procedimiento:\u00a0<\/span><span data-ccp-props=\"{&quot;201341983&quot;:0,&quot;335559739&quot;:160,&quot;335559740&quot;:259}\">\u00a0<\/span><\/h2>\n<ul>\n<li><span data-contrast=\"auto\">Medir la voltaje de una bater\u00eda\u00a0<\/span><span data-ccp-props=\"{&quot;201341983&quot;:0,&quot;335559739&quot;:160,&quot;335559740&quot;:259}\">\u00a0<\/span><\/li>\n<li><span data-contrast=\"auto\">Coloca dos pilas una al lado de la otra, polo negativo a polo positivo, y vuelve a medir la voltaje.\u00a0<\/span><span data-ccp-props=\"{&quot;201341983&quot;:0,&quot;335559739&quot;:160,&quot;335559740&quot;:259}\">\u00a0<\/span><\/li>\n<li><span data-contrast=\"auto\">a\u00f1ade una tercera pila, de nuevo polo negativo a polo positivo, y mide de nuevo la voltaje.\u00a0<\/span><span data-ccp-props=\"{&quot;201341983&quot;:0,&quot;335559739&quot;:160,&quot;335559740&quot;:259}\">\u00a0<\/span><\/li>\n<li><span data-contrast=\"auto\">gire la tercera pila para que su polo positivo est\u00e9 en contacto con el polo positivo de la segunda pila y mida tambi\u00e9n esta voltaje.\u00a0<\/span><span data-ccp-props=\"{&quot;201341983&quot;:0,&quot;335559739&quot;:160,&quot;335559740&quot;:259}\">\u00a0<\/span><span data-contrast=\"auto\">\u00a0<\/span><span data-ccp-props=\"{&quot;201341983&quot;:0,&quot;335559739&quot;:160,&quot;335559740&quot;:259}\">\u00a0<\/span><\/li>\n<\/ul>\n<h2><span data-contrast=\"auto\">Observaci\u00f3n:\u00a0<\/span><span data-ccp-props=\"{&quot;201341983&quot;:0,&quot;335559739&quot;:160,&quot;335559740&quot;:259}\">\u00a0<\/span><\/h2>\n<ul>\n<li><span data-contrast=\"auto\">Si conectamos polos opuestos, las voltajes individuales se suman a la voltaje total.\u00a0<\/span><span data-ccp-props=\"{&quot;201341983&quot;:0,&quot;335559739&quot;:160,&quot;335559740&quot;:259}\">\u00a0<\/span><\/li>\n<li><span data-contrast=\"auto\">En el \u00faltimo experimento, la voltaje de la pila invertida se resta de la suma de las voltajes de las otras dos pilas.\u00a0<\/span><span data-contrast=\"auto\">\u00a0<\/span><span data-ccp-props=\"{&quot;201341983&quot;:0,&quot;335559739&quot;:160,&quot;335559740&quot;:259}\">\u00a0<\/span><\/li>\n<\/ul>\n<h2><span data-contrast=\"auto\">Potencial did\u00e1ctico:\u00a0<\/span><span data-ccp-props=\"{&quot;201341983&quot;:0,&quot;335559739&quot;:160,&quot;335559740&quot;:259}\">\u00a0<\/span><\/h2>\n<p><span data-contrast=\"auto\">Demostraci\u00f3n del voltaje como diferencia de potencial<\/span><span data-ccp-props=\"{&quot;201341983&quot;:0,&quot;335559739&quot;:160,&quot;335559740&quot;:259}\">\u00a0<\/span><\/p>\n","protected":false},"featured_media":1352,"template":"","meta":[],"product_brand":[],"product_cat":[977,884],"product_tag":[],"class_list":{"0":"post-1351","1":"product","2":"type-product","3":"status-publish","4":"has-post-thumbnail","6":"product_cat-2-voltaje-corriente","7":"product_cat-b-electricidad-es","8":"","9":"woocommerce-text-align-left","10":"woocommerce-image-align-center","12":"first","13":"instock","14":"shipping-taxable","15":"product-type-simple"},"_links":{"self":[{"href":"https:\/\/experiments.school\/es\/wp-json\/wp\/v2\/product\/1351","targetHints":{"allow":["GET"]}}],"collection":[{"href":"https:\/\/experiments.school\/es\/wp-json\/wp\/v2\/product"}],"about":[{"href":"https:\/\/experiments.school\/es\/wp-json\/wp\/v2\/types\/product"}],"wp:featuredmedia":[{"embeddable":true,"href":"https:\/\/experiments.school\/es\/wp-json\/wp\/v2\/media\/1352"}],"wp:attachment":[{"href":"https:\/\/experiments.school\/es\/wp-json\/wp\/v2\/media?parent=1351"}],"wp:term":[{"taxonomy":"product_brand","embeddable":true,"href":"https:\/\/experiments.school\/es\/wp-json\/wp\/v2\/product_brand?post=1351"},{"taxonomy":"product_cat","embeddable":true,"href":"https:\/\/experiments.school\/es\/wp-json\/wp\/v2\/product_cat?post=1351"},{"taxonomy":"product_tag","embeddable":true,"href":"https:\/\/experiments.school\/es\/wp-json\/wp\/v2\/product_tag?post=1351"}],"curies":[{"name":"wp","href":"https:\/\/api.w.org\/{rel}","templated":true}]}}