{"id":1338,"date":"2022-05-05T15:13:14","date_gmt":"2022-06-24T17:30:44","guid":{"rendered":"https:\/\/experiments.school\/?post_type=product&#038;p=1338"},"modified":"2024-07-26T10:22:59","modified_gmt":"2024-07-26T08:22:59","slug":"013-bateria-de-limon-2","status":"publish","type":"product","link":"https:\/\/experiments.school\/es\/produkt\/013-bateria-de-limon-2\/","title":{"rendered":"013 &#8211; Bater\u00eda de lim\u00f3n"},"content":{"rendered":"","protected":false},"excerpt":{"rendered":"<h2><strong><span class=\"TextRun SCXW134851395 BCX2\" lang=\"DE-DE\" xml:lang=\"DE-DE\" data-contrast=\"auto\"><span class=\"NormalTextRun SpellingErrorV2Themed SCXW134851395 BCX2\">Pila<\/span><span class=\"NormalTextRun SCXW134851395 BCX2\"> de <\/span><span class=\"NormalTextRun SpellingErrorV2Themed SCXW134851395 BCX2\">frutas<\/span><\/span><\/strong><\/h2>\n<h2><strong><span class=\"TextRun SCXW134851395 BCX2\" lang=\"DE-DE\" xml:lang=\"DE-DE\" data-contrast=\"auto\"><span class=\"NormalTextRun SpellingErrorV2Themed SCXW134851395 BCX2\">Pila<\/span><span class=\"NormalTextRun SCXW134851395 BCX2\"> de <\/span><span class=\"NormalTextRun SpellingErrorV2Themed SCXW134851395 BCX2\">patatas<\/span><\/span><\/strong><\/h2>\n<h2><strong><span class=\"TextRun SCXW134851395 BCX2\" lang=\"DE-DE\" xml:lang=\"DE-DE\" data-contrast=\"auto\"><span class=\"NormalTextRun SpellingErrorV2Themed SCXW134851395 BCX2\">Elemento<\/span> <span class=\"NormalTextRun SpellingErrorV2Themed SCXW134851395 BCX2\">galv\u00e1nico<\/span><\/span><\/strong><\/h2>\n<h2><strong><span class=\"TextRun SCXW134851395 BCX2\" lang=\"DE-DE\" xml:lang=\"DE-DE\" data-contrast=\"auto\"><span class=\"NormalTextRun SpellingErrorV2Themed SCXW134851395 BCX2\">Principio<\/span><span class=\"NormalTextRun SCXW134851395 BCX2\"> de <\/span><span class=\"NormalTextRun SpellingErrorV2Themed SCXW134851395 BCX2\">una<\/span> <span class=\"NormalTextRun SpellingErrorV2Themed SCXW134851395 BCX2\">pila<\/span> <span class=\"NormalTextRun SpellingErrorV2Themed SCXW134851395 BCX2\">qu\u00edmica<\/span><\/span><\/strong><\/h2>\n<h2><span data-contrast=\"auto\">Introducci\u00f3n a:\u00a0<\/span><span data-ccp-props=\"{&quot;201341983&quot;:0,&quot;335559739&quot;:160,&quot;335559740&quot;:259}\">\u00a0<\/span><\/h2>\n<p><span data-contrast=\"auto\">Generaci\u00f3n de voltaje, reacci\u00f3n redox, potencial electroqu\u00edmico, Luigi Galvani, Alessandro Volta.\u00a0<\/span><span data-ccp-props=\"{&quot;201341983&quot;:0,&quot;335559739&quot;:160,&quot;335559740&quot;:259}\">\u00a0<\/span><\/p>\n<p>https:\/\/experiments.school\/wp-content\/uploads\/2022\/05\/013_-_video_-_end.mp4<\/p>\n<h2><\/h2>\n<h2><span data-contrast=\"auto\">Material:\u00a0<\/span><span data-ccp-props=\"{&quot;201341983&quot;:0,&quot;335559739&quot;:160,&quot;335559740&quot;:259}\">\u00a0<\/span><\/h2>\n<ul>\n<li><span data-contrast=\"auto\">Clavo o tornillo galvanizado \/ chapa de zinc \/ metal com\u00fan.\u00a0<\/span><span data-ccp-props=\"{&quot;201341983&quot;:0,&quot;335559739&quot;:160,&quot;335559740&quot;:259}\">\u00a0<\/span><\/li>\n<li><span data-contrast=\"auto\">Moneda de cobre \/ l\u00e1mina de cobre \/ metal precioso\u00a0<\/span><span data-ccp-props=\"{&quot;201341983&quot;:0,&quot;335559739&quot;:160,&quot;335559740&quot;:259}\">\u00a0<\/span><\/li>\n<li><span data-contrast=\"auto\">Lim\u00f3n \/ fruta (naranja, pomelo, manzana, etc.) \/ patata\u00a0<\/span><span data-ccp-props=\"{&quot;201341983&quot;:0,&quot;335559739&quot;:160,&quot;335559740&quot;:259}\">\u00a0<\/span><\/li>\n<li><span data-contrast=\"auto\">Volt\u00edmetro \/ mult\u00edmetro\u00a0<\/span><span data-contrast=\"auto\">\u00a0<\/span><span data-ccp-props=\"{&quot;201341983&quot;:0,&quot;335559739&quot;:160,&quot;335559740&quot;:259}\">\u00a0<\/span><\/li>\n<\/ul>\n<p><span data-contrast=\"auto\">+ cuchillo de cocina\u00a0<\/span><span data-ccp-props=\"{&quot;201341983&quot;:0,&quot;335559739&quot;:160,&quot;335559740&quot;:259}\">\u00a0<\/span><\/p>\n<h2><span data-contrast=\"auto\">Establecimiento:\u00a0<\/span><span data-ccp-props=\"{&quot;201341983&quot;:0,&quot;335559739&quot;:160,&quot;335559740&quot;:259}\">\u00a0<\/span><\/h2>\n<ul>\n<li><span data-contrast=\"auto\">Rodar el lim\u00f3n sobre la mesa presionandolo ligeramente para aplastar la pulpa parcialmente.\u00a0<\/span><span data-ccp-props=\"{&quot;201341983&quot;:0,&quot;335559739&quot;:160,&quot;335559740&quot;:259}\">\u00a0<\/span><\/li>\n<li><span data-contrast=\"auto\">C\u00f3rtalo por la mitad en sentido vertical (hacia el eje por los extremos).\u00a0<\/span><span data-ccp-props=\"{&quot;201341983&quot;:0,&quot;335559739&quot;:160,&quot;335559740&quot;:259}\">\u00a0<\/span><\/li>\n<li><span data-contrast=\"auto\">Clava el clavo y la moneda (\u00abelectrodos\u00bb) en el lim\u00f3n a unos cent\u00edmetros de distancia y con\u00e9ctalos al mult\u00edmetro.\u00a0<\/span><span data-contrast=\"auto\">\u00a0<\/span><span data-ccp-props=\"{&quot;201341983&quot;:0,&quot;335559739&quot;:160,&quot;335559740&quot;:259}\">\u00a0<\/span><\/li>\n<\/ul>\n<h2><span data-contrast=\"auto\">Llevar a la pr\u00e1ctica:\u00a0<\/span><span data-ccp-props=\"{&quot;201341983&quot;:0,&quot;335559739&quot;:160,&quot;335559740&quot;:259}\">\u00a0<\/span><\/h2>\n<p><span data-contrast=\"auto\">Mide la potencia el\u00e9ctrica entre los electrodos y la corriente de cortocircuito.\u00a0\u00a0<\/span><span data-ccp-props=\"{&quot;201341983&quot;:0,&quot;335559739&quot;:160,&quot;335559740&quot;:259}\">\u00a0<\/span><\/p>\n<h2><span data-contrast=\"auto\">Observaci\u00f3n:\u00a0<\/span><span data-contrast=\"auto\">\u00a0<\/span><span data-ccp-props=\"{&quot;201341983&quot;:0,&quot;335559739&quot;:160,&quot;335559740&quot;:259}\">\u00a0<\/span><\/h2>\n<p><span data-contrast=\"auto\">Se puede producir una voltaje de hasta 0,9 V y una corriente de hasta aproximadamente 0,1 mA. <\/span><span data-ccp-props=\"{&quot;201341983&quot;:0,&quot;335559739&quot;:160,&quot;335559740&quot;:259}\">\u00a0<\/span><\/p>\n<h2><span data-contrast=\"auto\">Tips:\u00a0<\/span><span data-ccp-props=\"{&quot;201341983&quot;:0,&quot;335559739&quot;:160,&quot;335559740&quot;:259}\">\u00a0<\/span><\/h2>\n<p><span data-contrast=\"auto\">Se pueden conectar varias bater\u00edas de lim\u00f3n en serie.<\/span><span data-ccp-props=\"{&quot;201341983&quot;:0,&quot;335559739&quot;:160,&quot;335559740&quot;:259}\">\u00a0<\/span><\/p>\n","protected":false},"featured_media":1339,"template":"","meta":[],"product_brand":[],"product_cat":[977,986,884,898,899],"product_tag":[],"class_list":{"0":"post-1338","1":"product","2":"type-product","3":"status-publish","4":"has-post-thumbnail","6":"product_cat-2-voltaje-corriente","7":"product_cat-5-energia-potencia","8":"product_cat-b-electricidad-es","9":"product_cat-h-experimentos-historicos-es","10":"product_cat-i-dispositivos-fisicos-es","11":"","12":"woocommerce-text-align-left","13":"woocommerce-image-align-center","15":"first","16":"instock","17":"shipping-taxable","18":"product-type-simple"},"_links":{"self":[{"href":"https:\/\/experiments.school\/es\/wp-json\/wp\/v2\/product\/1338","targetHints":{"allow":["GET"]}}],"collection":[{"href":"https:\/\/experiments.school\/es\/wp-json\/wp\/v2\/product"}],"about":[{"href":"https:\/\/experiments.school\/es\/wp-json\/wp\/v2\/types\/product"}],"wp:featuredmedia":[{"embeddable":true,"href":"https:\/\/experiments.school\/es\/wp-json\/wp\/v2\/media\/1339"}],"wp:attachment":[{"href":"https:\/\/experiments.school\/es\/wp-json\/wp\/v2\/media?parent=1338"}],"wp:term":[{"taxonomy":"product_brand","embeddable":true,"href":"https:\/\/experiments.school\/es\/wp-json\/wp\/v2\/product_brand?post=1338"},{"taxonomy":"product_cat","embeddable":true,"href":"https:\/\/experiments.school\/es\/wp-json\/wp\/v2\/product_cat?post=1338"},{"taxonomy":"product_tag","embeddable":true,"href":"https:\/\/experiments.school\/es\/wp-json\/wp\/v2\/product_tag?post=1338"}],"curies":[{"name":"wp","href":"https:\/\/api.w.org\/{rel}","templated":true}]}}