{"id":1314,"date":"2022-05-05T15:06:43","date_gmt":"2022-07-01T08:37:29","guid":{"rendered":"https:\/\/experiments.school\/?post_type=product&#038;p=1314"},"modified":"2022-07-01T10:37:29","modified_gmt":"2022-07-01T08:37:29","slug":"033-separacion-electrostatica-de-materiales","status":"publish","type":"product","link":"https:\/\/experiments.school\/es\/produkt\/033-separacion-electrostatica-de-materiales\/","title":{"rendered":"033 &#8211; Separaci\u00f3n electrost\u00e1tica de materiales"},"content":{"rendered":"","protected":false},"excerpt":{"rendered":"<h2><strong><span class=\"TextRun SCXW4599725 BCX4\" lang=\"DE-DE\" xml:lang=\"DE-DE\" data-contrast=\"auto\"><span class=\"NormalTextRun SpellingErrorV2Themed SCXW4599725 BCX4\">Separaci\u00f3n<\/span><span class=\"NormalTextRun SCXW4599725 BCX4\"> de la <\/span><span class=\"NormalTextRun SpellingErrorV2Themed SpellingErrorHighlight SCXW4599725 BCX4\">sal<\/span><span class=\"NormalTextRun SCXW4599725 BCX4\"> y la <\/span><span class=\"NormalTextRun SpellingErrorV2Themed SCXW4599725 BCX4\">pimienta<\/span><span class=\"NormalTextRun SCXW4599725 BCX4\">\u00a0<\/span><\/span><span class=\"EOP SCXW4599725 BCX4\" data-ccp-props=\"{&quot;201341983&quot;:0,&quot;335559739&quot;:160,&quot;335559740&quot;:259}\">\u00a0<\/span><\/strong><\/h2>\n<h2><span data-contrast=\"auto\">Introducci\u00f3n a:\u00a0<\/span><\/h2>\n<p><span data-contrast=\"auto\">Triboelectricidad, carga, transferencia de carga, polarizaci\u00f3n, fuerza electrost\u00e1tica.\u00a0<\/span><span data-ccp-props=\"{&quot;201341983&quot;:0,&quot;335559739&quot;:160,&quot;335559740&quot;:259}\">\u00a0<\/span><\/p>\n<p>https:\/\/experiments.school\/wp-content\/uploads\/2022\/05\/033-video.mp4<\/p>\n<h2><span data-contrast=\"auto\">Material:\u00a0<\/span><span data-ccp-props=\"{&quot;201341983&quot;:0,&quot;335559739&quot;:160,&quot;335559740&quot;:259}\">\u00a0<\/span><\/h2>\n<ul>\n<li><span data-contrast=\"auto\">1 Cuchara de pl\u00e1stico \/ Regla de pl\u00e1stico \/ Globo.\u00a0<\/span><span data-ccp-props=\"{&quot;201341983&quot;:0,&quot;335559739&quot;:160,&quot;335559740&quot;:259}\">\u00a0<\/span><\/li>\n<li><span data-contrast=\"auto\">2 Mezcla de sal y pimienta\u00a0<\/span><span data-ccp-props=\"{&quot;201341983&quot;:0,&quot;335559739&quot;:160,&quot;335559740&quot;:259}\">\u00a0<\/span><\/li>\n<li><span data-contrast=\"auto\">3 Pimienta\u00a0<\/span><span data-contrast=\"auto\">\u00a0<\/span><span data-ccp-props=\"{&quot;201341983&quot;:0,&quot;335559739&quot;:160,&quot;335559740&quot;:259}\">\u00a0<\/span><\/li>\n<\/ul>\n<p><span data-contrast=\"auto\">+ Pa\u00f1o de lana \/ piel para frotar (para la carga electrost\u00e1tica).\u00a0<\/span><\/p>\n<h2><span data-contrast=\"auto\">Preparado:\u00a0<\/span><\/h2>\n<ul>\n<li><span data-contrast=\"auto\">hacer una mezcla de sal fina y pimienta finamente molida\u00a0<\/span><span data-ccp-props=\"{&quot;201341983&quot;:0,&quot;335559739&quot;:160,&quot;335559740&quot;:259}\">\u00a0<\/span><\/li>\n<li><span data-contrast=\"auto\">Cargue la cuchara de pl\u00e1stico electrost\u00e1ticamente frot\u00e1ndola\u00a0<\/span><span data-ccp-props=\"{&quot;201341983&quot;:0,&quot;335559739&quot;:160,&quot;335559740&quot;:259}\">\u00a0<\/span><\/li>\n<\/ul>\n<h2><span data-contrast=\"auto\">Realice el procedimiento:\u00a0<\/span><span data-ccp-props=\"{&quot;201341983&quot;:0,&quot;335559739&quot;:160,&quot;335559740&quot;:259}\">\u00a0<\/span><\/h2>\n<p><span data-contrast=\"auto\">Pasa la cuchara por encima de la mezcla\u00a0<\/span><span data-ccp-props=\"{&quot;201341983&quot;:0,&quot;335559739&quot;:160,&quot;335559740&quot;:259}\">\u00a0<\/span><\/p>\n<h2><span data-contrast=\"auto\">Observaci\u00f3n:\u00a0<\/span><span data-ccp-props=\"{&quot;201341983&quot;:0,&quot;335559739&quot;:160,&quot;335559740&quot;:259}\">\u00a0<\/span><\/h2>\n<p><span data-contrast=\"auto\">La pimienta es atra\u00edda por la cuchara y se pega a ella, la sal se queda en su sitio.\u00a0<\/span><span data-ccp-props=\"{&quot;201341983&quot;:0,&quot;335559739&quot;:160,&quot;335559740&quot;:259}\">\u00a0<\/span><\/p>\n<h2><span data-contrast=\"auto\">Explicaci\u00f3n:\u00a0<\/span><span data-ccp-props=\"{&quot;201341983&quot;:0,&quot;335559739&quot;:160,&quot;335559740&quot;:259}\">\u00a0<\/span><\/h2>\n<ul>\n<li><span data-contrast=\"auto\">las cadenas de carbono-hidr\u00f3geno del pimiento est\u00e1n polarizadas en el campo el\u00e9ctrico de la cuchara, al igual que las cargas del cristal de sal de NaCl\u00a0<\/span><span data-ccp-props=\"{&quot;201341983&quot;:0,&quot;335559739&quot;:160,&quot;335559740&quot;:259}\">\u00a0<\/span><\/li>\n<li><span data-contrast=\"auto\">en el campo no homog\u00e9neo de la cuchara existe una atracci\u00f3n electrost\u00e1tica sobre ambos\u00a0<\/span><span data-ccp-props=\"{&quot;201341983&quot;:0,&quot;335559739&quot;:160,&quot;335559740&quot;:259}\">\u00a0<\/span><\/li>\n<li><span data-contrast=\"auto\">Los cristales de sal son mucho m\u00e1s pesados y, por tanto, no se levantan tan f\u00e1cilmente como la pimienta.<\/span><span data-ccp-props=\"{&quot;201341983&quot;:0,&quot;335559739&quot;:160,&quot;335559740&quot;:259}\">\u00a0<\/span><\/li>\n<\/ul>\n","protected":false},"featured_media":1315,"template":"","meta":[],"product_brand":[],"product_cat":[974,884,897,873],"product_tag":[],"class_list":{"0":"post-1314","1":"product","2":"type-product","3":"status-publish","4":"has-post-thumbnail","6":"product_cat-1-electrostatica-carga","7":"product_cat-b-electricidad-es","8":"product_cat-g-trucos-de-magia-es","9":"product_cat-j-fisica-de-la-cocina","10":"","11":"woocommerce-text-align-left","12":"woocommerce-image-align-center","14":"first","15":"instock","16":"shipping-taxable","17":"product-type-simple"},"_links":{"self":[{"href":"https:\/\/experiments.school\/es\/wp-json\/wp\/v2\/product\/1314","targetHints":{"allow":["GET"]}}],"collection":[{"href":"https:\/\/experiments.school\/es\/wp-json\/wp\/v2\/product"}],"about":[{"href":"https:\/\/experiments.school\/es\/wp-json\/wp\/v2\/types\/product"}],"wp:featuredmedia":[{"embeddable":true,"href":"https:\/\/experiments.school\/es\/wp-json\/wp\/v2\/media\/1315"}],"wp:attachment":[{"href":"https:\/\/experiments.school\/es\/wp-json\/wp\/v2\/media?parent=1314"}],"wp:term":[{"taxonomy":"product_brand","embeddable":true,"href":"https:\/\/experiments.school\/es\/wp-json\/wp\/v2\/product_brand?post=1314"},{"taxonomy":"product_cat","embeddable":true,"href":"https:\/\/experiments.school\/es\/wp-json\/wp\/v2\/product_cat?post=1314"},{"taxonomy":"product_tag","embeddable":true,"href":"https:\/\/experiments.school\/es\/wp-json\/wp\/v2\/product_tag?post=1314"}],"curies":[{"name":"wp","href":"https:\/\/api.w.org\/{rel}","templated":true}]}}