{"id":1297,"date":"2022-05-05T15:00:36","date_gmt":"2022-06-25T11:28:56","guid":{"rendered":"https:\/\/experiments.school\/?post_type=product&#038;p=1297"},"modified":"2022-07-01T10:38:19","modified_gmt":"2022-07-01T08:38:19","slug":"028-capacidad-de-carga-de-una-barra-magnetica","status":"publish","type":"product","link":"https:\/\/experiments.school\/es\/produkt\/028-capacidad-de-carga-de-una-barra-magnetica\/","title":{"rendered":"028 &#8211; Capacidad de carga de una barra magn\u00e9tica"},"content":{"rendered":"","protected":false},"excerpt":{"rendered":"<h2><strong><span class=\"NormalTextRun SpellingErrorV2Themed SCXW127527545 BCX4\">Intensidad<\/span><span class=\"NormalTextRun SCXW127527545 BCX4\"> de <\/span><span class=\"NormalTextRun SpellingErrorV2Themed SCXW127527545 BCX4\">campo<\/span><span class=\"NormalTextRun SCXW127527545 BCX4\"> de <\/span><span class=\"NormalTextRun SpellingErrorV2Themed SCXW127527545 BCX4\">una<\/span> <span class=\"NormalTextRun SpellingErrorV2Themed SCXW127527545 BCX4\">barra<\/span> <span class=\"NormalTextRun SpellingErrorV2Themed SCXW127527545 BCX4\">magn\u00e9tica<\/span> <\/strong><\/h2>\n<h2><span data-contrast=\"auto\">Introducci\u00f3n a: <\/span><span data-ccp-props=\"{&quot;201341983&quot;:0,&quot;335559739&quot;:160,&quot;335559740&quot;:259}\"><br \/>\n<\/span><\/h2>\n<p><span data-contrast=\"auto\">Intensidad de campo, campo magn\u00e9tico, l\u00edneas de campo<\/span><\/p>\n<p>&nbsp;<\/p>\n<p>https:\/\/experiments.school\/wp-content\/uploads\/2022\/05\/028-video.mp4<\/p>\n<h2><span data-contrast=\"auto\">Material:\u00a0<\/span><span data-ccp-props=\"{&quot;201341983&quot;:0,&quot;335559739&quot;:160,&quot;335559740&quot;:259}\">\u00a0<\/span><\/h2>\n<ul>\n<li><span data-contrast=\"auto\">Im\u00e1n de barra\u00a0<\/span><span data-ccp-props=\"{&quot;201341983&quot;:0,&quot;335559739&quot;:160,&quot;335559740&quot;:259}\">\u00a0<\/span><\/li>\n<li><span data-contrast=\"auto\">Tornillos (ferromagn\u00e9ticos, ferrosos) \/ clavos de hierro o acero con cabeza (longitud 2-3 cm) \/ clips\u00a0<\/span><span data-contrast=\"auto\">\u00a0<\/span><span data-ccp-props=\"{&quot;201341983&quot;:0,&quot;335559739&quot;:160,&quot;335559740&quot;:259}\">\u00a0<\/span><\/li>\n<\/ul>\n<h2><span data-contrast=\"auto\">Montaje y ejecuci\u00f3n:\u00a0<\/span><span data-ccp-props=\"{&quot;201341983&quot;:0,&quot;335559739&quot;:160,&quot;335559740&quot;:259}\">\u00a0<\/span><\/h2>\n<ul>\n<li><span data-contrast=\"auto\">\u00a0\u00a0\u00a0 Cuelga un tornillo tras otro en el im\u00e1n hasta que el \u00faltimo ya no se sostenga.\u00a0\u00a0<\/span><span data-ccp-props=\"{&quot;201341983&quot;:0,&quot;335559739&quot;:160,&quot;335559740&quot;:259}\">\u00a0<\/span><\/li>\n<li><span data-contrast=\"auto\">\u00a0\u00a0\u00a0 Prueba la capacidad de carga del im\u00e1n en diferentes puntos, especialmente en los polos y en el centro.\u00a0<\/span><span data-ccp-props=\"{&quot;201341983&quot;:0,&quot;335559739&quot;:160,&quot;335559740&quot;:259}\">\u00a0<\/span><\/li>\n<li><span data-contrast=\"auto\">\u00a0\u00a0\u00a0 Desliza la cadena de tornillos desde los polos hasta el centro.\u00a0<\/span><span data-contrast=\"auto\">\u00a0<\/span><span data-ccp-props=\"{&quot;201341983&quot;:0,&quot;335559739&quot;:160,&quot;335559740&quot;:259}\">\u00a0<\/span><\/li>\n<\/ul>\n<h2><span data-contrast=\"auto\">Observaci\u00f3n:\u00a0<\/span><span data-ccp-props=\"{&quot;201341983&quot;:0,&quot;335559739&quot;:160,&quot;335559740&quot;:259}\">\u00a0<\/span><span data-contrast=\"auto\">\u00a0<\/span><span data-ccp-props=\"{&quot;201341983&quot;:0,&quot;335559739&quot;:160,&quot;335559740&quot;:259}\">\u00a0<\/span><\/h2>\n<ul>\n<li><span data-contrast=\"auto\">Los polos son los que m\u00e1s tornillos aguantan.<\/span><\/li>\n<li><span data-contrast=\"auto\">Los tornillos transmiten el efecto magn\u00e9tico.\u00a0<\/span><span data-ccp-props=\"{&quot;201341983&quot;:0,&quot;335559739&quot;:160,&quot;335559740&quot;:259}\">\u00a0<\/span><\/li>\n<li><span data-contrast=\"auto\">Al pasar al centro, los tornillos se caen uno tras otro.\u00a0<\/span><span data-ccp-props=\"{&quot;201341983&quot;:0,&quot;335559739&quot;:160,&quot;335559740&quot;:259}\">\u00a0<\/span><\/li>\n<li><span data-contrast=\"auto\">Consejo:\u00a0<\/span><span data-contrast=\"auto\">\u00a0<\/span><span data-ccp-props=\"{&quot;201341983&quot;:0,&quot;335559739&quot;:160,&quot;335559740&quot;:259}\">\u00a0<\/span><\/li>\n<\/ul>\n<p><span data-contrast=\"auto\">No coloques los tornillos demasiado juntos, ya que si no, se atraer\u00e1n entre s\u00ed.\u00a0<\/span><span data-ccp-props=\"{&quot;201341983&quot;:0,&quot;335559739&quot;:160,&quot;335559740&quot;:259}\">\u00a0<\/span><\/p>\n<h2><span data-contrast=\"auto\">Explicaci\u00f3n:\u00a0<\/span><span data-ccp-props=\"{&quot;201341983&quot;:0,&quot;335559739&quot;:160,&quot;335559740&quot;:259}\">\u00a0<\/span><\/h2>\n<ul>\n<li><span data-contrast=\"auto\">El campo magn\u00e9tico y tambi\u00e9n el gradiente del campo magn\u00e9tico son m\u00e1s fuertes en los polos. <\/span><\/li>\n<li><span data-contrast=\"auto\">Esto magnetiza los tornillos. <\/span><\/li>\n<li><span data-contrast=\"auto\">En el centro, las l\u00edneas de campo discurren perpendiculares a los tornillos y, por tanto, apenas producen efecto magn\u00e9tico.<\/span><span data-ccp-props=\"{&quot;201341983&quot;:0,&quot;335559739&quot;:160,&quot;335559740&quot;:259}\">\u00a0<\/span><\/li>\n<\/ul>\n","protected":false},"featured_media":1298,"template":"","meta":[],"product_brand":[],"product_cat":[989,884],"product_tag":[],"class_list":{"0":"post-1297","1":"product","2":"type-product","3":"status-publish","4":"has-post-thumbnail","6":"product_cat-6-magnetismo-electromagnetismo","7":"product_cat-b-electricidad-es","8":"","9":"woocommerce-text-align-left","10":"woocommerce-image-align-center","12":"first","13":"instock","14":"shipping-taxable","15":"product-type-simple"},"_links":{"self":[{"href":"https:\/\/experiments.school\/es\/wp-json\/wp\/v2\/product\/1297","targetHints":{"allow":["GET"]}}],"collection":[{"href":"https:\/\/experiments.school\/es\/wp-json\/wp\/v2\/product"}],"about":[{"href":"https:\/\/experiments.school\/es\/wp-json\/wp\/v2\/types\/product"}],"wp:featuredmedia":[{"embeddable":true,"href":"https:\/\/experiments.school\/es\/wp-json\/wp\/v2\/media\/1298"}],"wp:attachment":[{"href":"https:\/\/experiments.school\/es\/wp-json\/wp\/v2\/media?parent=1297"}],"wp:term":[{"taxonomy":"product_brand","embeddable":true,"href":"https:\/\/experiments.school\/es\/wp-json\/wp\/v2\/product_brand?post=1297"},{"taxonomy":"product_cat","embeddable":true,"href":"https:\/\/experiments.school\/es\/wp-json\/wp\/v2\/product_cat?post=1297"},{"taxonomy":"product_tag","embeddable":true,"href":"https:\/\/experiments.school\/es\/wp-json\/wp\/v2\/product_tag?post=1297"}],"curies":[{"name":"wp","href":"https:\/\/api.w.org\/{rel}","templated":true}]}}