{"id":1277,"date":"2022-05-05T20:34:18","date_gmt":"2022-05-31T16:53:47","guid":{"rendered":"https:\/\/experiments.school\/?post_type=product&#038;p=1277"},"modified":"2022-07-01T10:04:22","modified_gmt":"2022-07-01T08:04:22","slug":"006-botella-de-tonificacion","status":"publish","type":"product","link":"https:\/\/experiments.school\/es\/produkt\/006-botella-de-tonificacion\/","title":{"rendered":"006 &#8211; Botella de tonificaci\u00f3n"},"content":{"rendered":"","protected":false},"excerpt":{"rendered":"<h2><strong><span class=\"TextRun SCXW958260 BCX4\" lang=\"DE-DE\" xml:lang=\"DE-DE\" data-contrast=\"auto\"><span class=\"NormalTextRun SpellingErrorV2Themed SCXW958260 BCX4\">Sonidos<\/span><span class=\"NormalTextRun SCXW958260 BCX4\"> de <\/span><span class=\"NormalTextRun SpellingErrorV2Themed SCXW958260 BCX4\">pipa<\/span><span class=\"NormalTextRun SCXW958260 BCX4\"> y <\/span><span class=\"NormalTextRun SpellingErrorV2Themed SCXW958260 BCX4\">campana<\/span><span class=\"NormalTextRun SCXW958260 BCX4\"> de la <\/span><span class=\"NormalTextRun SpellingErrorV2Themed SpellingErrorHighlight SCXW958260 BCX4\">botella<\/span><span class=\"NormalTextRun SCXW958260 BCX4\">\u00a0<\/span><\/span><span class=\"EOP SCXW958260 BCX4\" data-ccp-props=\"{&quot;201341983&quot;:0,&quot;335559739&quot;:160,&quot;335559740&quot;:259}\">\u00a0<\/span><\/strong><\/h2>\n<h2><span data-contrast=\"auto\">Introducci\u00f3n a:<br \/>\n<\/span><\/h2>\n<p><span data-contrast=\"auto\">Vibraci\u00f3n, tono, nivel de agua, instrumento musical, longitud de onda.\u00a0<\/span><span data-ccp-props=\"{&quot;201341983&quot;:0,&quot;335559739&quot;:160,&quot;335559740&quot;:259}\">\u00a0<\/span><\/p>\n<p>https:\/\/experiments.school\/wp-content\/uploads\/2022\/05\/4.13-Pfeifen-2.mp4<\/p>\n<p>https:\/\/experiments.school\/wp-content\/uploads\/2022\/05\/4.13-Glocken-1.mp4<\/p>\n<h2><span data-contrast=\"auto\">Material:\u00a0<\/span><span data-ccp-props=\"{&quot;201341983&quot;:0,&quot;335559739&quot;:160,&quot;335559740&quot;:259}\">\u00a0<\/span><\/h2>\n<ul>\n<li><span data-contrast=\"auto\">Botella de vidrio\u00a0<\/span><span data-ccp-props=\"{&quot;201341983&quot;:0,&quot;335559739&quot;:160,&quot;335559740&quot;:259}\">\u00a0<\/span><\/li>\n<li><span data-contrast=\"auto\">badajo, por ejemplo, una cucharilla\u00a0<\/span><\/li>\n<\/ul>\n<h2><span data-contrast=\"auto\">Instrucciones:\u00a0<\/span><\/h2>\n<p><span data-contrast=\"auto\"><strong>Silbato:<\/strong>\u00a0\u00a0<\/span><span data-ccp-props=\"{&quot;201341983&quot;:0,&quot;335559739&quot;:160,&quot;335559740&quot;:259}\">\u00a0<\/span><\/p>\n<p><span data-contrast=\"auto\">Sopla en el cuello de la botella hasta que se produzca un sonido.\u00a0\u00a0<\/span><span data-ccp-props=\"{&quot;201341983&quot;:0,&quot;335559739&quot;:160,&quot;335559740&quot;:259}\">\u00a0<\/span><\/p>\n<p><span data-contrast=\"auto\">Llena la botella con diferentes cantidades de agua y escucha c\u00f3mo cambia el sonido.\u00a0\u00a0<\/span><\/p>\n<p><span data-contrast=\"auto\"><strong>Bell:<\/strong>\u00a0\u00a0<\/span><span data-ccp-props=\"{&quot;201341983&quot;:0,&quot;335559739&quot;:160,&quot;335559740&quot;:259}\">\u00a0<\/span><\/p>\n<p><span data-contrast=\"auto\">Golpea la botella con el badajo para que se escuche un sonido.\u00a0\u00a0<\/span><span data-ccp-props=\"{&quot;201341983&quot;:0,&quot;335559739&quot;:160,&quot;335559740&quot;:259}\">\u00a0<\/span><\/p>\n<p><span data-contrast=\"auto\">Una vez m\u00e1s, llene la botella con m\u00e1s agua y escuche el sonido.\u00a0<\/span><span data-contrast=\"auto\">\u00a0<\/span><span data-ccp-props=\"{&quot;201341983&quot;:0,&quot;335559739&quot;:160,&quot;335559740&quot;:259}\">\u00a0<\/span><\/p>\n<h2><span data-contrast=\"auto\">Observaci\u00f3n:\u00a0<\/span><span data-ccp-props=\"{&quot;201341983&quot;:0,&quot;335559739&quot;:160,&quot;335559740&quot;:259}\">\u00a0<\/span><span data-contrast=\"auto\">\u00a0<\/span><span data-ccp-props=\"{&quot;201341983&quot;:0,&quot;335559739&quot;:160,&quot;335559740&quot;:259}\">\u00a0<\/span><\/h2>\n<p><span data-contrast=\"auto\"><strong>Silbato:<\/strong>\u00a0\u00a0<\/span><span data-ccp-props=\"{&quot;201341983&quot;:0,&quot;335559739&quot;:160,&quot;335559740&quot;:259}\">\u00a0<\/span><\/p>\n<p><span data-contrast=\"auto\">Al soplar en la botella, se produce un sonido parecido al de un silbato.\u00a0\u00a0<\/span><span data-ccp-props=\"{&quot;201341983&quot;:0,&quot;335559739&quot;:160,&quot;335559740&quot;:259}\">\u00a0<\/span><\/p>\n<p><span data-contrast=\"auto\">Cuanto m\u00e1s alto sea el nivel del agua, m\u00e1s alto ser\u00e1 el tono.\u00a0\u00a0\u00a0\u00a0<\/span><span data-contrast=\"auto\">\u00a0<\/span><span data-ccp-props=\"{&quot;201341983&quot;:0,&quot;335559739&quot;:160,&quot;335559740&quot;:259}\">\u00a0<\/span><\/p>\n<p><span data-contrast=\"auto\"><strong>Bell:<\/strong>\u00a0\u00a0<\/span><\/p>\n<p><span data-contrast=\"auto\">Golpear la botella con una cuchara tambi\u00e9n produce un sonido.\u00a0<\/span><span data-ccp-props=\"{&quot;201341983&quot;:0,&quot;335559739&quot;:160,&quot;335559740&quot;:259}\">\u00a0<\/span><\/p>\n<p><span data-contrast=\"auto\">Esta vez, sin embargo, el tono disminuye a medida que aumenta el nivel del agua.\u00a0<\/span><span data-ccp-props=\"{&quot;201341983&quot;:0,&quot;335559739&quot;:160,&quot;335559740&quot;:259}\">\u00a0<\/span><\/p>\n","protected":false},"featured_media":1280,"template":"","meta":[],"product_brand":[],"product_cat":[941,950,835],"product_tag":[],"class_list":{"0":"post-1277","1":"product","2":"type-product","3":"status-publish","4":"has-post-thumbnail","6":"product_cat-13-oscilaciones-ondas","7":"product_cat-16-acustica","8":"product_cat-a-mecanica-es","9":"","10":"woocommerce-text-align-left","11":"woocommerce-image-align-center","13":"first","14":"instock","15":"shipping-taxable","16":"product-type-simple"},"_links":{"self":[{"href":"https:\/\/experiments.school\/es\/wp-json\/wp\/v2\/product\/1277","targetHints":{"allow":["GET"]}}],"collection":[{"href":"https:\/\/experiments.school\/es\/wp-json\/wp\/v2\/product"}],"about":[{"href":"https:\/\/experiments.school\/es\/wp-json\/wp\/v2\/types\/product"}],"wp:featuredmedia":[{"embeddable":true,"href":"https:\/\/experiments.school\/es\/wp-json\/wp\/v2\/media\/1280"}],"wp:attachment":[{"href":"https:\/\/experiments.school\/es\/wp-json\/wp\/v2\/media?parent=1277"}],"wp:term":[{"taxonomy":"product_brand","embeddable":true,"href":"https:\/\/experiments.school\/es\/wp-json\/wp\/v2\/product_brand?post=1277"},{"taxonomy":"product_cat","embeddable":true,"href":"https:\/\/experiments.school\/es\/wp-json\/wp\/v2\/product_cat?post=1277"},{"taxonomy":"product_tag","embeddable":true,"href":"https:\/\/experiments.school\/es\/wp-json\/wp\/v2\/product_tag?post=1277"}],"curies":[{"name":"wp","href":"https:\/\/api.w.org\/{rel}","templated":true}]}}