{"id":1247,"date":"2022-05-05T20:20:25","date_gmt":"2022-06-08T11:54:20","guid":{"rendered":"https:\/\/experiments.school\/?post_type=product&#038;p=1247"},"modified":"2022-07-01T10:07:35","modified_gmt":"2022-07-01T08:07:35","slug":"092-pajaro-de-equilibrio","status":"publish","type":"product","link":"https:\/\/experiments.school\/es\/produkt\/092-pajaro-de-equilibrio\/","title":{"rendered":"092 &#8211; P\u00e1jaro de equilibrio"},"content":{"rendered":"","protected":false},"excerpt":{"rendered":"<h2><strong><span class=\"NormalTextRun SCXW172861103 BCX4\">\u00bf<\/span><span class=\"NormalTextRun SCXW172861103 BCX4\">D\u00f3nde<\/span> <span class=\"NormalTextRun SCXW172861103 BCX4\">est\u00e1<\/span> <span class=\"NormalTextRun SCXW172861103 BCX4\">el<\/span> <span class=\"NormalTextRun SCXW172861103 BCX4\">centro<\/span><span class=\"NormalTextRun SCXW172861103 BCX4\"> de <\/span><span class=\"NormalTextRun SCXW172861103 BCX4\">gravedad<\/span><span class=\"NormalTextRun SCXW172861103 BCX4\">?<\/span><\/strong><\/h2>\n<h2><span data-contrast=\"auto\">Introducci\u00f3n a: <\/span><span data-ccp-props=\"{&quot;201341983&quot;:0,&quot;335559739&quot;:160,&quot;335559740&quot;:259}\"><br \/>\n<\/span><\/h2>\n<p><span data-contrast=\"auto\">Centro de gravedad, equilibrio de fuerzas, equilibrio estable, distribuci\u00f3n de masas\u00a0<\/span><span data-ccp-props=\"{&quot;201341983&quot;:0,&quot;335559739&quot;:160,&quot;335559740&quot;:259}\">\u00a0<\/span><\/p>\n[video width=\"1920\" height=\"1080\" mp4=\"https:\/\/experiments.school\/wp-content\/uploads\/2022\/05\/092-3.mp4\"][\/video]\n<h2><span data-contrast=\"auto\">Material:\u00a0<\/span><span data-ccp-props=\"{&quot;201341983&quot;:0,&quot;335559739&quot;:160,&quot;335559740&quot;:259}\">\u00a0<\/span><\/h2>\n<p><span data-contrast=\"auto\">P\u00e1jaro de equilibrio (hecho de pl\u00e1stico duro), disponible comercialmente como producto.\u00a0<\/span><span data-ccp-props=\"{&quot;201341983&quot;:0,&quot;335559739&quot;:160,&quot;335559740&quot;:259}\">\u00a0<\/span><\/p>\n<h2><span data-contrast=\"auto\">Instrucciones:\u00a0<\/span><span data-ccp-props=\"{&quot;201341983&quot;:0,&quot;335559739&quot;:160,&quot;335559740&quot;:259}\">\u00a0<\/span><\/h2>\n<ul>\n<li><span data-contrast=\"auto\">\u00a0\u00a0\u00a0 Coloca el p\u00e1jaro con la punta del pico sobre un dedo.\u00a0<\/span><span data-ccp-props=\"{&quot;201341983&quot;:0,&quot;335559739&quot;:160,&quot;335559740&quot;:259}\">\u00a0<\/span><\/li>\n<li><span data-contrast=\"auto\">\u00a0\u00a0\u00a0 Deja que el p\u00e1jaro se balancee sobre el dedo.\u00a0<\/span><span data-ccp-props=\"{&quot;201341983&quot;:0,&quot;335559739&quot;:160,&quot;335559740&quot;:259}\">\u00a0<\/span><\/li>\n<li><span data-contrast=\"auto\">\u00a0\u00a0\u00a0 Pon el p\u00e1jaro en rotaci\u00f3n lenta\u00a0<\/span><\/li>\n<\/ul>\n<h2><span data-contrast=\"auto\">Observaci\u00f3n:\u00a0<\/span><span data-ccp-props=\"{&quot;201341983&quot;:0,&quot;335559739&quot;:160,&quot;335559740&quot;:259}\">\u00a0<\/span><\/h2>\n<ul>\n<li><span data-contrast=\"auto\">\u00a0\u00a0\u00a0 Ni al mecerse ni al girar se cae el p\u00e1jaro del dedo.\u00a0\u00a0<\/span><span data-ccp-props=\"{&quot;201341983&quot;:0,&quot;335559739&quot;:160,&quot;335559740&quot;:259}\">\u00a0<\/span><\/li>\n<li><span data-contrast=\"auto\">\u00a0\u00a0\u00a0 Su posici\u00f3n es estable.\u00a0<\/span><span data-ccp-props=\"{&quot;201341983&quot;:0,&quot;335559739&quot;:160,&quot;335559740&quot;:259}\">\u00a0<\/span><\/li>\n<\/ul>\n<h2><span data-contrast=\"auto\">Explicaci\u00f3n:\u00a0<\/span><span data-ccp-props=\"{&quot;201341983&quot;:0,&quot;335559739&quot;:160,&quot;335559740&quot;:259}\">\u00a0<\/span><\/h2>\n<ul>\n<li><span data-contrast=\"auto\">Los pesos est\u00e1n ocultos en las puntas de las alas curvadas hacia abajo, de modo que el centro de gravedad del p\u00e1jaro est\u00e1 claramente por debajo de la punta del pico.\u00a0\u00a0<\/span><span data-ccp-props=\"{&quot;201341983&quot;:0,&quot;335559739&quot;:160,&quot;335559740&quot;:259}\">\u00a0<\/span><\/li>\n<li><span data-contrast=\"auto\">Por lo tanto, el punto de contacto del dedo est\u00e1 por encima del centro de gravedad. Esto mantiene un equilibrio estable.\u00a0<\/span><span data-ccp-props=\"{&quot;201341983&quot;:0,&quot;335559739&quot;:160,&quot;335559740&quot;:259}\">\u00a0<\/span><\/li>\n<\/ul>\n","protected":false},"featured_media":1248,"template":"","meta":[],"product_brand":[],"product_cat":[909,910,835,897],"product_tag":[],"class_list":{"0":"post-1247","1":"product","2":"type-product","3":"status-publish","4":"has-post-thumbnail","6":"product_cat-1-masa-peso-densidad-centro-de-gravedad","7":"product_cat-2-fuerza-equilibrio-de-fuerzas","8":"product_cat-a-mecanica-es","9":"product_cat-g-trucos-de-magia-es","10":"","11":"woocommerce-text-align-left","12":"woocommerce-image-align-center","14":"first","15":"instock","16":"shipping-taxable","17":"product-type-simple"},"_links":{"self":[{"href":"https:\/\/experiments.school\/es\/wp-json\/wp\/v2\/product\/1247","targetHints":{"allow":["GET"]}}],"collection":[{"href":"https:\/\/experiments.school\/es\/wp-json\/wp\/v2\/product"}],"about":[{"href":"https:\/\/experiments.school\/es\/wp-json\/wp\/v2\/types\/product"}],"wp:featuredmedia":[{"embeddable":true,"href":"https:\/\/experiments.school\/es\/wp-json\/wp\/v2\/media\/1248"}],"wp:attachment":[{"href":"https:\/\/experiments.school\/es\/wp-json\/wp\/v2\/media?parent=1247"}],"wp:term":[{"taxonomy":"product_brand","embeddable":true,"href":"https:\/\/experiments.school\/es\/wp-json\/wp\/v2\/product_brand?post=1247"},{"taxonomy":"product_cat","embeddable":true,"href":"https:\/\/experiments.school\/es\/wp-json\/wp\/v2\/product_cat?post=1247"},{"taxonomy":"product_tag","embeddable":true,"href":"https:\/\/experiments.school\/es\/wp-json\/wp\/v2\/product_tag?post=1247"}],"curies":[{"name":"wp","href":"https:\/\/api.w.org\/{rel}","templated":true}]}}