{"id":1210,"date":"2022-05-05T15:28:09","date_gmt":"2022-06-24T09:51:03","guid":{"rendered":"https:\/\/experiments.school\/?post_type=product&#038;p=1210"},"modified":"2022-07-01T10:13:46","modified_gmt":"2022-07-01T08:13:46","slug":"170-lanzamiento-de-parabola","status":"publish","type":"product","link":"https:\/\/experiments.school\/es\/produkt\/170-lanzamiento-de-parabola\/","title":{"rendered":"170 &#8211; Lanzamiento de par\u00e1bola"},"content":{"rendered":"","protected":false},"excerpt":{"rendered":"<h2><strong>Lanzamiento oblicuo\u00a0\u00a0\u00a0<\/strong><\/h2>\n<h2><strong>Trayectoria de un proyectil\u00a0\u00a0<\/strong><\/h2>\n<h2><span data-contrast=\"auto\">Introducci\u00f3n a:<\/span><\/h2>\n<p><span data-contrast=\"auto\">Bal\u00edstica, par\u00e1bola, trayectoria\u00a0<\/span><span data-ccp-props=\"{&quot;201341983&quot;:0,&quot;335559739&quot;:160,&quot;335559740&quot;:259}\">\u00a0<\/span><\/p>\n[video width=\"1920\" height=\"1080\" mp4=\"https:\/\/experiments.school\/wp-content\/uploads\/2022\/05\/170-video-3.mp4\"][\/video]\n<h2><\/h2>\n<h2><span data-contrast=\"auto\">Material\u00a0\u00a0<\/span><span data-ccp-props=\"{&quot;201341983&quot;:0,&quot;335559739&quot;:160,&quot;335559740&quot;:259}\">\u00a0<\/span><\/h2>\n<ul>\n<li><span data-contrast=\"auto\">Manguera de agua \/ manguera de jard\u00edn \/ rociador de agua\u00a0<\/span><span data-ccp-props=\"{&quot;201341983&quot;:0,&quot;335559739&quot;:160,&quot;335559740&quot;:259}\">\u00a0<\/span><\/li>\n<\/ul>\n<p><span data-contrast=\"auto\">La pel\u00edcula muestra un chorro de agua muy fuerte generado por una bomba para hacer circular el agua en un estanque.\u00a0<\/span><span data-ccp-props=\"{&quot;201341983&quot;:0,&quot;335559739&quot;:160,&quot;335559740&quot;:259}\">\u00a0<\/span><\/p>\n<h2><span data-contrast=\"auto\">Instrucciones:\u00a0<\/span><span data-ccp-props=\"{&quot;201341983&quot;:0,&quot;335559739&quot;:160,&quot;335559740&quot;:259}\">\u00a0<\/span><\/h2>\n<p><span data-contrast=\"auto\">Aseg\u00farese de que el chorro de agua sea estrecho pero potente. Mantenga la boquilla apuntando hacia arriba en \u00e1ngulo.\u00a0<\/span><span data-ccp-props=\"{&quot;201341983&quot;:0,&quot;335559739&quot;:160,&quot;335559740&quot;:259}\">\u00a0<\/span><\/p>\n<h2><span data-contrast=\"auto\">Observaci\u00f3n:\u00a0<\/span><span data-ccp-props=\"{&quot;201341983&quot;:0,&quot;335559739&quot;:160,&quot;335559740&quot;:259}\">\u00a0<\/span><\/h2>\n<p><span data-contrast=\"auto\">El chorro de agua forma un arco parab\u00f3lico.<\/span><span data-ccp-props=\"{&quot;201341983&quot;:0,&quot;335559739&quot;:160,&quot;335559740&quot;:259}\">\u00a0<\/span><\/p>\n<h2><span data-contrast=\"auto\">Consejo:\u00a0<\/span><span data-ccp-props=\"{&quot;201341983&quot;:0,&quot;335559739&quot;:160,&quot;335559740&quot;:259}\">\u00a0<\/span><\/h2>\n<p><span data-contrast=\"auto\">Atrapa el chorro en un recipiente grande, o experimenta al aire libre.\u00a0\u00a0<\/span><span data-ccp-props=\"{&quot;201341983&quot;:0,&quot;335559739&quot;:160,&quot;335559740&quot;:259}\">\u00a0<\/span><\/p>\n<h2><span data-contrast=\"auto\">Potencial did\u00e1ctico:<\/span><\/h2>\n<ul>\n<li><span data-contrast=\"auto\">Suponiendo una aceleraci\u00f3n constante debida a la gravedad, la trayectoria puede derivarse te\u00f3ricamente. Tambi\u00e9n se puede simular bien utilizando el \u00abm\u00e9todo de los peque\u00f1os pasos\u00bb, un m\u00e9todo de aproximaci\u00f3n num\u00e9rica.\u00a0<\/span><span data-ccp-props=\"{&quot;201341983&quot;:0,&quot;335559739&quot;:160,&quot;335559740&quot;:259}\">\u00a0<\/span><\/li>\n<li><span data-contrast=\"auto\">Una \u00abm\u00e1quina lanzadora\u00bb, que tambi\u00e9n puedes construir t\u00fa mismo con un poco de esfuerzo, puede llevar un proyectil al objetivo en una trayectoria parab\u00f3lica.\u00a0<\/span><span data-ccp-props=\"{&quot;201341983&quot;:0,&quot;335559739&quot;:160,&quot;335559740&quot;:259}\">\u00a0<\/span><\/li>\n<li><span data-contrast=\"auto\">Adecuado para la f\u00edsica hol\u00edstica, es decir, para una interacci\u00f3n de teor\u00eda, simulaci\u00f3n y experimento.\u00a0<\/span><span data-ccp-props=\"{&quot;201341983&quot;:0,&quot;335559739&quot;:160,&quot;335559740&quot;:259}\">\u00a0<\/span><\/li>\n<li><span data-contrast=\"auto\">Especialmente adecuado para los chicos inspiradores, ya que suelen tener un inter\u00e9s especial por el lanzamiento y el tiro.\u00a0<\/span><\/li>\n<\/ul>\n","protected":false},"featured_media":1581,"template":"","meta":[],"product_brand":[],"product_cat":[938,914,920,923,929,835],"product_tag":[],"class_list":{"0":"post-1210","1":"product","2":"type-product","3":"status-publish","4":"has-post-thumbnail","6":"product_cat-12-gravitacion","7":"product_cat-4-velocidad-aceleracion-inercia","8":"product_cat-6-caida-libre-caida-con-resistencia-del-aire","9":"product_cat-7-tiro-parabolico-tiro-parabolico-con-inclinacion","10":"product_cat-9-formas-de-energia-conservacion-de-la-energia","11":"product_cat-a-mecanica-es","12":"","13":"woocommerce-text-align-left","14":"woocommerce-image-align-center","16":"first","17":"instock","18":"shipping-taxable","19":"product-type-simple"},"_links":{"self":[{"href":"https:\/\/experiments.school\/es\/wp-json\/wp\/v2\/product\/1210","targetHints":{"allow":["GET"]}}],"collection":[{"href":"https:\/\/experiments.school\/es\/wp-json\/wp\/v2\/product"}],"about":[{"href":"https:\/\/experiments.school\/es\/wp-json\/wp\/v2\/types\/product"}],"wp:featuredmedia":[{"embeddable":true,"href":"https:\/\/experiments.school\/es\/wp-json\/wp\/v2\/media\/1581"}],"wp:attachment":[{"href":"https:\/\/experiments.school\/es\/wp-json\/wp\/v2\/media?parent=1210"}],"wp:term":[{"taxonomy":"product_brand","embeddable":true,"href":"https:\/\/experiments.school\/es\/wp-json\/wp\/v2\/product_brand?post=1210"},{"taxonomy":"product_cat","embeddable":true,"href":"https:\/\/experiments.school\/es\/wp-json\/wp\/v2\/product_cat?post=1210"},{"taxonomy":"product_tag","embeddable":true,"href":"https:\/\/experiments.school\/es\/wp-json\/wp\/v2\/product_tag?post=1210"}],"curies":[{"name":"wp","href":"https:\/\/api.w.org\/{rel}","templated":true}]}}