{"id":1202,"date":"2022-05-05T15:20:57","date_gmt":"2022-06-24T09:55:16","guid":{"rendered":"https:\/\/experiments.school\/?post_type=product&#038;p=1202"},"modified":"2022-07-01T10:23:12","modified_gmt":"2022-07-01T08:23:12","slug":"165-pelota-de-rebote","status":"publish","type":"product","link":"https:\/\/experiments.school\/es\/produkt\/165-pelota-de-rebote\/","title":{"rendered":"165 &#8211; Pelota de rebote"},"content":{"rendered":"","protected":false},"excerpt":{"rendered":"<h2><strong><span class=\"NormalTextRun SCXW137788276 BCX4\">Pelota <\/span><span class=\"NormalTextRun SpellingErrorV2Themed SCXW137788276 BCX4\">el\u00e1stica<\/span><span class=\"NormalTextRun SCXW137788276 BCX4\"> de <\/span><span class=\"NormalTextRun SpellingErrorV2Themed SpellingErrorHighlight SCXW137788276 BCX4\">rebote<\/span><\/strong><\/h2>\n<h2><span data-contrast=\"auto\">Introducci\u00f3n a: <\/span><span data-ccp-props=\"{&quot;201341983&quot;:0,&quot;335559739&quot;:160,&quot;335559740&quot;:259}\"><br \/>\n<\/span><\/h2>\n<p><span data-contrast=\"auto\">Transformaciones energ\u00e9ticas, energ\u00eda potencial, energ\u00eda cin\u00e9tica, energ\u00eda de tensi\u00f3n, impacto el\u00e1stico<\/span><\/p>\n[video width=\"1080\" height=\"1920\" mp4=\"https:\/\/experiments.school\/wp-content\/uploads\/2022\/05\/165-3.mp4\"][\/video]\n<h2><\/h2>\n<h2><span data-contrast=\"auto\">Material:\u00a0<\/span><span data-ccp-props=\"{&quot;201341983&quot;:0,&quot;335559739&quot;:160,&quot;335559740&quot;:259}\">\u00a0<\/span><\/h2>\n<ul>\n<li><span data-contrast=\"auto\">Pelota hinchable \/ Flummi \/ pelota de tenis \/ pelota el\u00e1stica\u00a0<\/span><span data-ccp-props=\"{&quot;201341983&quot;:0,&quot;335559739&quot;:160,&quot;335559740&quot;:259}\">\u00a0<\/span><\/li>\n<li><span data-contrast=\"auto\">Varilla de medici\u00f3n \/ regla de metros\u00a0<\/span><span data-ccp-props=\"{&quot;201341983&quot;:0,&quot;335559739&quot;:160,&quot;335559740&quot;:259}\">\u00a0<\/span><\/li>\n<li><span data-contrast=\"auto\">Tel\u00e9fono m\u00f3vil con funci\u00f3n de v\u00eddeo \/ c\u00e1mara de v\u00eddeo\u00a0<\/span><span data-ccp-props=\"{&quot;201341983&quot;:0,&quot;335559739&quot;:160,&quot;335559740&quot;:259}\">\u00a0<\/span><\/li>\n<\/ul>\n<h2><span data-contrast=\"auto\">Ejecuci\u00f3n:\u00a0<\/span><span data-ccp-props=\"{&quot;201341983&quot;:0,&quot;335559739&quot;:160,&quot;335559740&quot;:259}\">\u00a0<\/span><\/h2>\n<p><span data-contrast=\"auto\">Dejamos caer la pelota desde una altura de aproximadamente un metro sobre una superficie dura (suelo) delante del bast\u00f3n de medici\u00f3n y la hacemos rebotar varias veces. Filmamos el proceso a c\u00e1mara lenta.\u00a0<\/span><span data-ccp-props=\"{&quot;201341983&quot;:0,&quot;335559739&quot;:160,&quot;335559740&quot;:259}\">\u00a0<\/span><\/p>\n<h2><span data-contrast=\"auto\">Observaci\u00f3n:\u00a0\u00a0<\/span><span data-ccp-props=\"{&quot;201341983&quot;:0,&quot;335559739&quot;:160,&quot;335559740&quot;:259}\">\u00a0<\/span><\/h2>\n<ul>\n<li><span data-contrast=\"auto\">La pelota se acelera en ca\u00edda libre.\u00a0<\/span><span data-ccp-props=\"{&quot;201341983&quot;:0,&quot;335559739&quot;:160,&quot;335559740&quot;:259}\">\u00a0<\/span><\/li>\n<li><span data-contrast=\"auto\">En el impacto, la direcci\u00f3n de su velocidad se invierte.\u00a0<\/span><span data-ccp-props=\"{&quot;201341983&quot;:0,&quot;335559739&quot;:160,&quot;335559740&quot;:259}\">\u00a0<\/span><\/li>\n<li><span data-contrast=\"auto\">A continuaci\u00f3n, vuelve a reducir la velocidad y se detiene durante un breve periodo de tiempo.\u00a0<\/span><span data-ccp-props=\"{&quot;201341983&quot;:0,&quot;335559739&quot;:160,&quot;335559740&quot;:259}\">\u00a0<\/span><\/li>\n<li><span data-contrast=\"auto\">En la c\u00e1mara lenta del v\u00eddeo, y mejor a\u00fan en el fotograma congelado, se puede leer la altura del bal\u00f3n en la barra.\u00a0<\/span><span data-ccp-props=\"{&quot;201341983&quot;:0,&quot;335559739&quot;:160,&quot;335559740&quot;:259}\">\u00a0<\/span><\/li>\n<li><span data-contrast=\"auto\">Ahora comienza de nuevo la ca\u00edda libre.\u00a0<\/span><span data-ccp-props=\"{&quot;201341983&quot;:0,&quot;335559739&quot;:160,&quot;335559740&quot;:259}\">\u00a0<\/span><\/li>\n<li><span data-contrast=\"auto\">La altitud de vuelo disminuye despu\u00e9s de cada impacto en el suelo.\u00a0<\/span><span data-ccp-props=\"{&quot;201341983&quot;:0,&quot;335559739&quot;:160,&quot;335559740&quot;:259}\">\u00a0<\/span><span data-contrast=\"auto\">\u00a0<\/span><span data-ccp-props=\"{&quot;201341983&quot;:0,&quot;335559739&quot;:160,&quot;335559740&quot;:259}\">\u00a0<\/span><\/li>\n<\/ul>\n<h2><span data-contrast=\"auto\">Explicaciones:\u00a0\u00a0<\/span><span data-ccp-props=\"{&quot;201341983&quot;:0,&quot;335559739&quot;:160,&quot;335559740&quot;:259}\">\u00a0<\/span><\/h2>\n<ul>\n<li><span data-contrast=\"auto\">La fuerza del peso act\u00faa hacia abajo.\u00a0\u00a0<\/span><span data-ccp-props=\"{&quot;201341983&quot;:0,&quot;335559739&quot;:160,&quot;335559740&quot;:259}\">\u00a0<\/span><\/li>\n<li><span data-contrast=\"auto\">En el momento del impacto, la pelota se deforma el\u00e1sticamente y experimenta un empuje hacia arriba.\u00a0\u00a0<\/span><span data-ccp-props=\"{&quot;201341983&quot;:0,&quot;335559739&quot;:160,&quot;335559740&quot;:259}\">\u00a0<\/span><\/li>\n<li><span data-contrast=\"auto\">Ahora s\u00f3lo act\u00faa la fuerza del peso hasta el siguiente impacto.\u00a0<\/span><span data-ccp-props=\"{&quot;201341983&quot;:0,&quot;335559739&quot;:160,&quot;335559740&quot;:259}\">\u00a0<\/span><\/li>\n<li><span data-contrast=\"auto\">Desde el punto de vista energ\u00e9tico, la energ\u00eda en altura de la pelota se transforma cada vez m\u00e1s en energ\u00eda cin\u00e9tica.\u00a0\u00a0<\/span><span data-ccp-props=\"{&quot;201341983&quot;:0,&quot;335559739&quot;:160,&quot;335559740&quot;:259}\">\u00a0<\/span><\/li>\n<li><span data-contrast=\"auto\">En el impacto, la energ\u00eda cin\u00e9tica se convierte en energ\u00eda de tensi\u00f3n, que a su vez se vuelve a convertir en energ\u00eda cin\u00e9tica, y as\u00ed sucesivamente.\u00a0<\/span><span data-ccp-props=\"{&quot;201341983&quot;:0,&quot;335559739&quot;:160,&quot;335559740&quot;:259}\">\u00a0<\/span><\/li>\n<li><span data-contrast=\"auto\">De la disminuci\u00f3n de las alturas de vuelo, podemos concluir que hay una p\u00e9rdida de energ\u00eda mec\u00e1nica que se produce con cada impacto.\u00a0\u00a0<\/span><span data-ccp-props=\"{&quot;201341983&quot;:0,&quot;335559739&quot;:160,&quot;335559740&quot;:259}\">\u00a0<\/span><\/li>\n<li><span data-contrast=\"auto\">Cuando la bola se deforma, se crea fricci\u00f3n y, por tanto, energ\u00eda t\u00e9rmica.\u00a0<\/span><span data-ccp-props=\"{&quot;201341983&quot;:0,&quot;335559739&quot;:160,&quot;335559740&quot;:259}\">\u00a0<\/span><span data-contrast=\"auto\">\u00a0<\/span><span data-ccp-props=\"{&quot;201341983&quot;:0,&quot;335559739&quot;:160,&quot;335559740&quot;:259}\">\u00a0<\/span><\/li>\n<\/ul>\n<h2><span data-contrast=\"auto\">Potencial did\u00e1ctico:\u00a0<\/span><span data-ccp-props=\"{&quot;201341983&quot;:0,&quot;335559739&quot;:160,&quot;335559740&quot;:259}\">\u00a0<\/span><\/h2>\n<p><span data-contrast=\"auto\">Es interesante preguntarse si se pierde el mismo porcentaje de energ\u00eda mec\u00e1nica en cada impacto. Esto puede verse en la secuencia de alturas de vuelo.<\/span><span data-ccp-props=\"{&quot;201341983&quot;:0,&quot;335559739&quot;:160,&quot;335559740&quot;:259}\">\u00a0<\/span><\/p>\n","protected":false},"featured_media":1558,"template":"","meta":[],"product_brand":[],"product_cat":[914,920,929,835],"product_tag":[],"class_list":{"0":"post-1202","1":"product","2":"type-product","3":"status-publish","4":"has-post-thumbnail","6":"product_cat-4-velocidad-aceleracion-inercia","7":"product_cat-6-caida-libre-caida-con-resistencia-del-aire","8":"product_cat-9-formas-de-energia-conservacion-de-la-energia","9":"product_cat-a-mecanica-es","10":"","11":"woocommerce-text-align-left","12":"woocommerce-image-align-center","14":"first","15":"instock","16":"shipping-taxable","17":"product-type-simple"},"_links":{"self":[{"href":"https:\/\/experiments.school\/es\/wp-json\/wp\/v2\/product\/1202","targetHints":{"allow":["GET"]}}],"collection":[{"href":"https:\/\/experiments.school\/es\/wp-json\/wp\/v2\/product"}],"about":[{"href":"https:\/\/experiments.school\/es\/wp-json\/wp\/v2\/types\/product"}],"wp:featuredmedia":[{"embeddable":true,"href":"https:\/\/experiments.school\/es\/wp-json\/wp\/v2\/media\/1558"}],"wp:attachment":[{"href":"https:\/\/experiments.school\/es\/wp-json\/wp\/v2\/media?parent=1202"}],"wp:term":[{"taxonomy":"product_brand","embeddable":true,"href":"https:\/\/experiments.school\/es\/wp-json\/wp\/v2\/product_brand?post=1202"},{"taxonomy":"product_cat","embeddable":true,"href":"https:\/\/experiments.school\/es\/wp-json\/wp\/v2\/product_cat?post=1202"},{"taxonomy":"product_tag","embeddable":true,"href":"https:\/\/experiments.school\/es\/wp-json\/wp\/v2\/product_tag?post=1202"}],"curies":[{"name":"wp","href":"https:\/\/api.w.org\/{rel}","templated":true}]}}