{"id":1191,"date":"2022-05-05T15:19:39","date_gmt":"2022-06-24T10:02:27","guid":{"rendered":"https:\/\/experiments.school\/?post_type=product&#038;p=1191"},"modified":"2022-07-01T10:24:15","modified_gmt":"2022-07-01T08:24:15","slug":"164-accionamiento-del-volante","status":"publish","type":"product","link":"https:\/\/experiments.school\/es\/produkt\/164-accionamiento-del-volante\/","title":{"rendered":"164 &#8211; Accionamiento del volante"},"content":{"rendered":"","protected":false},"excerpt":{"rendered":"<h2><span data-contrast=\"auto\">Introducci\u00f3n a\u00a0<\/span><span data-ccp-props=\"{&quot;201341983&quot;:0,&quot;335559739&quot;:160,&quot;335559740&quot;:259}\">\u00a0<\/span><\/h2>\n<p><span data-contrast=\"auto\">Conversiones de energ\u00eda, energ\u00eda cin\u00e9tica, inercia, almacenamiento de volantes de inercia, almacenamiento de energ\u00eda rotacional.\u00a0<\/span><span data-ccp-props=\"{&quot;201341983&quot;:0,&quot;335559739&quot;:160,&quot;335559740&quot;:259}\">\u00a0<\/span><\/p>\n<p>https:\/\/experiments.school\/wp-content\/uploads\/2022\/02\/164-Schwungrad-end-1.mp4<\/p>\n<p>&nbsp;<\/p>\n<h2><span data-contrast=\"auto\">Material:\u00a0<\/span><span data-ccp-props=\"{&quot;201341983&quot;:0,&quot;335559739&quot;:160,&quot;335559740&quot;:259}\">\u00a0<\/span><\/h2>\n<p><span data-contrast=\"auto\">Veh\u00edculo con accionamiento por volante de inercia, por ejemplo, un coche de juguete, disponible en varios dise\u00f1os como producto acabado.\u00a0<\/span><span data-ccp-props=\"{&quot;201341983&quot;:0,&quot;335559739&quot;:160,&quot;335559740&quot;:259}\">\u00a0<\/span><span data-contrast=\"auto\">\u00a0<\/span><span data-ccp-props=\"{&quot;201341983&quot;:0,&quot;335559739&quot;:160,&quot;335559740&quot;:259}\">\u00a0<\/span><\/p>\n<h2><span data-contrast=\"auto\">Instrucciones del experimento:\u00a0<\/span><span data-ccp-props=\"{&quot;201341983&quot;:0,&quot;335559739&quot;:160,&quot;335559740&quot;:259}\">\u00a0<\/span><\/h2>\n<ul>\n<li><span data-contrast=\"auto\">Retire la carrocer\u00eda para revelar el accionamiento.\u00a0<\/span><span data-ccp-props=\"{&quot;201341983&quot;:0,&quot;335559739&quot;:160,&quot;335559740&quot;:259}\">\u00a0<\/span><\/li>\n<li><span data-contrast=\"auto\">Empuje el veh\u00edculo del volante con fuerza para que el volante absorba la energ\u00eda de rotaci\u00f3n.\u00a0<\/span><span data-ccp-props=\"{&quot;201341983&quot;:0,&quot;335559739&quot;:160,&quot;335559740&quot;:259}\">\u00a0<\/span><\/li>\n<li><span data-contrast=\"auto\">Recoge el veh\u00edculo y col\u00f3calo al pie de un plano inclinado.\u00a0<\/span><span data-ccp-props=\"{&quot;201341983&quot;:0,&quot;335559739&quot;:160,&quot;335559740&quot;:259}\">\u00a0<\/span><\/li>\n<\/ul>\n<h2><span data-contrast=\"auto\">Observaci\u00f3n:\u00a0<\/span><span data-ccp-props=\"{&quot;201341983&quot;:0,&quot;335559739&quot;:160,&quot;335559740&quot;:259}\">\u00a0<\/span><\/h2>\n<ul>\n<li><span data-contrast=\"auto\">El veh\u00edculo sube solo por el plano inclinado.\u00a0<\/span><span data-ccp-props=\"{&quot;201341983&quot;:0,&quot;335559739&quot;:160,&quot;335559740&quot;:259}\">\u00a0<\/span><\/li>\n<li><span data-contrast=\"auto\">El volante de inercia gira a diferentes velocidades, en funci\u00f3n de la relaci\u00f3n de transmisi\u00f3n, y posiblemente en contra del sentido de giro de las ruedas.\u00a0<\/span><span data-ccp-props=\"{&quot;201341983&quot;:0,&quot;335559739&quot;:160,&quot;335559740&quot;:259}\">\u00a0<\/span><\/li>\n<\/ul>\n<h2><span data-contrast=\"auto\">Potencial did\u00e1ctico:<\/span><\/h2>\n<p><span data-contrast=\"auto\">Adecuado sobre todo como experimento de demostraci\u00f3n.<\/span><span data-ccp-props=\"{&quot;201341983&quot;:0,&quot;335559739&quot;:160,&quot;335559740&quot;:259}\">\u00a0<\/span><\/p>\n","protected":false},"featured_media":1474,"template":"","meta":[],"product_brand":[],"product_cat":[935,914,917,929,835,899],"product_tag":[],"class_list":{"0":"post-1191","1":"product","2":"type-product","3":"status-publish","4":"has-post-thumbnail","6":"product_cat-11-momento-angular-conservacion-del-momento-angular","7":"product_cat-4-velocidad-aceleracion-inercia","8":"product_cat-5-plano-inclinado","9":"product_cat-9-formas-de-energia-conservacion-de-la-energia","10":"product_cat-a-mecanica-es","11":"product_cat-i-dispositivos-fisicos-es","12":"","13":"woocommerce-text-align-left","14":"woocommerce-image-align-center","16":"first","17":"instock","18":"shipping-taxable","19":"product-type-simple"},"_links":{"self":[{"href":"https:\/\/experiments.school\/es\/wp-json\/wp\/v2\/product\/1191","targetHints":{"allow":["GET"]}}],"collection":[{"href":"https:\/\/experiments.school\/es\/wp-json\/wp\/v2\/product"}],"about":[{"href":"https:\/\/experiments.school\/es\/wp-json\/wp\/v2\/types\/product"}],"wp:featuredmedia":[{"embeddable":true,"href":"https:\/\/experiments.school\/es\/wp-json\/wp\/v2\/media\/1474"}],"wp:attachment":[{"href":"https:\/\/experiments.school\/es\/wp-json\/wp\/v2\/media?parent=1191"}],"wp:term":[{"taxonomy":"product_brand","embeddable":true,"href":"https:\/\/experiments.school\/es\/wp-json\/wp\/v2\/product_brand?post=1191"},{"taxonomy":"product_cat","embeddable":true,"href":"https:\/\/experiments.school\/es\/wp-json\/wp\/v2\/product_cat?post=1191"},{"taxonomy":"product_tag","embeddable":true,"href":"https:\/\/experiments.school\/es\/wp-json\/wp\/v2\/product_tag?post=1191"}],"curies":[{"name":"wp","href":"https:\/\/api.w.org\/{rel}","templated":true}]}}