{"id":1181,"date":"2022-05-05T15:18:17","date_gmt":"2022-06-24T16:54:51","guid":{"rendered":"https:\/\/experiments.school\/?post_type=product&#038;p=1181"},"modified":"2022-07-01T10:25:16","modified_gmt":"2022-07-01T08:25:16","slug":"053-masa-inercial","status":"publish","type":"product","link":"https:\/\/experiments.school\/es\/produkt\/053-masa-inercial\/","title":{"rendered":"053 &#8211; Masa inercial"},"content":{"rendered":"","protected":false},"excerpt":{"rendered":"<h2><strong><span class=\"TextRun SCXW82913996 BCX4\" lang=\"ES-ES\" xml:lang=\"ES-ES\" data-contrast=\"auto\"><span class=\"NormalTextRun SCXW82913996 BCX4\">Consecuencias<\/span><span class=\"NormalTextRun SCXW82913996 BCX4\"> de la <\/span><span class=\"NormalTextRun SCXW82913996 BCX4\">masa<\/span> <span class=\"NormalTextRun SCXW82913996 BCX4\">inercial<\/span><span class=\"NormalTextRun SCXW82913996 BCX4\">\u00a0<\/span><\/span><span class=\"EOP SCXW82913996 BCX4\" data-ccp-props=\"{&quot;201341983&quot;:0,&quot;335559739&quot;:160,&quot;335559740&quot;:259}\">\u00a0<\/span><\/strong><\/h2>\n<h2><span data-contrast=\"auto\">Introducci\u00f3n a:<\/span><\/h2>\n<p><span data-contrast=\"auto\">Inercia, momento de fuerza, fricci\u00f3n est\u00e1tica, conservaci\u00f3n del momento.<\/span><\/p>\n<p>&nbsp;<\/p>\n[video width=\"1920\" height=\"1080\" mp4=\"https:\/\/experiments.school\/wp-content\/uploads\/2022\/05\/053-video-2.mp4\"][\/video]\n<h2><span data-contrast=\"auto\">Material:\u00a0<\/span><span data-ccp-props=\"{&quot;201341983&quot;:0,&quot;335559739&quot;:160,&quot;335559740&quot;:259}\">\u00a0<\/span><\/h2>\n<ul>\n<li><span data-contrast=\"auto\">Caja peque\u00f1a (por ejemplo, caja de cerillas).\u00a0<\/span><span data-ccp-props=\"{&quot;201341983&quot;:0,&quot;335559739&quot;:160,&quot;335559740&quot;:259}\">\u00a0<\/span><\/li>\n<li><span data-contrast=\"auto\">hoja de papel\u00a0<\/span><\/li>\n<\/ul>\n<h2><span data-contrast=\"auto\">Instrucciones:\u00a0<\/span><span data-ccp-props=\"{&quot;201341983&quot;:0,&quot;335559739&quot;:160,&quot;335559740&quot;:259}\">\u00a0<\/span><\/h2>\n<p><span data-contrast=\"auto\">Coloca la caja con la superficie lateral m\u00e1s peque\u00f1a en el borde del papel. Se pueden realizar tres experimentos diferentes:\u00a0<\/span><span data-ccp-props=\"{&quot;201341983&quot;:0,&quot;335559739&quot;:160,&quot;335559740&quot;:259}\">\u00a0<\/span><\/p>\n<ol>\n<li><span data-contrast=\"auto\">Tira moderadamente r\u00e1pido pero de golpe sobre el papel.\u00a0<\/span><span data-ccp-props=\"{&quot;201341983&quot;:0,&quot;335559739&quot;:160,&quot;335559740&quot;:259}\">\u00a0<\/span><\/li>\n<li><span data-contrast=\"auto\">Tirar del papel mientras se acelera lentamente. Entonces, detente de repente.\u00a0<\/span><span data-ccp-props=\"{&quot;201341983&quot;:0,&quot;335559739&quot;:160,&quot;335559740&quot;:259}\">\u00a0<\/span><\/li>\n<li><span data-contrast=\"auto\">Retira el papel de debajo de la caja con un tir\u00f3n.\u00a0<\/span><span data-ccp-props=\"{&quot;201341983&quot;:0,&quot;335559739&quot;:160,&quot;335559740&quot;:259}\">\u00a0<\/span><span data-contrast=\"auto\">\u00a0<\/span><span data-ccp-props=\"{&quot;201341983&quot;:0,&quot;335559739&quot;:160,&quot;335559740&quot;:259}\">\u00a0<\/span><\/li>\n<\/ol>\n<h2><span data-contrast=\"auto\">Observaci\u00f3n:\u00a0<\/span><span data-contrast=\"auto\">\u00a0<\/span><span data-ccp-props=\"{&quot;201341983&quot;:0,&quot;335559739&quot;:160,&quot;335559740&quot;:259}\">\u00a0<\/span><\/h2>\n<p><span data-contrast=\"auto\">La caja &#8230;.\u00a0<\/span><span data-ccp-props=\"{&quot;201341983&quot;:0,&quot;335559739&quot;:160,&quot;335559740&quot;:259}\">\u00a0<\/span><\/p>\n<ol>\n<li><span data-contrast=\"auto\">\u00a0\u00a0\u00a0 &#8230; se cae de espaldas\u00a0<\/span><\/li>\n<li><span data-contrast=\"auto\">\u00a0\u00a0\u00a0 &#8230; cae hacia el frente\u00a0<\/span><span data-ccp-props=\"{&quot;201341983&quot;:0,&quot;335559739&quot;:160,&quot;335559740&quot;:259}\">\u00a0<\/span><\/li>\n<li><span data-contrast=\"auto\">\u00a0\u00a0\u00a0 &#8230; se mantiene en pie\u00a0<\/span><span data-ccp-props=\"{&quot;201341983&quot;:0,&quot;335559739&quot;:160,&quot;335559740&quot;:259}\">\u00a0<\/span><\/li>\n<\/ol>\n<h2><span data-contrast=\"auto\">Explicaci\u00f3n:\u00a0<\/span><span data-contrast=\"auto\">\u00a0<\/span><span data-ccp-props=\"{&quot;201341983&quot;:0,&quot;335559739&quot;:160,&quot;335559740&quot;:259}\">\u00a0<\/span><\/h2>\n<p><span data-contrast=\"auto\">Las diferentes reacciones de la caja a los distintos tipos de movimiento de la base demuestran la masa inercial de la caja, su rozamiento est\u00e1tico sobre la base y el momento de fuerza creado cuando la base se aleja.\u00a0<\/span><span data-ccp-props=\"{&quot;201341983&quot;:0,&quot;335559739&quot;:160,&quot;335559740&quot;:259}\">\u00a0<\/span><\/p>\n<h2><span data-contrast=\"auto\">Tips:\u00a0<\/span><span data-ccp-props=\"{&quot;201341983&quot;:0,&quot;335559739&quot;:160,&quot;335559740&quot;:259}\">\u00a0<\/span><\/h2>\n<ul>\n<li><span data-contrast=\"auto\">Dobla el papel ligeramente hacia arriba en el extremo opuesto para poder agarrarlo mejor\u00a0<\/span><span data-ccp-props=\"{&quot;201341983&quot;:0,&quot;335559739&quot;:160,&quot;335559740&quot;:259}\">\u00a0<\/span><\/li>\n<li><span data-contrast=\"auto\">La caja se puede contrapesar llen\u00e1ndola de arena.<\/span><span data-ccp-props=\"{&quot;201341983&quot;:0,&quot;335559739&quot;:160,&quot;335559740&quot;:259}\">\u00a0<\/span><\/li>\n<\/ul>\n","protected":false},"featured_media":1487,"template":"","meta":[],"product_brand":[],"product_cat":[909,910,914,926,835],"product_tag":[],"class_list":{"0":"post-1181","1":"product","2":"type-product","3":"status-publish","4":"has-post-thumbnail","6":"product_cat-1-masa-peso-densidad-centro-de-gravedad","7":"product_cat-2-fuerza-equilibrio-de-fuerzas","8":"product_cat-4-velocidad-aceleracion-inercia","9":"product_cat-8-impulso-conservacion-del-impulso","10":"product_cat-a-mecanica-es","11":"","12":"woocommerce-text-align-left","13":"woocommerce-image-align-center","15":"first","16":"instock","17":"shipping-taxable","18":"product-type-simple"},"_links":{"self":[{"href":"https:\/\/experiments.school\/es\/wp-json\/wp\/v2\/product\/1181","targetHints":{"allow":["GET"]}}],"collection":[{"href":"https:\/\/experiments.school\/es\/wp-json\/wp\/v2\/product"}],"about":[{"href":"https:\/\/experiments.school\/es\/wp-json\/wp\/v2\/types\/product"}],"wp:featuredmedia":[{"embeddable":true,"href":"https:\/\/experiments.school\/es\/wp-json\/wp\/v2\/media\/1487"}],"wp:attachment":[{"href":"https:\/\/experiments.school\/es\/wp-json\/wp\/v2\/media?parent=1181"}],"wp:term":[{"taxonomy":"product_brand","embeddable":true,"href":"https:\/\/experiments.school\/es\/wp-json\/wp\/v2\/product_brand?post=1181"},{"taxonomy":"product_cat","embeddable":true,"href":"https:\/\/experiments.school\/es\/wp-json\/wp\/v2\/product_cat?post=1181"},{"taxonomy":"product_tag","embeddable":true,"href":"https:\/\/experiments.school\/es\/wp-json\/wp\/v2\/product_tag?post=1181"}],"curies":[{"name":"wp","href":"https:\/\/api.w.org\/{rel}","templated":true}]}}