{"id":1139,"date":"2022-05-05T11:51:52","date_gmt":"2022-05-23T13:29:27","guid":{"rendered":"https:\/\/experiments.school\/?post_type=product&#038;p=1139"},"modified":"2022-07-01T10:41:05","modified_gmt":"2022-07-01T08:41:05","slug":"020-magnetization","status":"publish","type":"product","link":"https:\/\/experiments.school\/es\/produkt\/020-magnetization\/","title":{"rendered":"020 &#8211; Magnetizaci\u00f3n"},"content":{"rendered":"","protected":false},"excerpt":{"rendered":"<h2><b><span data-contrast=\"auto\">Introduction \u00e0:<\/span><\/b><span data-ccp-props=\"{}\">\u00a0<\/span><\/h2>\n<p><span data-contrast=\"auto\">Magnetizaci\u00f3n mediante un im\u00e1n permanente, ferromagnetismo, aguja magn\u00e9tica, br\u00fajula, campo magn\u00e9tico terrestre, polo norte y polo sur<\/span><span data-ccp-props=\"{}\">\u00a0<\/span><\/p>\n[video width=\"1920\" height=\"1080\" mp4=\"https:\/\/experiments.school\/wp-content\/uploads\/2022\/05\/020-video-1.mp4\"][\/video]\n<h2>Material:\u00a0<span data-ccp-props=\"{}\">\u00a0<\/span><\/h2>\n<ul>\n<li data-leveltext=\"-\" data-font=\"Calibri\" data-listid=\"1\" data-list-defn-props=\"{&quot;335551671&quot;:2,&quot;335552541&quot;:1,&quot;335559684&quot;:-2,&quot;335559685&quot;:720,&quot;335559991&quot;:360,&quot;469769226&quot;:&quot;Calibri&quot;,&quot;469769242&quot;:[8226],&quot;469777803&quot;:&quot;left&quot;,&quot;469777804&quot;:&quot;-&quot;,&quot;469777815&quot;:&quot;hybridMultilevel&quot;}\" data-aria-posinset=\"2\" data-aria-level=\"1\"><span data-contrast=\"auto\">Im\u00e1n permanente (por ejemplo, un im\u00e1n de barra, lo m\u00e1s fuerte posible)<\/span><span data-ccp-props=\"{}\">\u00a0<\/span><\/li>\n<li data-leveltext=\"-\" data-font=\"Calibri\" data-listid=\"1\" data-list-defn-props=\"{&quot;335551671&quot;:2,&quot;335552541&quot;:1,&quot;335559684&quot;:-2,&quot;335559685&quot;:720,&quot;335559991&quot;:360,&quot;469769226&quot;:&quot;Calibri&quot;,&quot;469769242&quot;:[8226],&quot;469777803&quot;:&quot;left&quot;,&quot;469777804&quot;:&quot;-&quot;,&quot;469777815&quot;:&quot;hybridMultilevel&quot;}\" data-aria-posinset=\"2\" data-aria-level=\"1\"><span data-contrast=\"auto\">Hoja de afeitar con una marca (por ejemplo, un punto rojo)<\/span><span data-ccp-props=\"{}\">\u00a0<\/span><\/li>\n<li data-leveltext=\"-\" data-font=\"Calibri\" data-listid=\"1\" data-list-defn-props=\"{&quot;335551671&quot;:2,&quot;335552541&quot;:1,&quot;335559684&quot;:-2,&quot;335559685&quot;:720,&quot;335559991&quot;:360,&quot;469769226&quot;:&quot;Calibri&quot;,&quot;469769242&quot;:[8226],&quot;469777803&quot;:&quot;left&quot;,&quot;469777804&quot;:&quot;-&quot;,&quot;469777815&quot;:&quot;hybridMultilevel&quot;}\" data-aria-posinset=\"2\" data-aria-level=\"1\"><span data-contrast=\"auto\">Bol con agua<\/span><span data-ccp-props=\"{}\">\u00a0<\/span><\/li>\n<\/ul>\n<h2>Material (alternativa):<span data-ccp-props=\"{}\">\u00a0<\/span><\/h2>\n<ul>\n<li data-leveltext=\"-\" data-font=\"Calibri\" data-listid=\"1\" data-list-defn-props=\"{&quot;335551671&quot;:2,&quot;335552541&quot;:1,&quot;335559684&quot;:-2,&quot;335559685&quot;:720,&quot;335559991&quot;:360,&quot;469769226&quot;:&quot;Calibri&quot;,&quot;469769242&quot;:[8226],&quot;469777803&quot;:&quot;left&quot;,&quot;469777804&quot;:&quot;-&quot;,&quot;469777815&quot;:&quot;hybridMultilevel&quot;}\" data-aria-posinset=\"2\" data-aria-level=\"1\"><span data-contrast=\"auto\">aguja\u00a0 <\/span><span data-ccp-props=\"{}\">(1)<\/span><\/li>\n<li data-leveltext=\"-\" data-font=\"Calibri\" data-listid=\"1\" data-list-defn-props=\"{&quot;335551671&quot;:2,&quot;335552541&quot;:1,&quot;335559684&quot;:-2,&quot;335559685&quot;:720,&quot;335559991&quot;:360,&quot;469769226&quot;:&quot;Calibri&quot;,&quot;469769242&quot;:[8226],&quot;469777803&quot;:&quot;left&quot;,&quot;469777804&quot;:&quot;-&quot;,&quot;469777815&quot;:&quot;hybridMultilevel&quot;}\" data-aria-posinset=\"2\" data-aria-level=\"1\"><span data-contrast=\"auto\">discos de corcho \/ espuma de poliestireno \/ madera (2)<br \/>\n<\/span><\/li>\n<li data-leveltext=\"-\" data-font=\"Calibri\" data-listid=\"1\" data-list-defn-props=\"{&quot;335551671&quot;:2,&quot;335552541&quot;:1,&quot;335559684&quot;:-2,&quot;335559685&quot;:720,&quot;335559991&quot;:360,&quot;469769226&quot;:&quot;Calibri&quot;,&quot;469769242&quot;:[8226],&quot;469777803&quot;:&quot;left&quot;,&quot;469777804&quot;:&quot;-&quot;,&quot;469777815&quot;:&quot;hybridMultilevel&quot;}\" data-aria-posinset=\"2\" data-aria-level=\"1\"><span data-contrast=\"auto\">Im\u00e1n permanente (por ejemplo, un im\u00e1n de barra, lo m\u00e1s fuerte posible)<\/span><span data-ccp-props=\"{}\">\u00a0<\/span><\/li>\n<li data-leveltext=\"-\" data-font=\"Calibri\" data-listid=\"1\" data-list-defn-props=\"{&quot;335551671&quot;:2,&quot;335552541&quot;:1,&quot;335559684&quot;:-2,&quot;335559685&quot;:720,&quot;335559991&quot;:360,&quot;469769226&quot;:&quot;Calibri&quot;,&quot;469769242&quot;:[8226],&quot;469777803&quot;:&quot;left&quot;,&quot;469777804&quot;:&quot;-&quot;,&quot;469777815&quot;:&quot;hybridMultilevel&quot;}\" data-aria-posinset=\"2\" data-aria-level=\"1\"><span data-contrast=\"auto\">Bol con agua<\/span><span data-ccp-props=\"{}\">\u00a0<\/span><\/li>\n<\/ul>\n<h2>Preparaci\u00f3n y ejecuci\u00f3n:<span data-ccp-props=\"{}\">\u00a0<\/span><span data-ccp-props=\"{}\">\u00a0<\/span><\/h2>\n<ul>\n<li data-leveltext=\"-\" data-font=\"Calibri\" data-listid=\"1\" data-list-defn-props=\"{&quot;335551671&quot;:2,&quot;335552541&quot;:1,&quot;335559684&quot;:-2,&quot;335559685&quot;:720,&quot;335559991&quot;:360,&quot;469769226&quot;:&quot;Calibri&quot;,&quot;469769242&quot;:[8226],&quot;469777803&quot;:&quot;left&quot;,&quot;469777804&quot;:&quot;-&quot;,&quot;469777815&quot;:&quot;hybridMultilevel&quot;}\" data-aria-posinset=\"2\" data-aria-level=\"1\"><span data-contrast=\"auto\">Pasa un polo del im\u00e1n permanente por la hoja de afeitar varias veces, preferiblemente por la parte superior y la inferior.<\/span><span data-ccp-props=\"{}\">\u00a0<\/span><\/li>\n<li data-leveltext=\"-\" data-font=\"Calibri\" data-listid=\"1\" data-list-defn-props=\"{&quot;335551671&quot;:2,&quot;335552541&quot;:1,&quot;335559684&quot;:-2,&quot;335559685&quot;:720,&quot;335559991&quot;:360,&quot;469769226&quot;:&quot;Calibri&quot;,&quot;469769242&quot;:[8226],&quot;469777803&quot;:&quot;left&quot;,&quot;469777804&quot;:&quot;-&quot;,&quot;469777815&quot;:&quot;hybridMultilevel&quot;}\" data-aria-posinset=\"2\" data-aria-level=\"1\"><span data-contrast=\"auto\">Coloca con cuidado la hoja de afeitar en la superficie del agua.<\/span><span data-ccp-props=\"{}\">\u00a0<\/span><\/li>\n<li data-leveltext=\"-\" data-font=\"Calibri\" data-listid=\"1\" data-list-defn-props=\"{&quot;335551671&quot;:2,&quot;335552541&quot;:1,&quot;335559684&quot;:-2,&quot;335559685&quot;:720,&quot;335559991&quot;:360,&quot;469769226&quot;:&quot;Calibri&quot;,&quot;469769242&quot;:[8226],&quot;469777803&quot;:&quot;left&quot;,&quot;469777804&quot;:&quot;-&quot;,&quot;469777815&quot;:&quot;hybridMultilevel&quot;}\" data-aria-posinset=\"2\" data-aria-level=\"1\"><span data-contrast=\"auto\">Siempre vuelve a la direcci\u00f3n norte-sur, aunque la gires.<\/span><span data-ccp-props=\"{}\">\u00a0<\/span><\/li>\n<\/ul>\n<h2>Explicaci\u00f3n:\u00a0\u00a0<span data-ccp-props=\"{}\">\u00a0<\/span><\/h2>\n<p><span data-contrast=\"auto\">Al pasar el im\u00e1n permanente sobre la hoja de afeitar, los dominios magn\u00e9ticos del hierro se alinean. Esto convierte a la propia hoja de afeitar en un im\u00e1n.<\/span><span data-ccp-props=\"{}\">\u00a0<\/span><\/p>\n<h2><span data-contrast=\"auto\">Potencial did\u00e1ctico:\u00a0<\/span><span data-ccp-props=\"{}\">\u00a0<\/span><\/h2>\n<ul>\n<li><span data-contrast=\"auto\">Un juego de ingenio consiste en averiguar la orientaci\u00f3n de la hoja de afeitar. Hay que tener en cuenta que hay un polo sur magn\u00e9tico en el polo norte geogr\u00e1fico de la Tierra.<\/span><span data-ccp-props=\"{}\">\u00a0<\/span><\/li>\n<li><span data-contrast=\"auto\">El experimento consolida la idea modelo de los imanes elementales en el hierro.<\/span><span data-ccp-props=\"{}\">\u00a0<\/span><\/li>\n<\/ul>\n<h2>Tips:<\/h2>\n<ul>\n<li data-leveltext=\"-\" data-font=\"Calibri\" data-listid=\"1\" data-list-defn-props=\"{&quot;335551671&quot;:2,&quot;335552541&quot;:1,&quot;335559684&quot;:-2,&quot;335559685&quot;:720,&quot;335559991&quot;:360,&quot;469769226&quot;:&quot;Calibri&quot;,&quot;469769242&quot;:[8226],&quot;469777803&quot;:&quot;left&quot;,&quot;469777804&quot;:&quot;-&quot;,&quot;469777815&quot;:&quot;hybridMultilevel&quot;}\" data-aria-posinset=\"2\" data-aria-level=\"1\"><span data-contrast=\"auto\">La magnetizaci\u00f3n puede invertirse mediante una fuerte vibraci\u00f3n<\/span><span data-ccp-props=\"{}\">\u00a0<\/span><\/li>\n<li data-leveltext=\"-\" data-font=\"Calibri\" data-listid=\"1\" data-list-defn-props=\"{&quot;335551671&quot;:2,&quot;335552541&quot;:1,&quot;335559684&quot;:-2,&quot;335559685&quot;:720,&quot;335559991&quot;:360,&quot;469769226&quot;:&quot;Calibri&quot;,&quot;469769242&quot;:[8226],&quot;469777803&quot;:&quot;left&quot;,&quot;469777804&quot;:&quot;-&quot;,&quot;469777815&quot;:&quot;hybridMultilevel&quot;}\" data-aria-posinset=\"2\" data-aria-level=\"1\"><span data-contrast=\"auto\">Precauci\u00f3n: Aleja el im\u00e1n permanente de la cubeta para evitar interferencias<\/span><span data-ccp-props=\"{}\">\u00a0<\/span><\/li>\n<\/ul>\n<h2>Tips para el material alternativo:<\/h2>\n<ul>\n<li data-leveltext=\"-\" data-font=\"Calibri\" data-listid=\"1\" data-list-defn-props=\"{&quot;335551671&quot;:2,&quot;335552541&quot;:1,&quot;335559684&quot;:-2,&quot;335559685&quot;:720,&quot;335559991&quot;:360,&quot;469769226&quot;:&quot;Calibri&quot;,&quot;469769242&quot;:[8226],&quot;469777803&quot;:&quot;left&quot;,&quot;469777804&quot;:&quot;-&quot;,&quot;469777815&quot;:&quot;hybridMultilevel&quot;}\" data-aria-posinset=\"2\" data-aria-level=\"1\"><span data-contrast=\"auto\">Antes de colocar la aguja en el disco de corcho, compruebe si est\u00e1 realmente magnetizada (por ejemplo, suj\u00e9tela contra una aguja que a\u00fan no est\u00e9 magnetizada).<\/span><span data-ccp-props=\"{}\">\u00a0<\/span><\/li>\n<li data-leveltext=\"-\" data-font=\"Calibri\" data-listid=\"1\" data-list-defn-props=\"{&quot;335551671&quot;:2,&quot;335552541&quot;:1,&quot;335559684&quot;:-2,&quot;335559685&quot;:720,&quot;335559991&quot;:360,&quot;469769226&quot;:&quot;Calibri&quot;,&quot;469769242&quot;:[8226],&quot;469777803&quot;:&quot;left&quot;,&quot;469777804&quot;:&quot;-&quot;,&quot;469777815&quot;:&quot;hybridMultilevel&quot;}\" data-aria-posinset=\"2\" data-aria-level=\"1\"><span data-contrast=\"auto\">La plastilina funciona bien para fijar la aguja, el pegamento tambi\u00e9n es posible<\/span><\/li>\n<\/ul>\n","protected":false},"featured_media":1184,"template":"","meta":[],"product_brand":[],"product_cat":[989,884,897],"product_tag":[],"class_list":{"0":"post-1139","1":"product","2":"type-product","3":"status-publish","4":"has-post-thumbnail","6":"product_cat-6-magnetismo-electromagnetismo","7":"product_cat-b-electricidad-es","8":"product_cat-g-trucos-de-magia-es","9":"","10":"woocommerce-text-align-left","11":"woocommerce-image-align-center","13":"first","14":"instock","15":"shipping-taxable","16":"product-type-simple"},"_links":{"self":[{"href":"https:\/\/experiments.school\/es\/wp-json\/wp\/v2\/product\/1139","targetHints":{"allow":["GET"]}}],"collection":[{"href":"https:\/\/experiments.school\/es\/wp-json\/wp\/v2\/product"}],"about":[{"href":"https:\/\/experiments.school\/es\/wp-json\/wp\/v2\/types\/product"}],"wp:featuredmedia":[{"embeddable":true,"href":"https:\/\/experiments.school\/es\/wp-json\/wp\/v2\/media\/1184"}],"wp:attachment":[{"href":"https:\/\/experiments.school\/es\/wp-json\/wp\/v2\/media?parent=1139"}],"wp:term":[{"taxonomy":"product_brand","embeddable":true,"href":"https:\/\/experiments.school\/es\/wp-json\/wp\/v2\/product_brand?post=1139"},{"taxonomy":"product_cat","embeddable":true,"href":"https:\/\/experiments.school\/es\/wp-json\/wp\/v2\/product_cat?post=1139"},{"taxonomy":"product_tag","embeddable":true,"href":"https:\/\/experiments.school\/es\/wp-json\/wp\/v2\/product_tag?post=1139"}],"curies":[{"name":"wp","href":"https:\/\/api.w.org\/{rel}","templated":true}]}}