{"id":1631,"date":"2022-07-15T14:46:18","date_gmt":"2022-07-15T12:46:18","guid":{"rendered":"https:\/\/experiments.school\/1631-2\/"},"modified":"2022-07-15T14:48:00","modified_gmt":"2022-07-15T12:48:00","slug":"1631-2","status":"publish","type":"page","link":"https:\/\/experiments.school\/es\/1631-2\/","title":{"rendered":"La protecci\u00f3n de datos"},"content":{"rendered":"<h2>1. La protecci\u00f3n de datos en un vistazo<\/h2>\n<h3>Informaci\u00f3n general<\/h3>\n<p>La siguiente informaci\u00f3n ofrece una visi\u00f3n general de lo que ocurre con sus datos personales cuando visita este sitio web. Los datos personales son cualquier dato por el que se le pueda identificar personalmente. Para obtener informaci\u00f3n m\u00e1s detallada sobre la protecci\u00f3n de datos, consulte nuestra declaraci\u00f3n de protecci\u00f3n de datos que se encuentra debajo de este texto.<\/p>\n<h3>Recogida de datos en este sitio web<\/h3>\n<h3>\u00bfQui\u00e9n es el responsable de la recogida de datos en este sitio web?<\/h3>\n<p>El tratamiento de datos en este sitio web lo realiza el operador del mismo.<\/p>\n<ul>\n<li>G\u00fcnther O\u00dfwald<\/li>\n<li>Bachham 4d<\/li>\n<li>83125 Eggst\u00e4tt<\/li>\n<li>Alemania<\/li>\n<\/ul>\n<p>Tel\u00e9fono: +49 176 75890120<\/p>\n<p>Correo electr\u00f3nico: guenther-osswald@t-online.de<\/p>\n<h3>\u00bfC\u00f3mo recogemos sus datos?<\/h3>\n<p>Por un lado, sus datos se recogen cuando usted nos los proporciona. Pueden ser, por ejemplo, los datos que se introducen en un formulario de contacto.<\/p>\n<p>Otros datos son recogidos autom\u00e1ticamente o con su consentimiento por nuestros sistemas inform\u00e1ticos cuando usted visita el sitio web. Se trata principalmente de datos t\u00e9cnicos (por ejemplo, el navegador de Internet, el sistema operativo o la hora de visualizaci\u00f3n de la p\u00e1gina). Estos datos se recogen autom\u00e1ticamente en cuanto usted visita este sitio web.<\/p>\n<h3>\u00bfPara qu\u00e9 utilizamos sus datos?<\/h3>\n<p>Algunos de los datos se recopilan para garantizar el suministro sin errores del sitio web. Otros datos pueden utilizarse para analizar su comportamiento como usuario.<\/p>\n<h3>\u00bfQu\u00e9 derechos tiene usted sobre sus datos?<\/h3>\n<p>Tiene derecho a recibir en cualquier momento informaci\u00f3n gratuita sobre el origen, el destinatario y la finalidad de sus datos personales almacenados. Tambi\u00e9n tiene derecho a solicitar la correcci\u00f3n o supresi\u00f3n de estos datos. Si ha dado su consentimiento al tratamiento de datos, puede revocarlo en cualquier momento para el futuro. Tambi\u00e9n tiene derecho a solicitar la limitaci\u00f3n del tratamiento de sus datos personales en determinadas circunstancias. Adem\u00e1s, tiene derecho a presentar una reclamaci\u00f3n ante la autoridad de control competente.<\/p>\n<p>Puede ponerse en contacto con nosotros en cualquier momento sobre este tema y sobre cualquier otra cuesti\u00f3n que pueda tener sobre el tema de la protecci\u00f3n de datos.<\/p>\n<p>Herramientas de an\u00e1lisis y de terceros<\/p>\n<p>Al visitar este sitio web, su comportamiento de navegaci\u00f3n puede ser analizado estad\u00edsticamente. Esto se hace principalmente con los llamados programas de an\u00e1lisis.<\/p>\n<p>Encontrar\u00e1 informaci\u00f3n detallada sobre estos programas de an\u00e1lisis en la siguiente declaraci\u00f3n de protecci\u00f3n de datos.<\/p>\n<h2>2. Hosting<\/h2>\n<h3>IONOS<\/h3>\n<p>Alojamos nuestro sitio web con IONOS SE. El proveedor es IONOS SE, Elgendorfer Str. 57, 56410 Montabaur (en adelante, IONOS). Cuando usted visita nuestro sitio web, IONOS recoge varios archivos de registro, incluyendo sus direcciones IP. Para m\u00e1s detalles, consulte la pol\u00edtica de privacidad de IONOS: https:\/\/www.ionos.de\/terms-gtc\/terms-privacy.<\/p>\n<p>El uso de IONOS se basa en el Art. 6 p\u00e1rrafo 1 lit. f DSGVO. Tenemos un inter\u00e9s leg\u00edtimo en garantizar que nuestro sitio web se presente de la forma m\u00e1s fiable posible. Si se ha solicitado el correspondiente consentimiento, el tratamiento se lleva a cabo exclusivamente sobre la base del art. 6 p\u00e1rr. 1 lit. a DSGVO y del art. 25 p\u00e1rr. 1 TTDSG, en la medida en que el consentimiento incluye el almacenamiento de cookies o el acceso a informaci\u00f3n en el dispositivo terminal del usuario (por ejemplo, la huella digital del dispositivo), tal como se define en la TTDSG. El consentimiento puede ser revocado en cualquier momento.<\/p>\n<h3>Procesamiento de pedidos<\/h3>\n<p>Hemos celebrado un contrato de tramitaci\u00f3n de pedidos (AVV) con el proveedor mencionado. Se trata de un contrato exigido por la ley de protecci\u00f3n de datos, que garantiza que el proveedor s\u00f3lo procesa los datos personales de los visitantes de nuestro sitio web de acuerdo con nuestras instrucciones y en cumplimiento de la ley alemana de protecci\u00f3n de datos (DSGVO).<\/p>\n<h2>3. Notas generales e informaci\u00f3n obligatoria<\/h2>\n<h3>Protecci\u00f3n de datos<\/h3>\n<p>Los operadores de estas p\u00e1ginas se toman muy en serio la protecci\u00f3n de sus datos personales. Tratamos sus datos personales de forma confidencial y de acuerdo con las normas legales de protecci\u00f3n de datos y esta declaraci\u00f3n de protecci\u00f3n de datos.<\/p>\n<p>Cuando usted utiliza este sitio web, se recogen varios datos personales. Los datos personales son aquellos por los que se le puede identificar personalmente. Esta pol\u00edtica de privacidad explica qu\u00e9 informaci\u00f3n recogemos y c\u00f3mo la utilizamos. Tambi\u00e9n explica c\u00f3mo y para qu\u00e9 se hace.<\/p>\n<p>Nos gustar\u00eda se\u00f1alar que la transmisi\u00f3n de datos en Internet (por ejemplo, cuando se comunica por correo electr\u00f3nico) puede presentar lagunas de seguridad. No es posible una protecci\u00f3n completa de los datos contra el acceso de terceros.<\/p>\n<h3>Per\u00edodo de almacenamiento<\/h3>\n<p>A menos que se haya especificado un per\u00edodo de almacenamiento m\u00e1s espec\u00edfico dentro de esta pol\u00edtica de privacidad, sus datos personales permanecer\u00e1n con nosotros hasta que la finalidad del tratamiento de los datos deje de ser aplicable. Si usted hace valer una solicitud leg\u00edtima de supresi\u00f3n o revoca su consentimiento para el tratamiento de datos, sus datos se eliminar\u00e1n, a menos que tengamos otros motivos legalmente admisibles para almacenar sus datos personales (por ejemplo, per\u00edodos de conservaci\u00f3n en virtud de la legislaci\u00f3n fiscal o comercial); en este \u00faltimo caso, los datos se eliminar\u00e1n una vez que estos motivos dejen de ser aplicables.<\/p>\n<h3>Informaci\u00f3n general sobre la base legal para el tratamiento de datos en este sitio web<\/h3>\n<p>Si ha dado su consentimiento para el procesamiento de datos, procesamos sus datos personales sobre la base del art. 6, p\u00e1rr. 1 lit. a DSGVO o del art. 9, p\u00e1rr. 2 lit. a DSGVO si se procesan categor\u00edas especiales de datos de acuerdo con el art. 9, p\u00e1rr. 1 DSGVO. En caso de consentimiento expreso para la transferencia de datos personales a terceros pa\u00edses, el tratamiento de datos tambi\u00e9n se lleva a cabo sobre la base del art. 49 (1) a DSGVO. Si usted ha dado su consentimiento para el almacenamiento de cookies o para el acceso a la informaci\u00f3n en su dispositivo terminal (por ejemplo, a trav\u00e9s de la huella digital del dispositivo), el procesamiento de datos se lleva a cabo adicionalmente sobre la base de la Secci\u00f3n 25 (1) TTDSG. Este consentimiento puede ser revocado en cualquier momento. Si sus datos son necesarios para la ejecuci\u00f3n de un contrato o para la aplicaci\u00f3n de medidas precontractuales, tratamos sus datos sobre la base del art. 6, apartado 1, letra b del DSGVO. Adem\u00e1s, si sus datos son necesarios para el cumplimiento de una obligaci\u00f3n legal, los procesamos sobre la base del Art. 6 p\u00e1rrafo 1 lit. c DSGVO. Adem\u00e1s, el tratamiento de datos puede llevarse a cabo sobre la base de nuestro inter\u00e9s leg\u00edtimo de acuerdo con el Art. 6 p\u00e1rrafo 1 lit. f DSGVO. En los siguientes p\u00e1rrafos de esta declaraci\u00f3n de protecci\u00f3n de datos se ofrece informaci\u00f3n sobre la base jur\u00eddica pertinente en cada caso concreto.<\/p>\n<h3>Nota sobre la transferencia de datos a EE.UU. y otros terceros pa\u00edses<\/h3>\n<p>Entre otras cosas, utilizamos herramientas de empresas con sede en EE.UU. u otros terceros pa\u00edses que no son seguras seg\u00fan la ley de protecci\u00f3n de datos. Si estas herramientas est\u00e1n activas, sus datos personales pueden ser transferidos a estos terceros pa\u00edses y tratados all\u00ed. Nos gustar\u00eda se\u00f1alar que en estos pa\u00edses no se puede garantizar un nivel de protecci\u00f3n de datos comparable al de la UE. Por ejemplo, las empresas estadounidenses est\u00e1n obligadas a entregar los datos personales a las autoridades de seguridad sin que usted, como interesado, pueda emprender acciones legales contra ello. Por lo tanto, no se puede descartar que las autoridades estadounidenses (por ejemplo, los servicios de inteligencia) procesen, eval\u00faen y almacenen permanentemente sus datos ubicados en servidores estadounidenses con fines de vigilancia. No tenemos ninguna influencia en estas actividades de procesamiento.<\/p>\n<h3>Revocaci\u00f3n de su consentimiento para el tratamiento de datos<\/h3>\n<p>Muchas operaciones de tratamiento de datos s\u00f3lo son posibles con su consentimiento expreso. Usted puede revocar el consentimiento que ya ha dado en cualquier momento. La legalidad del tratamiento de datos realizado hasta la revocaci\u00f3n no se ve afectada por \u00e9sta.<\/p>\n<h3>Derecho a oponerse a la recogida de datos en casos especiales y a la comercializaci\u00f3n directa (Art. 21 DSGVO)<\/h3>\n<p>SI EL TRATAMIENTO DE DATOS SE REALIZA SOBRE LA BASE DEL ART. 6 ABS. 1 LIT. E O F DSGVO, USTED TIENE DERECHO A OPONERSE AL TRATAMIENTO DE SUS DATOS PERSONALES EN CUALQUIER MOMENTO POR MOTIVOS DERIVADOS DE SU SITUACI\u00d3N PARTICULAR; ESTO TAMBI\u00c9N SE APLICA A LA ELABORACI\u00d3N DE PERFILES BASADOS EN ESTAS DISPOSICIONES. LA BASE LEGAL RESPECTIVA EN LA QUE SE BASA EL PROCESAMIENTO SE PUEDE ENCONTRAR EN ESTA DECLARACI\u00d3N DE PROTECCI\u00d3N DE DATOS. SI SE OPONE, DEJAREMOS DE TRATAR SUS DATOS PERSONALES A MENOS QUE PODAMOS DEMOSTRAR MOTIVOS LEG\u00cdTIMOS IMPERIOSOS PARA EL TRATAMIENTO QUE PREVALEZCAN SOBRE SUS INTERESES, DERECHOS Y LIBERTADES, O QUE EL TRATAMIENTO SE REALICE CON EL FIN DE HACER VALER, EJERCER O DEFENDER RECLAMACIONES LEGALES (OBJECI\u00d3N EN VIRTUD DEL ART\u00cdCULO 21, APARTADO 1, DE LA DSGVO).<\/p>\n<p>SI SUS DATOS PERSONALES SE PROCESAN CON FINES DE MARKETING DIRECTO, USTED TIENE DERECHO A OPONERSE EN CUALQUIER MOMENTO AL TRATAMIENTO DE LOS DATOS PERSONALES QUE LE CONCIERNEN CON FINES DE DICHO MARKETING; ESTO TAMBI\u00c9N SE APLICA A LA ELABORACI\u00d3N DE PERFILES EN LA MEDIDA EN QUE EST\u00c9 RELACIONADA CON DICHO MARKETING DIRECTO. SI SE OPONE, SUS DATOS PERSONALES DEJAR\u00c1N DE UTILIZARSE PARA FINES DE MARKETING DIRECTO (OBJECI\u00d3N DE CONFORMIDAD CON EL ART\u00cdCULO 21 (2) DE LA LEY ALEMANA DE PROTECCI\u00d3N DE DATOS).<\/p>\n<h3>Derecho de recurso ante la autoridad de control competente<\/h3>\n<p>En caso de infracci\u00f3n del RGPD, los interesados tendr\u00e1n derecho a recurrir a una autoridad de control, en particular en el Estado miembro de su residencia habitual, su lugar de trabajo o el lugar de la presunta infracci\u00f3n. El derecho de recurso se entiende sin perjuicio de cualquier otro recurso administrativo o judicial.<\/p>\n<h3>Lugar de jurisdicci\u00f3n:<\/h3>\n<p>Para todas las reclamaciones y litigios derivados de las relaciones contractuales, incluidos los procesos relativos a letras de cambio y documentos, se considera acordado el tribunal de distrito de Rosenheim.<\/p>\n<h3>Derecho a la portabilidad de los datos<\/h3>\n<p>Tiene derecho a que los datos que tratamos autom\u00e1ticamente sobre la base de su consentimiento o en cumplimiento de un contrato le sean entregados a usted o a un tercero en un formato com\u00fan y legible por m\u00e1quina. Si solicita la transferencia directa de los datos a otro responsable, s\u00f3lo se har\u00e1 en la medida en que sea t\u00e9cnicamente posible.<\/p>\n<h3>Cifrado SSL o TLS<\/h3>\n<p>Por razones de seguridad y para proteger la transmisi\u00f3n de contenido confidencial, como los pedidos o las consultas que usted nos env\u00eda como operador del sitio, este sitio utiliza el cifrado SSL o TLS. Puedes reconocer una conexi\u00f3n encriptada por el hecho de que la l\u00ednea de direcci\u00f3n del navegador cambia de \u00abhttp:\/\/\u00bb a \u00abhttps:\/\/\u00bb y por el s\u00edmbolo del candado en la l\u00ednea del navegador.<\/p>\n<p>Si el cifrado SSL o TLS est\u00e1 activado, los datos que nos transmita no podr\u00e1n ser le\u00eddos por terceros.<\/p>\n<h3>Informaci\u00f3n, supresi\u00f3n y correcci\u00f3n<\/h3>\n<p>En el marco de las disposiciones legales aplicables, usted tiene derecho en todo momento a la libre informaci\u00f3n sobre sus datos personales almacenados, su origen y destinatario y la finalidad del tratamiento de datos y, en su caso, el derecho a la correcci\u00f3n o supresi\u00f3n de estos datos. Puede ponerse en contacto con nosotros en cualquier momento con respecto a esta y otras cuestiones que pueda tener sobre el tema de los datos personales.<\/p>\n<h3>Derecho a la limitaci\u00f3n del tratamiento<\/h3>\n<p>Tiene derecho a solicitar la limitaci\u00f3n del tratamiento de sus datos personales. Para ello, puede ponerse en contacto con nosotros en cualquier momento. El derecho a la restricci\u00f3n del tratamiento existe en los siguientes casos:<\/p>\n<ul>\n<li>Si usted cuestiona la exactitud de sus datos personales almacenados por nosotros, normalmente necesitamos tiempo para comprobarlo. Mientras dure la verificaci\u00f3n, tiene derecho a solicitar la restricci\u00f3n del tratamiento de sus datos personales.<\/li>\n<li>Si el tratamiento de sus datos personales se ha producido o se est\u00e1 produciendo de forma ilegal, puede solicitar la limitaci\u00f3n del tratamiento de los datos en lugar de su supresi\u00f3n.<\/li>\n<li>Si ya no necesitamos sus datos personales, pero usted los necesita para ejercer, defender o hacer valer reclamaciones legales, tiene derecho a solicitar la limitaci\u00f3n del tratamiento de sus datos personales en lugar de su eliminaci\u00f3n.<\/li>\n<li>Si ha presentado una objeci\u00f3n de conformidad con el art\u00edculo 21 (1) de la DSGVO, se debe llevar a cabo una ponderaci\u00f3n de sus intereses y los nuestros. Mientras no se determine qu\u00e9 intereses prevalecen, usted tiene derecho a exigir la restricci\u00f3n del tratamiento de sus datos personales.<\/li>\n<\/ul>\n<p>Si usted ha restringido el tratamiento de sus datos personales, estos datos -adem\u00e1s de ser almacenados- s\u00f3lo podr\u00e1n ser tratados con su consentimiento o para la formulaci\u00f3n, el ejercicio o la defensa de reclamaciones judiciales o para la protecci\u00f3n de los derechos de otra persona f\u00edsica o jur\u00eddica o por razones de un inter\u00e9s p\u00fablico importante de la Uni\u00f3n Europea o de un Estado miembro.<\/p>\n<h3>Objeci\u00f3n a los correos electr\u00f3nicos publicitarios<\/h3>\n<p>Por la presente nos oponemos al uso de los datos de contacto publicados en el marco de la obligaci\u00f3n del pie de imprenta para el env\u00edo de material publicitario e informativo que no haya sido solicitado expresamente. Los operadores de las p\u00e1ginas se reservan expresamente el derecho a emprender acciones legales en caso de env\u00edo no solicitado de informaci\u00f3n publicitaria, por ejemplo, mediante correos electr\u00f3nicos basura.<\/p>\n<h2>4. Recogida de datos en este sitio web<\/h2>\n<h3>Formulario de contacto<\/h3>\n<p>Si nos env\u00eda consultas a trav\u00e9s del formulario de contacto, sus datos del formulario de consulta, incluidos los datos de contacto que proporcione all\u00ed, ser\u00e1n almacenados por nosotros con el fin de procesar la consulta y en caso de preguntas de seguimiento. No transmitimos estos datos sin su consentimiento.<\/p>\n<p>El tratamiento de estos datos se basa en el art. 6 (1) lit. b DSGVO si su solicitud est\u00e1 relacionada con la ejecuci\u00f3n de un contrato o es necesaria para la aplicaci\u00f3n de medidas precontractuales. En todos los dem\u00e1s casos, el tratamiento se basa en nuestro inter\u00e9s leg\u00edtimo en la tramitaci\u00f3n efectiva de las consultas dirigidas a nosotros (art. 6 (1) (f) DSGVO) o en su consentimiento (art. 6 (1) (a) DSGVO) si se ha solicitado; el consentimiento puede ser revocado en cualquier momento.<\/p>\n<p>Los datos que introduzca en el formulario de contacto permanecer\u00e1n con nosotros hasta que nos solicite que los eliminemos, revoque su consentimiento para almacenarlos o deje de ser aplicable la finalidad del almacenamiento de los datos (por ejemplo, despu\u00e9s de que hayamos terminado de procesar su consulta). Las disposiciones legales obligatorias -en particular los per\u00edodos de conservaci\u00f3n- no se ven afectadas.<\/p>\n<h3>Consulta por correo electr\u00f3nico o tel\u00e9fono<\/h3>\n<p>Si se pone en contacto con nosotros por correo electr\u00f3nico o por tel\u00e9fono, su consulta, incluyendo todos los datos personales resultantes (nombre, consulta), ser\u00e1 almacenada y procesada por nosotros con el fin de procesar su solicitud. No transmitimos estos datos sin su consentimiento.<\/p>\n<p>El tratamiento de estos datos se basa en el art. 6 (1) lit. b DSGVO si su solicitud est\u00e1 relacionada con la ejecuci\u00f3n de un contrato o es necesaria para la aplicaci\u00f3n de medidas precontractuales. En todos los dem\u00e1s casos, el tratamiento se basa en nuestro inter\u00e9s leg\u00edtimo en la tramitaci\u00f3n eficaz de las consultas que se nos dirigen (art. 6, p\u00e1rr. 1, letra f del DSGVO) o en su consentimiento (art. 6, p\u00e1rr. 1, letra a del DSGVO) si se ha solicitado; el consentimiento puede revocarse en cualquier momento.<\/p>\n<p>Los datos que nos env\u00ede a trav\u00e9s de las solicitudes de contacto permanecer\u00e1n con nosotros hasta que nos pida que los eliminemos, revoque su consentimiento para almacenarlos o el prop\u00f3sito de almacenar los datos ya no sea aplicable (por ejemplo, despu\u00e9s de que se haya procesado su solicitud). Las disposiciones legales obligatorias -en particular los periodos de conservaci\u00f3n legales- no se ven afectadas.<\/p>\n<h2>5. Herramientas de an\u00e1lisis y publicidad<\/h2>\n<h3>IONOS WebAnalytics<\/h3>\n<p>Este sitio web utiliza los servicios de an\u00e1lisis de IONOS WebAnalytics (en adelante: IONOS). El proveedor es 1&amp;1 IONOS SE, Elgendorfer Stra\u00dfe 57, D &#8211; 56410 Montabaur. Como parte de los an\u00e1lisis con IONOS, se puede analizar, entre otras cosas, el n\u00famero de visitantes y su comportamiento (por ejemplo, el n\u00famero de p\u00e1ginas vistas, la duraci\u00f3n de la visita a la p\u00e1gina web, el porcentaje de rebote), las fuentes de los visitantes (es decir, de qu\u00e9 p\u00e1gina procede el visitante), la ubicaci\u00f3n de los visitantes, as\u00ed como los datos t\u00e9cnicos (versiones del navegador y del sistema operativo). Para ello, IONOS almacena los siguientes datos en particular:<\/p>\n<ul>\n<li>Referente (sitio web previamente visitado)<\/li>\n<li>sitio web o archivo solicitado<\/li>\n<li>tipo de navegador y versi\u00f3n del mismo<\/li>\n<li>sistema operativo utilizado<\/li>\n<li>tipo de dispositivo utilizado<\/li>\n<li>hora de acceso<\/li>\n<li>Direcci\u00f3n IP de forma an\u00f3nima (s\u00f3lo se utiliza para determinar la ubicaci\u00f3n del acceso).<\/li>\n<\/ul>\n<p>Seg\u00fan IONOS, la recopilaci\u00f3n de datos es completamente an\u00f3nima, de modo que no puede ser rastreada hasta personas individuales. Las cookies no son almacenadas por IONOS WebAnalytics.<\/p>\n<p>El almacenamiento y el an\u00e1lisis de los datos se basan en el art\u00edculo 6, apartado 1, letra f del DSGVO. El operador del sitio web tiene un inter\u00e9s leg\u00edtimo en el an\u00e1lisis estad\u00edstico del comportamiento de los usuarios para optimizar tanto su sitio web como su publicidad. Si se ha solicitado el correspondiente consentimiento, el tratamiento se lleva a cabo exclusivamente sobre la base del art. 6 p\u00e1rr. 1 lit. a DSGVO y el art. 25 p\u00e1rr. 1 TTDSG, en la medida en que el consentimiento incluye el almacenamiento de cookies o el acceso a informaci\u00f3n en el dispositivo terminal del usuario (por ejemplo, la huella digital del dispositivo) en el sentido de la TTDSG. El consentimiento puede ser revocado en cualquier momento.<\/p>\n<p>Para m\u00e1s informaci\u00f3n sobre la recogida y el tratamiento de datos por parte de IONOS WebAnalytics, consulte la declaraci\u00f3n de protecci\u00f3n de datos de IONOS en el siguiente enlace:<\/p>\n<p>https:\/\/www.ionos.de\/terms-gtc\/index.php?id=6<\/p>\n<h3>Procesamiento de pedidos<\/h3>\n<p>Hemos celebrado un acuerdo de tramitaci\u00f3n de pedidos (AVV) con el mencionado proveedor. Se trata de un contrato exigido por la ley de protecci\u00f3n de datos, que garantiza que el proveedor s\u00f3lo procesa los datos personales de los visitantes de nuestro sitio web de acuerdo con nuestras instrucciones y en cumplimiento de la DSGVO.<\/p>\n<h3>Estad\u00edsticas de WP<\/h3>\n<p>Este sitio web utiliza la herramienta de an\u00e1lisis WP Statistics para evaluar estad\u00edsticamente el tr\u00e1fico de visitantes. El proveedor es Veronalabs, ARENCO Tower, 27th Floor, Dubai Media City, Dubai, Dubai 23816, UAE (https:\/\/veronalabs.com).<\/p>\n<p>WP Statistics nos permite analizar el uso de nuestro sitio web. WP Statistics recopila archivos de registro (direcci\u00f3n IP, referencia, navegador utilizado, origen del usuario, motor de b\u00fasqueda utilizado) y acciones que los visitantes del sitio web han realizado en la p\u00e1gina (por ejemplo, clics y visualizaciones), entre otras cosas.<\/p>\n<p>Los datos recogidos con WP Statistics se almacenan exclusivamente en nuestro propio servidor.<\/p>\n<p>El uso de esta herramienta de an\u00e1lisis se basa en el art\u00edculo 6, apartado 1, letra f de la DSGVO. Tenemos un inter\u00e9s leg\u00edtimo en el an\u00e1lisis an\u00f3nimo del comportamiento de los usuarios para optimizar tanto nuestro sitio web como nuestra publicidad. En la medida en que se haya solicitado el correspondiente consentimiento, el tratamiento se lleva a cabo exclusivamente sobre la base del art. 6, p\u00e1rr. 1 lit. a de la DSGVO y del art. 25, p\u00e1rr. 1 de la TTDSG, en la medida en que el consentimiento incluya el almacenamiento de cookies o el acceso a informaci\u00f3n en el dispositivo terminal del usuario (por ejemplo, la huella digital del dispositivo) en el sentido de la TTDSG. El consentimiento puede ser revocado en cualquier momento.<\/p>\n<h2>6. Plugins y herramientas<\/h2>\n<h3>Font Awesome<\/h3>\n<p>Este sitio utiliza Font Awesome para la visualizaci\u00f3n uniforme de fuentes y s\u00edmbolos. El proveedor es Fonticons, Inc, 6 Porter Road Apartment 3R, Cambridge, Massachusetts, USA.<\/p>\n<p>Cuando se abre una p\u00e1gina, el navegador carga las fuentes necesarias en su cach\u00e9 para poder mostrar correctamente los textos, las fuentes y los s\u00edmbolos. Para ello, el navegador que utilice debe conectarse a los servidores de Font Awesome. Esto permite a Font Awesome saber que su direcci\u00f3n IP ha sido utilizada para acceder a este sitio web. El uso de Font Awesome se basa en el Art. 6 p\u00e1rrafo 1 lit. f DSGVO. Tenemos un inter\u00e9s leg\u00edtimo en la presentaci\u00f3n uniforme del tipo de letra en nuestro sitio web. En la medida en que se haya solicitado el correspondiente consentimiento, el tratamiento se lleva a cabo exclusivamente sobre la base del art. 6, p\u00e1rr. 1 lit. a de la DSGVO y del art. 25, p\u00e1rr. 1 de la TTDSG, en la medida en que el consentimiento incluya el almacenamiento de cookies o el acceso a informaci\u00f3n en el dispositivo terminal del usuario (por ejemplo, la huella digital del dispositivo) en el sentido de la TTDSG. El consentimiento puede ser revocado en cualquier momento.<\/p>\n<p>Si su navegador no soporta Font Awesome, su ordenador utilizar\u00e1 una fuente est\u00e1ndar.<\/p>\n<p>Puede encontrar m\u00e1s informaci\u00f3n sobre Font Awesome y en la pol\u00edtica de privacidad de Font Awesome en: https:\/\/fontawesome.com\/privacy.<\/p>\n","protected":false},"excerpt":{"rendered":"<p>1. La protecci\u00f3n de datos en un vistazo Informaci\u00f3n general La siguiente informaci\u00f3n ofrece una visi\u00f3n general de lo que ocurre con sus datos personales cuando visita este sitio web. Los datos personales son cualquier dato por el que se le pueda identificar personalmente. Para obtener informaci\u00f3n m\u00e1s detallada sobre la protecci\u00f3n de datos, consulte &#8230; <a title=\"La protecci\u00f3n de datos\" class=\"read-more\" href=\"https:\/\/experiments.school\/es\/1631-2\/\" aria-label=\"Leer m\u00e1s sobre La protecci\u00f3n de datos\">Leer m\u00e1s<\/a><\/p>\n","protected":false},"author":1,"featured_media":0,"parent":0,"menu_order":0,"comment_status":"closed","ping_status":"closed","template":"","meta":{"footnotes":""},"class_list":["post-1631","page","type-page","status-publish"],"_links":{"self":[{"href":"https:\/\/experiments.school\/es\/wp-json\/wp\/v2\/pages\/1631","targetHints":{"allow":["GET"]}}],"collection":[{"href":"https:\/\/experiments.school\/es\/wp-json\/wp\/v2\/pages"}],"about":[{"href":"https:\/\/experiments.school\/es\/wp-json\/wp\/v2\/types\/page"}],"author":[{"embeddable":true,"href":"https:\/\/experiments.school\/es\/wp-json\/wp\/v2\/users\/1"}],"replies":[{"embeddable":true,"href":"https:\/\/experiments.school\/es\/wp-json\/wp\/v2\/comments?post=1631"}],"version-history":[{"count":1,"href":"https:\/\/experiments.school\/es\/wp-json\/wp\/v2\/pages\/1631\/revisions"}],"predecessor-version":[{"id":1632,"href":"https:\/\/experiments.school\/es\/wp-json\/wp\/v2\/pages\/1631\/revisions\/1632"}],"wp:attachment":[{"href":"https:\/\/experiments.school\/es\/wp-json\/wp\/v2\/media?parent=1631"}],"curies":[{"name":"wp","href":"https:\/\/api.w.org\/{rel}","templated":true}]}}