{"id":1594,"date":"2022-07-07T17:15:04","date_gmt":"2022-07-07T15:15:04","guid":{"rendered":"https:\/\/experiments.school\/ueber-unser-projekt\/"},"modified":"2022-07-08T17:52:41","modified_gmt":"2022-07-08T15:52:41","slug":"ueber-unser-projekt","status":"publish","type":"page","link":"https:\/\/experiments.school\/es\/ueber-unser-projekt\/","title":{"rendered":"Nuestro proyecto"},"content":{"rendered":"<h2>Equipo:<\/h2>\n<p>Somos un grupo internacional de profesores de f\u00edsica, estudiantes de f\u00edsica y alumnos de secundaria.<\/p>\n<p><strong>\u00a1Los miembros adicionales son muy bienvenidos!<\/strong><\/p>\n<h2>Contacto:<\/h2>\n<p>Agradecemos cualquier pregunta, opini\u00f3n y comentario. Para ello, utilice la direcci\u00f3n de correo electr\u00f3nico <strong>guenther-osswald@t-online.de<\/strong>.<\/p>\n<h2>Colaboraci\u00f3n en el proyecto:<\/h2>\n<p>Buscamos constantemente m\u00e1s colaboradores de diferentes pa\u00edses.<\/p>\n<p>La principal tarea en este momento es crear v\u00eddeos de experimentos adecuados.<\/p>\n<p>Se requieren conocimientos de ingl\u00e9s, espa\u00f1ol, franc\u00e9s o alem\u00e1n.<\/p>\n<p>La remuneraci\u00f3n del trabajo seg\u00fan las normas nacionales habituales es posible.<\/p>\n<h2>Contenido del sitio web:<\/h2>\n<p>El sitio web contiene una colecci\u00f3n de instrucciones sobre experimentos de f\u00edsica para la ense\u00f1anza. Su objetivo es permitir a los profesores de f\u00edsica en particular, pero tambi\u00e9n a los alumnos interesados en la f\u00edsica, llevar a cabo experimentos significativos. Los materiales utilizados son f\u00e1ciles de obtener, ya que suelen estar disponibles en la vida cotidiana o pueden comprarse por poco dinero en las tiendas locales. Ocasionalmente, tambi\u00e9n se utilizan juegos de experimentos ya preparados, que se pueden adquirir a bajo coste en los comercios de Internet.<\/p>\n<h2>Estructura del sitio web:<\/h2>\n<p>El sitio web est\u00e1 estructurado de forma similar a una tienda web. Los productos apropiados (instrucciones de los experimentos) se pueden encontrar a trav\u00e9s de los criterios de selecci\u00f3n (por ejemplo, el \u00e1rea de la f\u00edsica). Cada manual contiene una imagen caracter\u00edstica por la que se puede reconocer r\u00e1pidamente. A continuaci\u00f3n, se muestra un v\u00eddeo con el montaje y la realizaci\u00f3n del experimento. Hemos hecho todos estos v\u00eddeos nosotros mismos. A continuaci\u00f3n, las instrucciones en forma de texto.<\/p>\n<p><strong>Introducci\u00f3n a:<\/strong><\/p>\n<p>Aqu\u00ed se indica de qu\u00e9 temas f\u00edsicos se ocupa el experimento.<\/p>\n<p><strong>Materiales:<\/strong><\/p>\n<p>Aqu\u00ed se enumeran los materiales necesarios para llevar a cabo el experimento. Las alternativas se indican con una barra inclinada \/.<\/p>\n<p><strong>Preparado:<\/strong><\/p>\n<p>&#8230; describe el montaje experimental<\/p>\n<p><strong>Ejecuci\u00f3n:<\/strong><\/p>\n<p>&#8230; describe los pasos necesarios para llevar a cabo el experimento<\/p>\n<p><strong>Instrucciones:<\/strong><\/p>\n<p>Aqu\u00ed no se distingue entre montaje y ejecuci\u00f3n. Los dos se mezclan.<\/p>\n<p><strong>Observaci\u00f3n:<\/strong><\/p>\n<p>Aqu\u00ed se indica lo que se puede ver, o\u00edr, oler, sentir o posiblemente medir.<\/p>\n<p><strong>Consejos:<\/strong><\/p>\n<p>&#8230; Sugerencias para que el experimento tenga m\u00e1s \u00e9xito<\/p>\n<p><strong>Explicaci\u00f3n:<\/strong><\/p>\n<p>&#8230; proporciona pistas sobre la comprensi\u00f3n f\u00edsica del experimento a partir de las teor\u00edas f\u00edsicas<\/p>\n<p><strong>Potencial did\u00e1ctico:<\/strong><\/p>\n<p>&#8230; muestra los contenidos de aprendizaje que pueden desarrollarse con el experimento<\/p>\n<p>&#8230; Ofrece una perspectiva de los contextos posteriores<\/p>\n<h2>Nuestra filosof\u00eda:<\/h2>\n<p>Creemos que se puede influir positivamente en el curso de la historia a trav\u00e9s de la educaci\u00f3n mundial.<\/p>\n<p>Cuanto m\u00e1s sepa la gente sobre las conexiones f\u00edsicas, m\u00e1s conciencia se aportar\u00e1 al mundo.<\/p>\n<p>La educaci\u00f3n en general debe ser lo m\u00e1s hol\u00edstica posible, involucrando la cabeza, el coraz\u00f3n y la mano.<\/p>\n<p>La educaci\u00f3n debe estar al alcance de todos los habitantes del planeta. Queremos apoyar especialmente a las escuelas y los profesores de los pa\u00edses en desarrollo que tienen pocos recursos.<\/p>\n<p>Por lo tanto, nuestros experimentos deben ser de bajo coste: \u00abExperimentos de bajo coste\u00bb.<\/p>\n<p>Las instrucciones tambi\u00e9n deben ser comprensibles para los profesores que no tienen ni grandes conocimientos de f\u00edsica ni grandes habilidades para la experimentaci\u00f3n pr\u00e1ctica.<\/p>\n<p>Elegimos la f\u00edsica como contenido de aprendizaje porque es una ciencia natural fundamental y la base de toda la tecnolog\u00eda moderna.<\/p>\n<p>Creemos en la cocreaci\u00f3n, en la colaboraci\u00f3n de personas de diferentes pa\u00edses y culturas. Por ello, los nuevos colaboradores son siempre bienvenidos.<\/p>\n<h2>Nuestros objetivos:<\/h2>\n<ul>\n<li>crear una base de datos lo m\u00e1s amplia posible para los experimentos escolares de f\u00edsica<\/li>\n<li>la mayor difusi\u00f3n posible de estos experimentos en las escuelas de todo el mundo<\/li>\n<li>el bienestar de nuestro personal<\/li>\n<li>la autonom\u00eda financiera de nuestro proyecto<\/li>\n<\/ul>\n<h2>Modelo de negocio:<\/h2>\n<p>Nuestro modelo de negocio sigue abierto, ya que estamos muy al principio del proyecto. Seguimos viendo este sitio web como un prototipo.<\/p>\n<h2>No hay tienda web:<\/h2>\n<p><strong>Este sitio web no es una tienda virtual.<\/strong><\/p>\n<p><strong>No se puede pedir material experimental.<\/strong><\/p>\n<p>Nos referimos al comercio local y a la venta por correo en Internet.paginaci\u00f3n<\/p>\n<h2>Seguridad al experimentar<\/h2>\n<p>Nosotros mismos hemos realizado todos los experimentos que hemos publicado y los consideramos seguros.<\/p>\n<p>Sin embargo, la realizaci\u00f3n de experimentos puede suponer un peligro para la vida y la integridad f\u00edsica.<\/p>\n<p><strong>Algunos ejemplos:<\/strong><\/p>\n<ul>\n<li>Lesiones en la retina al experimentar con luz l\u00e1ser<\/li>\n<li>Lesiones debidas al uso incorrecto de las herramientas<\/li>\n<li>Peligro por equipos el\u00e9ctricos defectuosos<\/li>\n<li>un ni\u00f1o peque\u00f1o se traga un objeto afilado<\/li>\n<\/ul>\n<p>Intentamos evitar el material potencialmente peligroso en nuestros experimentos.<\/p>\n<p><strong>No aceptamos ning\u00fan tipo de responsabilidad por los accidentes que se produzcan al experimentar seg\u00fan nuestras instrucciones.<\/strong><\/p>\n<p>Recomendamos que los experimentos se realicen siempre con precauci\u00f3n y conciencia del peligro.<\/p>\n","protected":false},"excerpt":{"rendered":"<p>Equipo: Somos un grupo internacional de profesores de f\u00edsica, estudiantes de f\u00edsica y alumnos de secundaria. \u00a1Los miembros adicionales son muy bienvenidos! Contacto: Agradecemos cualquier pregunta, opini\u00f3n y comentario. Para ello, utilice la direcci\u00f3n de correo electr\u00f3nico guenther-osswald@t-online.de. Colaboraci\u00f3n en el proyecto: Buscamos constantemente m\u00e1s colaboradores de diferentes pa\u00edses. La principal tarea en este momento &#8230; <a title=\"Nuestro proyecto\" class=\"read-more\" href=\"https:\/\/experiments.school\/es\/ueber-unser-projekt\/\" aria-label=\"Leer m\u00e1s sobre Nuestro proyecto\">Leer m\u00e1s<\/a><\/p>\n","protected":false},"author":1,"featured_media":0,"parent":0,"menu_order":0,"comment_status":"closed","ping_status":"closed","template":"","meta":{"footnotes":""},"class_list":["post-1594","page","type-page","status-publish"],"_links":{"self":[{"href":"https:\/\/experiments.school\/es\/wp-json\/wp\/v2\/pages\/1594","targetHints":{"allow":["GET"]}}],"collection":[{"href":"https:\/\/experiments.school\/es\/wp-json\/wp\/v2\/pages"}],"about":[{"href":"https:\/\/experiments.school\/es\/wp-json\/wp\/v2\/types\/page"}],"author":[{"embeddable":true,"href":"https:\/\/experiments.school\/es\/wp-json\/wp\/v2\/users\/1"}],"replies":[{"embeddable":true,"href":"https:\/\/experiments.school\/es\/wp-json\/wp\/v2\/comments?post=1594"}],"version-history":[{"count":1,"href":"https:\/\/experiments.school\/es\/wp-json\/wp\/v2\/pages\/1594\/revisions"}],"predecessor-version":[{"id":1623,"href":"https:\/\/experiments.school\/es\/wp-json\/wp\/v2\/pages\/1594\/revisions\/1623"}],"wp:attachment":[{"href":"https:\/\/experiments.school\/es\/wp-json\/wp\/v2\/media?parent=1594"}],"curies":[{"name":"wp","href":"https:\/\/api.w.org\/{rel}","templated":true}]}}